{"id":7493,"date":"2025-12-08T17:17:09","date_gmt":"2025-12-08T20:17:09","guid":{"rendered":"https:\/\/jundiai.sp.gov.br\/administracao-e-gestao-de-pessoas\/?page_id=7493"},"modified":"2025-12-09T09:54:43","modified_gmt":"2025-12-09T12:54:43","slug":"registro-em-orgao-de-classe","status":"publish","type":"page","link":"https:\/\/jundiai.sp.gov.br\/administracao-e-gestao-de-pessoas\/gestao-de-pessoas-orienta\/registro-em-orgao-de-classe\/","title":{"rendered":"REGISTRO EM \u00d3RG\u00c3O DE CLASSE"},"content":{"rendered":"\n<p><strong>O que \u00e9?<\/strong><\/p>\n\n\n\n<p>\u00c9 a exig\u00eancia de que determinados cargos p\u00fablicos, conforme descrito no Plano de Cargos, Sal\u00e1rios e Vencimentos da Prefeitura de Jundia\u00ed, mantenham registro ativo e regular em seu respectivo \u00f3rg\u00e3o de classe como condi\u00e7\u00e3o obrigat\u00f3ria para a posse e o exerc\u00edcio das atribui\u00e7\u00f5es do cargo.<\/p>\n\n\n\n<p><strong>Quem deve cumprir?<\/strong><\/p>\n\n\n\n<p>Devem cumprir esta exig\u00eancia todos os servidores cujos cargos possuam descri\u00e7\u00e3o funcional que prev\u00ea, expressamente, a obrigatoriedade de registro profissional junto ao respectivo conselho ou ordem de classe (ex.: CRM, CRF, CREA, CRO, etc.).\u00a0A comprova\u00e7\u00e3o de registro ativo e regular, conforme previsto na Instru\u00e7\u00e3o Normativa SMAGP n\u00ba 08\/2025, aplica-se a todos os servidores cujo cargo exige habilita\u00e7\u00e3o profissional espec\u00edfica para o exerc\u00edcio de suas atribui\u00e7\u00f5es. \u00a0<\/p>\n\n\n\n<p><strong>Como comprovar?<br><\/strong><br>A comprova\u00e7\u00e3o do registro ativo e regular dever\u00e1 ser apresentada anualmente, no per\u00edodo do Recadastramento Anual de Servidores, realizado nos meses de maio e junho, conforme Decreto Municipal n\u00ba 26.885\/2017, com altera\u00e7\u00f5es do Decreto n\u00ba 29.634\/2021.<\/p>\n\n\n\n<p><strong>Como atualizar o Registro de Classe?<br><\/strong><br>A atualiza\u00e7\u00e3o do registro de classe deve ser realizada diretamente pelo servidor no Portal do Servidor, dispon\u00edvel em:&nbsp;<a href=\"https:\/\/portaldoservidor.jundiai.sp.gov.br\/\" target=\"_blank\" rel=\"noreferrer noopener\">https:\/\/portaldoservidor.jundiai.sp.gov.br<\/a><\/p>\n\n\n\n<p><strong>O que acontece se o servidor n\u00e3o apresentar a comprova\u00e7\u00e3o?<\/strong><\/p>\n\n\n\n<p>O n\u00e3o atendimento da exig\u00eancia poder\u00e1 acarretar:<br>\u2013 A impossibilidade de desempenho das atribui\u00e7\u00f5es do cargo, em raz\u00e3o da aus\u00eancia de habilita\u00e7\u00e3o legal;<br>\u2013 A ado\u00e7\u00e3o das medidas administrativas previstas no art. 44 do Estatuto Funcional (LC n\u00ba 499\/2010), incluindo afastamento do exerc\u00edcio com preju\u00edzo da remunera\u00e7\u00e3o at\u00e9 a regulariza\u00e7\u00e3o;<br>\u2013 Aplica\u00e7\u00e3o das responsabilidades e penalidades previstas nos arts. 128 e 138 da LC n\u00ba 499\/2010, quando caracterizada a\u00e7\u00e3o ou omiss\u00e3o que torne o servidor inabilitado para o exerc\u00edcio do cargo.<\/p>\n\n\n\n<p><strong>Onde enviar d\u00favidas ou solicitar orienta\u00e7\u00f5es?<br><\/strong><br>E-mail:&nbsp;<a href=\"mailto:recadastraservidor@jundiai.sp.gov.br\" target=\"_blank\" rel=\"noreferrer noopener\">recadastraservidor@jundiai.sp.gov.br<\/a><\/p>\n\n\n\n<p><strong>Qual a legisla\u00e7\u00e3o que trata do assunto?<br><\/strong><br>\u2013 Lei n\u00b07.827\/2012 &#8211; Plano de Cargos, Sal\u00e1rios e Vencimentos (Anexo XVIII) <br><a href=\"https:\/\/sapl.jundiai.sp.leg.br\/sapl_documentos\/norma_juridica\/7799_texto_consolidado.pdf\">Dispon\u00edvel aqui <\/a><br><br>\u2013 Lei Complementar n\u00b0499\/2010- Estatuto dos Funcion\u00e1rios P\u00fablicos do Munic\u00edpio de Jundia\u00ed (arts.44, 128 e 138) <br><a href=\"https:\/\/sapl.jundiai.sp.leg.br\/sapl_documentos\/norma_juridica\/8545_texto_consolidado.pdf\">Dispon\u00edvel aqui<\/a> <br><br>\u2013 Decreto Municipal n\u00b026.885\/2017 &#8211; Recadastramento Anual de Servidores <br><a href=\"https:\/\/jundiai.sp.gov.br\/administracao-e-gestao-de-pessoas\/wp-content\/uploads\/sites\/16\/2017\/05\/Decreto-n%C2%BA-26.885-Recadastramento-anual.pdf\">Dispon\u00edvel aqui<\/a> <br><br>\u2013 Decreto n\u00ba 29.634\/2021 \u2013 Altera\u00e7\u00f5es no recadastramento.<br><a href=\"https:\/\/jundiai.sp.gov.br\/administracao-e-gestao-de-pessoas\/wp-content\/uploads\/sites\/16\/2021\/04\/29-634.pdf\">Dispon\u00edvel aqui <\/a><br><br>\u2013 Instru\u00e7\u00e3o Normativa SMAGP n\u00ba 08, de 05 de novembro de 2025.<br><a href=\"https:\/\/jundiai.sp.gov.br\/administracao-e-gestao-de-pessoas\/wp-content\/uploads\/sites\/16\/2025\/11\/iom-5729-instrucao-normativa-smagp-no-08-de-05-de-novembro-de-2025-1.pdf\">Dispon\u00edvel aqui <\/a><\/p>\n","protected":false},"excerpt":{"rendered":"<p>O que \u00e9? \u00c9 a exig\u00eancia de que determinados cargos p\u00fablicos, conforme descrito no Plano de Cargos, Sal\u00e1rios e Vencimentos da Prefeitura de Jundia\u00ed, mantenham registro ativo e regular em seu respectivo \u00f3rg\u00e3o de classe como condi\u00e7\u00e3o obrigat\u00f3ria para a posse e o exerc\u00edcio das atribui\u00e7\u00f5es do cargo. Quem deve cumprir? Devem cumprir esta exig\u00eancia [&hellip;]<\/p>\n","protected":false},"author":129,"featured_media":0,"parent":2384,"menu_order":0,"comment_status":"closed","ping_status":"closed","template":"","meta":{"footnotes":""},"class_list":["post-7493","page","type-page","status-publish","hentry"],"_links":{"self":[{"href":"https:\/\/jundiai.sp.gov.br\/administracao-e-gestao-de-pessoas\/wp-json\/wp\/v2\/pages\/7493","targetHints":{"allow":["GET"]}}],"collection":[{"href":"https:\/\/jundiai.sp.gov.br\/administracao-e-gestao-de-pessoas\/wp-json\/wp\/v2\/pages"}],"about":[{"href":"https:\/\/jundiai.sp.gov.br\/administracao-e-gestao-de-pessoas\/wp-json\/wp\/v2\/types\/page"}],"author":[{"embeddable":true,"href":"https:\/\/jundiai.sp.gov.br\/administracao-e-gestao-de-pessoas\/wp-json\/wp\/v2\/users\/129"}],"replies":[{"embeddable":true,"href":"https:\/\/jundiai.sp.gov.br\/administracao-e-gestao-de-pessoas\/wp-json\/wp\/v2\/comments?post=7493"}],"version-history":[{"count":5,"href":"https:\/\/jundiai.sp.gov.br\/administracao-e-gestao-de-pessoas\/wp-json\/wp\/v2\/pages\/7493\/revisions"}],"predecessor-version":[{"id":7500,"href":"https:\/\/jundiai.sp.gov.br\/administracao-e-gestao-de-pessoas\/wp-json\/wp\/v2\/pages\/7493\/revisions\/7500"}],"up":[{"embeddable":true,"href":"https:\/\/jundiai.sp.gov.br\/administracao-e-gestao-de-pessoas\/wp-json\/wp\/v2\/pages\/2384"}],"wp:attachment":[{"href":"https:\/\/jundiai.sp.gov.br\/administracao-e-gestao-de-pessoas\/wp-json\/wp\/v2\/media?parent=7493"}],"curies":[{"name":"wp","href":"https:\/\/api.w.org\/{rel}","templated":true}]}}