{"id":7509,"date":"2025-12-23T15:04:35","date_gmt":"2025-12-23T18:04:35","guid":{"rendered":"https:\/\/jundiai.sp.gov.br\/administracao-e-gestao-de-pessoas\/?page_id=7509"},"modified":"2025-12-23T16:58:29","modified_gmt":"2025-12-23T19:58:29","slug":"compensacao-de-emendas-de-feriados","status":"publish","type":"page","link":"https:\/\/jundiai.sp.gov.br\/administracao-e-gestao-de-pessoas\/gestao-de-pessoas-orienta\/compensacao-de-emendas-de-feriados\/","title":{"rendered":"COMPENSA\u00c7\u00c3O DE EMENDAS DE FERIADOS"},"content":{"rendered":"\n<p><strong>O que \u00e9?<\/strong><br><strong><br><\/strong>A compensa\u00e7\u00e3o anual de emendas \u00e9&nbsp;a rotina&nbsp;que estabelece que, nos dias de emenda de feriado em que n\u00e3o h\u00e1 expediente, as horas n\u00e3o trabalhadas devem ser compensadas pelo servidor ao longo do ano, garantindo o cumprimento da jornada de trabalho prevista.<\/p>\n\n\n\n<p>Ela permite que&nbsp;os servidores usufruam os feriados prolongados (segundas e sextas-feiras que&nbsp;antecederem ou sucederem dias declarados feriados e pontos facultativos), conforme o decreto&nbsp;publicado&nbsp;para o ano vigente.&nbsp;<br><br><strong>Quem deve compensar?<\/strong><br><strong><br><\/strong>Todos os servidores que registram a frequ\u00eancia, inclusive&nbsp;os&nbsp;cedidos de outros \u00f3rg\u00e3os que prestam servi\u00e7os na Prefeitura.<\/p>\n\n\n\n<p>A compensa\u00e7\u00e3o n\u00e3o se aplica aos servidores que prestam servi\u00e7os a outros \u00f3rg\u00e3os municipais, estaduais e federais&nbsp;(que n\u00e3o marcam ponto eletr\u00f4nico);&nbsp;e aos que trabalham no Poupatempo.<br><br><strong>Como funciona?<\/strong><br><br>As horas ser\u00e3o computadas&nbsp;para o banco de compensa\u00e7\u00e3o anual&nbsp;somente quando&nbsp;ultrapassarem 15 minutos al\u00e9m do hor\u00e1rio de expediente, no in\u00edcio ou no fim da jornada.&nbsp;E&nbsp;ser\u00e3o&nbsp;registradas&nbsp;na propor\u00e7\u00e3o 1&#215;1.&nbsp;&nbsp;<\/p>\n\n\n\n<p><strong>Importante:<\/strong><br><br>\u00c9 permitido&nbsp;o&nbsp;lan\u00e7amento de abono nas&nbsp;datas das&nbsp;emendas,&nbsp;sendo:<\/p>\n\n\n\n<ul class=\"wp-block-list\">\n<li>Apenas afastamentos por licen\u00e7a, f\u00e9rias (regulares ou pr\u00eamio), abonadas ou abono eleitoral ser\u00e3o aceitos.<\/li>\n\n\n\n<li>Atestados m\u00e9dicos emitidos exclusivamente para o dia de emenda n\u00e3o ser\u00e3o aceitos.<\/li>\n\n\n\n<li>Doa\u00e7\u00e3o de sangue n\u00e3o ser\u00e1 v\u00e1lida para justificar aus\u00eancia de emendas.<\/li>\n<\/ul>\n\n\n\n<p>As horas trabalhadas&nbsp;nas emendas&nbsp;n\u00e3o configuram horas extras, exceto quando realizadas fora do hor\u00e1rio regular de expediente.&nbsp;&nbsp;<\/p>\n\n\n\n<p><strong>Como consultar o saldo do Banco de Compensa\u00e7\u00e3o Anual?<\/strong><\/p>\n\n\n\n<p>No Portal do Servidor,&nbsp;na tela inicial, em &#8220;Acesso R\u00e1pido&#8221;, clicar no \u00edcone \u201cBanco de Horas&#8221;.<\/p>\n\n\n\n<p>Nessa tela \u00e9 poss\u00edvel consultar o Cart\u00e3o de Ponto e Saldo do Banco de Horas, conforme o m\u00eas de refer\u00eancia.<br><br><strong>A quem recorrer sobre d\u00favidas quanto ao Banco&nbsp;de Compensa\u00e7\u00e3o Anual&nbsp;<\/strong><br><br>Inicialmente o servidor deve procurar o Respons\u00e1vel de Pessoal da pasta. Caso a d\u00favida persista, entrar em contato, com a SMAGP\/Divis\u00e3o de Ponto e Frequ\u00eancia, preferencialmente, por e-mail:&nbsp;<a href=\"mailto:ugagp_dpf@jundiai.sp.gov.br\" target=\"_blank\" rel=\"noreferrer noopener\">ugagp_dpf@jundiai.sp.gov.br<\/a><br><br><strong>Servidores em escala 12&#215;36:<\/strong><br><br>Conforme o art. 4\u00ba, \u00a7 2\u00ba, servidores de plant\u00e3o que utilizarem banco de horas em datas de emenda dever\u00e3o registr\u00e1-las no banco de compensa\u00e7\u00e3o anual.<\/p>\n\n\n\n<p><strong>Contato: Divis\u00e3o de Ponto e Frequ\u00eancia \u2013 4589-8745 e 4589-8743<br><\/strong><br><strong>Qual a\u00a0Legisla\u00e7\u00e3o que trata do assunto?\u00a0<br><\/strong><br>Decreto 35.682\/2025 \u2013 Disp\u00f5e sobre o funcionamento das reparti\u00e7\u00f5es p\u00fablicas municipais no exerc\u00edcio de 2026. <a href=\"http:\/\/chrome-extension:\/\/efaidnbmnnnibpcajpcglclefindmkaj\/https:\/\/jundiai.sp.gov.br\/a-cidade\/wp-content\/uploads\/sites\/31\/2025\/12\/sei_2738970_decreto_n__35-682__de_06_de_novembro_de_2025-1.pdf\">Dispon\u00edvel aqui<\/a>.\u00a0<\/p>\n","protected":false},"excerpt":{"rendered":"<p>O que \u00e9?A compensa\u00e7\u00e3o anual de emendas \u00e9&nbsp;a rotina&nbsp;que estabelece que, nos dias de emenda de feriado em que n\u00e3o h\u00e1 expediente, as horas n\u00e3o trabalhadas devem ser compensadas pelo servidor ao longo do ano, garantindo o cumprimento da jornada de trabalho prevista. Ela permite que&nbsp;os servidores usufruam os feriados prolongados (segundas e sextas-feiras que&nbsp;antecederem [&hellip;]<\/p>\n","protected":false},"author":129,"featured_media":0,"parent":2384,"menu_order":0,"comment_status":"closed","ping_status":"closed","template":"","meta":{"footnotes":""},"class_list":["post-7509","page","type-page","status-publish","hentry"],"_links":{"self":[{"href":"https:\/\/jundiai.sp.gov.br\/administracao-e-gestao-de-pessoas\/wp-json\/wp\/v2\/pages\/7509","targetHints":{"allow":["GET"]}}],"collection":[{"href":"https:\/\/jundiai.sp.gov.br\/administracao-e-gestao-de-pessoas\/wp-json\/wp\/v2\/pages"}],"about":[{"href":"https:\/\/jundiai.sp.gov.br\/administracao-e-gestao-de-pessoas\/wp-json\/wp\/v2\/types\/page"}],"author":[{"embeddable":true,"href":"https:\/\/jundiai.sp.gov.br\/administracao-e-gestao-de-pessoas\/wp-json\/wp\/v2\/users\/129"}],"replies":[{"embeddable":true,"href":"https:\/\/jundiai.sp.gov.br\/administracao-e-gestao-de-pessoas\/wp-json\/wp\/v2\/comments?post=7509"}],"version-history":[{"count":3,"href":"https:\/\/jundiai.sp.gov.br\/administracao-e-gestao-de-pessoas\/wp-json\/wp\/v2\/pages\/7509\/revisions"}],"predecessor-version":[{"id":7513,"href":"https:\/\/jundiai.sp.gov.br\/administracao-e-gestao-de-pessoas\/wp-json\/wp\/v2\/pages\/7509\/revisions\/7513"}],"up":[{"embeddable":true,"href":"https:\/\/jundiai.sp.gov.br\/administracao-e-gestao-de-pessoas\/wp-json\/wp\/v2\/pages\/2384"}],"wp:attachment":[{"href":"https:\/\/jundiai.sp.gov.br\/administracao-e-gestao-de-pessoas\/wp-json\/wp\/v2\/media?parent=7509"}],"curies":[{"name":"wp","href":"https:\/\/api.w.org\/{rel}","templated":true}]}}