{"id":6,"date":"2017-09-18T10:10:19","date_gmt":"2017-09-18T13:10:19","guid":{"rendered":"https:\/\/jundiai.sp.gov.br\/adocaodeanimais\/?page_id=6"},"modified":"2020-12-16T15:05:24","modified_gmt":"2020-12-16T18:05:24","slug":"informacoes-sobre-adocao-de-animais","status":"publish","type":"page","link":"https:\/\/jundiai.sp.gov.br\/adocaodeanimais\/","title":{"rendered":"Informa\u00e7\u00f5es sobre ado\u00e7\u00e3o de animais"},"content":{"rendered":"\n<p>O <a href=\"https:\/\/jundiai.sp.gov.br\/planejamento-e-meio-ambiente\/departamento-do-bem-estar-animal\/\">DEBEA &#8211; Departamento do Bem Estar Animal<\/a> \u00e9 um \u00f3rg\u00e3o da Prefeitura vinculado \u00e0 Unidade de Planejamento Urbano e Meio Ambiente, executor de a\u00e7\u00f5es que estimulam a guarda respons\u00e1vel dos animais dom\u00e9sticos.<\/p>\n\n\n\n<p>No abrigo do Debea ficam c\u00e3es e gatos \u00e0 espera de ado\u00e7\u00e3o respons\u00e1vel. Todos os animais est\u00e3o castrados, vacinados e microchipados.<\/p>\n\n\n\n<p>Para adotar um animal, os interessados podem procurar o Departamento na rua Abra\u00e3o Farr\u00e3o, n\u00ba 8 \u2013 Ch\u00e1cara S\u00e3o Francisco, de segunda a sexta-feira, das 9h \u00e0s 11h e das 14h \u00e0s 16h, munidos de RG, CPF e comprovante de resid\u00eancia.<\/p>\n\n\n\n<p>O telefone para contato \u00e9 (11) 4582-2649.<\/p>\n\n\n\n<p><a href=\"https:\/\/jundiai.sp.gov.br\/adocaodeanimais\/animais\/cachorros\/\">Conhe\u00e7a os cachorros<\/a><\/p>\n\n\n\n<p><a href=\"https:\/\/jundiai.sp.gov.br\/adocaodeanimais\/animais\/gatos\/\">Conhe\u00e7a os gatos<\/a><\/p>\n","protected":false},"excerpt":{"rendered":"<p>O DEBEA &#8211; Departamento do Bem Estar Animal \u00e9 um \u00f3rg\u00e3o da Prefeitura vinculado \u00e0 Unidade de Planejamento Urbano e Meio Ambiente, executor de a\u00e7\u00f5es que estimulam a guarda respons\u00e1vel dos animais dom\u00e9sticos. No abrigo do Debea ficam c\u00e3es e gatos \u00e0 espera de ado\u00e7\u00e3o respons\u00e1vel. Todos os animais est\u00e3o castrados, vacinados e microchipados. Para [&hellip;]<\/p>\n","protected":false},"author":8,"featured_media":0,"parent":0,"menu_order":0,"comment_status":"closed","ping_status":"closed","template":"","meta":{"footnotes":""},"class_list":["post-6","page","type-page","status-publish","hentry"],"_links":{"self":[{"href":"https:\/\/jundiai.sp.gov.br\/adocaodeanimais\/wp-json\/wp\/v2\/pages\/6","targetHints":{"allow":["GET"]}}],"collection":[{"href":"https:\/\/jundiai.sp.gov.br\/adocaodeanimais\/wp-json\/wp\/v2\/pages"}],"about":[{"href":"https:\/\/jundiai.sp.gov.br\/adocaodeanimais\/wp-json\/wp\/v2\/types\/page"}],"author":[{"embeddable":true,"href":"https:\/\/jundiai.sp.gov.br\/adocaodeanimais\/wp-json\/wp\/v2\/users\/8"}],"replies":[{"embeddable":true,"href":"https:\/\/jundiai.sp.gov.br\/adocaodeanimais\/wp-json\/wp\/v2\/comments?post=6"}],"version-history":[{"count":13,"href":"https:\/\/jundiai.sp.gov.br\/adocaodeanimais\/wp-json\/wp\/v2\/pages\/6\/revisions"}],"predecessor-version":[{"id":341,"href":"https:\/\/jundiai.sp.gov.br\/adocaodeanimais\/wp-json\/wp\/v2\/pages\/6\/revisions\/341"}],"wp:attachment":[{"href":"https:\/\/jundiai.sp.gov.br\/adocaodeanimais\/wp-json\/wp\/v2\/media?parent=6"}],"curies":[{"name":"wp","href":"https:\/\/api.w.org\/{rel}","templated":true}]}}