{"id":310,"date":"2017-04-04T11:35:34","date_gmt":"2017-04-04T14:35:34","guid":{"rendered":"https:\/\/jundiai.sp.gov.br\/agronegocio-abastecimento-e-turismo\/?page_id=310"},"modified":"2025-02-19T13:43:35","modified_gmt":"2025-02-19T16:43:35","slug":"conselho-municipal-de-turismo-comtur","status":"publish","type":"page","link":"https:\/\/jundiai.sp.gov.br\/agronegocio-abastecimento-e-turismo\/conselhos\/conselho-municipal-de-turismo-comtur\/","title":{"rendered":"Conselho Municipal de Turismo (Comtur)"},"content":{"rendered":"<p><strong>O Conselho Municipal de Turismo (Comtur) trata-se de um \u00f3rg\u00e3o consultivo para a Prefeitura e deliberativo internamente que visa fomentar o desenvolvimento tur\u00edstico do Munic\u00edpio, com base em a\u00e7\u00f5es de planejamento e orienta\u00e7\u00e3o, ampliando a participa\u00e7\u00e3o da comunidade junto ao Poder P\u00fablico.<\/strong><\/p>\n<p>Criado em fevereiro de 2002, o Conselho tem, desde ent\u00e3o, reunido um n\u00famero significativo de empreendedores do setor, associa\u00e7\u00f5es, entidades e outros importantes representantes de \u00e1reas correlatas que tem como foco principal fomentar a atividade tur\u00edstica em Jundia\u00ed.<\/p>\n<p>S\u00e3o objetivos do Comtur orientar, planejar, desenvolver e promover o Turismo Sustent\u00e1vel no Munic\u00edpio.<\/p>\n<p>Comp\u00f5em o Comtur a\u00a0Prefeitura, institui\u00e7\u00f5es financeiras, associa\u00e7\u00f5es, cooperativas, sindicatos, universidades, empresas do setor tur\u00edstico (restaurantes, hot\u00e9is, ag\u00eancias e atrativos tur\u00edsticos) e a comunidade.<\/p>\n<p>S\u00e3o a\u00e7\u00f5es gerais do Conselho: coordenar a atividade tur\u00edstica no Munic\u00edpio, incentivar o fomento da atividade, promover os atrativos do Munic\u00edpio, orientar a administra\u00e7\u00e3o dos pontos tur\u00edsticos, promover campanhas junto a entidades e obter incentivos e financiamentos.<\/p>\n<p>S\u00e3o compet\u00eancias do Comtur coordenar, incentivar e promover o Turismo no Munic\u00edpio, estudar e propor \u00e0 Administra\u00e7\u00e3o Municipal, medidas de difus\u00e3o e amparo ao Turismo, orientar na Administra\u00e7\u00e3o dos pontos tur\u00edsticos, promover junto a entidades de classe campanhas no sentido de incrementar o turismo, estabelecer diretrizes para trabalho coordenado entre poder p\u00fablico e privado, estudar de forma sistem\u00e1tica o Mercado Tur\u00edstico no Munic\u00edpio, estabelecer conv\u00eanios com entidades diversas para incremento da atividade tur\u00edstica no munic\u00edpio, contribuir para a promo\u00e7\u00e3o de campanhas de conscientiza\u00e7\u00e3o da comunidade, promover ou executar debates, cursos e oficinas ligadas a temas voltados a atividade tur\u00edstica, promover e divulgar atividades ligadas ao turismo, propor formas de capta\u00e7\u00e3o de recursos, formular diretrizes b\u00e1sicas, desenvolver projetos, eventos e programas de interesse tur\u00edstico visando incrementar o fluxo de turistas para o munic\u00edpio, diagnosticar e atualizar cadastro de informa\u00e7\u00f5es de interesse tur\u00edstico, promover o interc\u00e2mbio entre entidades do Trade, estabelecer diretrizes para prover a infraestrutura local adequada \u00e0 implementa\u00e7\u00e3o do turismo, colaborar de todas as formas com o poder p\u00fablico local, formar grupos t\u00e9cnicos de trabalho para desenvolver os estudos necess\u00e1rios para o fomento do turismo municipal, realizar a promo\u00e7\u00e3o da atividade tur\u00edstica no munic\u00edpio incrementando o fluxo de turistas, realizar levantamentos e pesquisas referentes \u00e0 demanda e a infraestrutura existente e assessorar na elabora\u00e7\u00e3o do Plano Tur\u00edstico Municipal.<\/p>\n<p>S\u00e3o atribui\u00e7\u00f5es do Conselho aprovar Plano de Desenvolvimento Tur\u00edstico Municipal, estabelecer prioridades na aplica\u00e7\u00e3o de recursos, enquadrar projetos no programa, acompanhar projetos, avaliar resultados e elaborar Regimento.<\/p>\n<p><strong>Conselho Municipal de Turismo<\/strong><br \/>\nTelefone: (11) 4589-8580<br \/>\nE-mail:\u00a0<a href=\"mailto:comturjundiai@jundiai.sp.gov.br\" target=\"_blank\" rel=\"noopener\">comturjundiai@jundiai.sp.gov.br<\/a><\/p>\n","protected":false},"excerpt":{"rendered":"<p>O Conselho Municipal de Turismo (Comtur) trata-se de um \u00f3rg\u00e3o consultivo para a Prefeitura e deliberativo internamente que visa fomentar o desenvolvimento tur\u00edstico do Munic\u00edpio, com base em a\u00e7\u00f5es de planejamento e orienta\u00e7\u00e3o, ampliando a participa\u00e7\u00e3o da comunidade junto ao Poder P\u00fablico. Criado em fevereiro de 2002, o Conselho tem, desde ent\u00e3o, reunido um n\u00famero [&hellip;]<\/p>\n","protected":false},"author":14,"featured_media":0,"parent":139,"menu_order":1,"comment_status":"closed","ping_status":"closed","template":"","meta":{"footnotes":""},"class_list":["post-310","page","type-page","status-publish","hentry"],"_links":{"self":[{"href":"https:\/\/jundiai.sp.gov.br\/agronegocio-abastecimento-e-turismo\/wp-json\/wp\/v2\/pages\/310","targetHints":{"allow":["GET"]}}],"collection":[{"href":"https:\/\/jundiai.sp.gov.br\/agronegocio-abastecimento-e-turismo\/wp-json\/wp\/v2\/pages"}],"about":[{"href":"https:\/\/jundiai.sp.gov.br\/agronegocio-abastecimento-e-turismo\/wp-json\/wp\/v2\/types\/page"}],"author":[{"embeddable":true,"href":"https:\/\/jundiai.sp.gov.br\/agronegocio-abastecimento-e-turismo\/wp-json\/wp\/v2\/users\/14"}],"replies":[{"embeddable":true,"href":"https:\/\/jundiai.sp.gov.br\/agronegocio-abastecimento-e-turismo\/wp-json\/wp\/v2\/comments?post=310"}],"version-history":[{"count":2,"href":"https:\/\/jundiai.sp.gov.br\/agronegocio-abastecimento-e-turismo\/wp-json\/wp\/v2\/pages\/310\/revisions"}],"predecessor-version":[{"id":524,"href":"https:\/\/jundiai.sp.gov.br\/agronegocio-abastecimento-e-turismo\/wp-json\/wp\/v2\/pages\/310\/revisions\/524"}],"up":[{"embeddable":true,"href":"https:\/\/jundiai.sp.gov.br\/agronegocio-abastecimento-e-turismo\/wp-json\/wp\/v2\/pages\/139"}],"wp:attachment":[{"href":"https:\/\/jundiai.sp.gov.br\/agronegocio-abastecimento-e-turismo\/wp-json\/wp\/v2\/media?parent=310"}],"curies":[{"name":"wp","href":"https:\/\/api.w.org\/{rel}","templated":true}]}}