{"id":311,"date":"2017-04-04T11:36:00","date_gmt":"2017-04-04T14:36:00","guid":{"rendered":"https:\/\/jundiai.sp.gov.br\/agronegocio-abastecimento-e-turismo\/?page_id=311"},"modified":"2025-02-19T13:43:57","modified_gmt":"2025-02-19T16:43:57","slug":"conselho-municipal-de-desenvolvimento-rural-cmdr","status":"publish","type":"page","link":"https:\/\/jundiai.sp.gov.br\/agronegocio-abastecimento-e-turismo\/conselhos\/conselho-municipal-de-desenvolvimento-rural-cmdr\/","title":{"rendered":"Conselho Municipal de Desenvolvimento Rural (CMDR)"},"content":{"rendered":"<p><strong>O Conselho Municipal de Desenvolvimento Rural de Jundia\u00ed (CMDR) foi autorizado pela lei n\u00ba 2.655, de 16 de setembro de 1983, e institu\u00eddo pelo Decreto n\u00ba 7.240, de 14 de fevereiro 1984, com a denomina\u00e7\u00e3o de Conselho Agr\u00edcola Municipal. Com a aprova\u00e7\u00e3o da Lei n\u00ba 6.644, o conselho passou a ter a denomina\u00e7\u00e3o atual. Trata-se de um conselho de car\u00e1ter consultivo que visa discutir a\u00e7\u00f5es para o desenvolvimento rural do Munic\u00edpio de Jundia\u00ed.<\/strong><\/p>\n<p>S\u00e3o atribui\u00e7\u00f5es do CMDCR estabelecer diretrizes para a pol\u00edtica agr\u00edcola municipal; promover a integra\u00e7\u00e3o dos v\u00e1rios segmentos do setor agr\u00edcola, vinculados \u00e0 produ\u00e7\u00e3o, comercializa\u00e7\u00e3o, armazenamento, industrializa\u00e7\u00e3o e transporte; assessorar, avaliar e aprovar o Plano Municipal de Desenvolvimento Rural, elaborado pelo Munic\u00edpio, abrangendo as atividades de assist\u00eancia t\u00e9cnica, constru\u00e7\u00f5es, reformas e servi\u00e7os necess\u00e1rios \u00e0 melhoria da infraestrutura municipal, de apoio \u00e0 agropecu\u00e1ria e ao abastecimento; elaborar, acompanhar e avaliar anualmente, a execu\u00e7\u00e3o do Programa de Trabalho Anual do CMDR; manter interc\u00e2mbio com os conselhos similares, visando o encaminhamento de reivindica\u00e7\u00f5es de interesse comum; assessorar o Poder Executivo Municipal em mat\u00e9rias relacionadas \u00e0 agropecu\u00e1ria e ao abastecimento alimentar.<\/p>\n<p><strong>Conselho Municipal de Desenvolvimento Rural (CMDR)<\/strong><br \/>\nSecret\u00e1ria do Conselho: Eng. Agr\u00aa Fl\u00e1via Tirlone &#8211; Casa da Agricultura de Jundia\u00ed<br \/>\nTelefone: (11) 4586-8004<br \/>\nE-mail:\u00a0<a href=\"mailto:ca.jundiai@cati.sp.gov.br\" target=\"_blank\" rel=\"noopener\">ca.jundiai@cati.sp.gov.br<\/a><\/p>\n","protected":false},"excerpt":{"rendered":"<p>O Conselho Municipal de Desenvolvimento Rural de Jundia\u00ed (CMDR) foi autorizado pela lei n\u00ba 2.655, de 16 de setembro de 1983, e institu\u00eddo pelo Decreto n\u00ba 7.240, de 14 de fevereiro 1984, com a denomina\u00e7\u00e3o de Conselho Agr\u00edcola Municipal. Com a aprova\u00e7\u00e3o da Lei n\u00ba 6.644, o conselho passou a ter a denomina\u00e7\u00e3o atual. Trata-se [&hellip;]<\/p>\n","protected":false},"author":14,"featured_media":0,"parent":139,"menu_order":2,"comment_status":"closed","ping_status":"closed","template":"","meta":{"footnotes":""},"class_list":["post-311","page","type-page","status-publish","hentry"],"_links":{"self":[{"href":"https:\/\/jundiai.sp.gov.br\/agronegocio-abastecimento-e-turismo\/wp-json\/wp\/v2\/pages\/311","targetHints":{"allow":["GET"]}}],"collection":[{"href":"https:\/\/jundiai.sp.gov.br\/agronegocio-abastecimento-e-turismo\/wp-json\/wp\/v2\/pages"}],"about":[{"href":"https:\/\/jundiai.sp.gov.br\/agronegocio-abastecimento-e-turismo\/wp-json\/wp\/v2\/types\/page"}],"author":[{"embeddable":true,"href":"https:\/\/jundiai.sp.gov.br\/agronegocio-abastecimento-e-turismo\/wp-json\/wp\/v2\/users\/14"}],"replies":[{"embeddable":true,"href":"https:\/\/jundiai.sp.gov.br\/agronegocio-abastecimento-e-turismo\/wp-json\/wp\/v2\/comments?post=311"}],"version-history":[{"count":5,"href":"https:\/\/jundiai.sp.gov.br\/agronegocio-abastecimento-e-turismo\/wp-json\/wp\/v2\/pages\/311\/revisions"}],"predecessor-version":[{"id":525,"href":"https:\/\/jundiai.sp.gov.br\/agronegocio-abastecimento-e-turismo\/wp-json\/wp\/v2\/pages\/311\/revisions\/525"}],"up":[{"embeddable":true,"href":"https:\/\/jundiai.sp.gov.br\/agronegocio-abastecimento-e-turismo\/wp-json\/wp\/v2\/pages\/139"}],"wp:attachment":[{"href":"https:\/\/jundiai.sp.gov.br\/agronegocio-abastecimento-e-turismo\/wp-json\/wp\/v2\/media?parent=311"}],"curies":[{"name":"wp","href":"https:\/\/api.w.org\/{rel}","templated":true}]}}