{"id":331,"date":"2017-04-10T16:28:45","date_gmt":"2017-04-10T19:28:45","guid":{"rendered":"https:\/\/jundiai.sp.gov.br\/agronegocio-abastecimento-e-turismo\/?page_id=331"},"modified":"2025-09-16T15:39:48","modified_gmt":"2025-09-16T18:39:48","slug":"organograma","status":"publish","type":"page","link":"https:\/\/jundiai.sp.gov.br\/agronegocio-abastecimento-e-turismo\/organograma\/","title":{"rendered":"Organograma"},"content":{"rendered":"\n<h2 class=\"wp-block-heading\">Estrutura da Secretaria<\/h2>\n\n\n\n<p><strong>Secret\u00e1ria: Marcela Moro<\/strong><\/p>\n\n\n\n<p>___________________________________________________________________________________________<\/p>\n\n\n\n<p><strong>Departamento de Agroneg\u00f3cios<\/strong><br><strong>Diretor:<\/strong> S\u00e9rgio Mesquita Pompermaier<br>Telefone: (11) 4589-8581<\/p>\n\n\n\n<p><strong>Departamento de Planejamento, Gest\u00e3o e Finan\u00e7as<\/strong><br><strong>Diretora: <\/strong>Sulian de Oliveira Dorta<br>Telefone: (11) 4589-8579<\/p>\n\n\n\n<p><strong>Departamento de Abastecimento<\/strong><br><strong>Diretor:<\/strong> Ezequiel Gonzaga de Melo<br>Telefone: (11) 4589-8379<\/p>\n\n\n\n<p><strong>Departamento de Fomento ao Turismo<\/strong><br><strong>Diretora:<\/strong> Mirian dos Santos Oliveira Telefone:<br>Telefone: (11) 4589-9623<\/p>\n\n\n\n<div class=\"gmail_default\"><\/div>\n","protected":false},"excerpt":{"rendered":"<p>Estrutura da Secretaria Secret\u00e1ria: Marcela Moro ___________________________________________________________________________________________ Departamento de Agroneg\u00f3ciosDiretor: S\u00e9rgio Mesquita PompermaierTelefone: (11) 4589-8581 Departamento de Planejamento, Gest\u00e3o e Finan\u00e7asDiretora: Sulian de Oliveira DortaTelefone: (11) 4589-8579 Departamento de AbastecimentoDiretor: Ezequiel Gonzaga de MeloTelefone: (11) 4589-8379 Departamento de Fomento ao TurismoDiretora: Mirian dos Santos Oliveira Telefone:Telefone: (11) 4589-9623<\/p>\n","protected":false},"author":14,"featured_media":0,"parent":0,"menu_order":0,"comment_status":"closed","ping_status":"closed","template":"","meta":{"footnotes":""},"class_list":["post-331","page","type-page","status-publish","hentry"],"_links":{"self":[{"href":"https:\/\/jundiai.sp.gov.br\/agronegocio-abastecimento-e-turismo\/wp-json\/wp\/v2\/pages\/331","targetHints":{"allow":["GET"]}}],"collection":[{"href":"https:\/\/jundiai.sp.gov.br\/agronegocio-abastecimento-e-turismo\/wp-json\/wp\/v2\/pages"}],"about":[{"href":"https:\/\/jundiai.sp.gov.br\/agronegocio-abastecimento-e-turismo\/wp-json\/wp\/v2\/types\/page"}],"author":[{"embeddable":true,"href":"https:\/\/jundiai.sp.gov.br\/agronegocio-abastecimento-e-turismo\/wp-json\/wp\/v2\/users\/14"}],"replies":[{"embeddable":true,"href":"https:\/\/jundiai.sp.gov.br\/agronegocio-abastecimento-e-turismo\/wp-json\/wp\/v2\/comments?post=331"}],"version-history":[{"count":21,"href":"https:\/\/jundiai.sp.gov.br\/agronegocio-abastecimento-e-turismo\/wp-json\/wp\/v2\/pages\/331\/revisions"}],"predecessor-version":[{"id":535,"href":"https:\/\/jundiai.sp.gov.br\/agronegocio-abastecimento-e-turismo\/wp-json\/wp\/v2\/pages\/331\/revisions\/535"}],"wp:attachment":[{"href":"https:\/\/jundiai.sp.gov.br\/agronegocio-abastecimento-e-turismo\/wp-json\/wp\/v2\/media?parent=331"}],"curies":[{"name":"wp","href":"https:\/\/api.w.org\/{rel}","templated":true}]}}