{"id":6,"date":"2014-08-13T19:34:36","date_gmt":"2014-08-13T22:34:36","guid":{"rendered":"https:\/\/jundiai.sp.gov.br\/agricultura-e-abastecimento\/?page_id=6"},"modified":"2025-08-29T16:16:52","modified_gmt":"2025-08-29T19:16:52","slug":"agricultura-abastecimento-e-turismo","status":"publish","type":"page","link":"https:\/\/jundiai.sp.gov.br\/agronegocio-abastecimento-e-turismo\/","title":{"rendered":"Agroneg\u00f3cio, Abastecimento e Turismo"},"content":{"rendered":"\n<p><strong>A Secretaria Municipal de Agroneg\u00f3cio, Abastecimento e Turismo tem por finalidade coordenar as a\u00e7\u00f5es e pol\u00edticas de agroneg\u00f3cio, abastecimento e fomento ao turismo no Munic\u00edpio, suportada pela seguinte estrutura org\u00e2nica b\u00e1sica:<\/strong><\/p>\n\n\n\n<ul class=\"wp-block-list\">\n<li>N\u00facleo de Planejamento, Gest\u00e3o e Finan\u00e7as;<\/li>\n\n\n\n<li>Departamento de Agroneg\u00f3cio;<\/li>\n\n\n\n<li>Departamento de Abastecimento;<\/li>\n\n\n\n<li>Departamento de Fomento ao Turismo;<\/li>\n\n\n\n<li>Unidade de Entregas Setorial.<\/li>\n<\/ul>\n\n\n\n<h2 class=\"wp-block-heading\">Contato<\/h2>\n\n\n\n<p><strong>Gabinete da Secret\u00e1ria de Agroneg\u00f3cio, Abastecimento e Turismo<\/strong><br>Pa\u00e7o Municipal \u2013 5\u00ba andar \u2013 Ala Norte<br>Telefone: (11) 4589-8578<\/p>\n\n\n\n<p><strong>N\u00facleo de Planejamento, Gest\u00e3o e Finan\u00e7as<\/strong><br>Telefone: (11) 4589-8578 \/ (11) 4589-8579<\/p>\n\n\n\n<p><strong>Departamento de Agroneg\u00f3cio<\/strong><br>Telefones: (11) 4589-8872\/ (11) 4589-8581 \/ (11) 4589-8692 \/ (11) 4589- 8793<br><a href=\"mailto:agronegocio@jundiai.sp.gov.br\">agronegocio@jundiai.sp.gov.br<\/a><\/p>\n\n\n\n<p><strong>Departamento de Abastecimento<\/strong><br>Telefones: (11) 4589-8577 \/ (11) 4589-8580 \/ (11) 4589-8542<br><a href=\"mailto:depart_abastecimento@jundiai.sp.gov.br\">depart_abastecimento@jundiai.sp.gov.br<\/a><\/p>\n\n\n\n<p><strong>Departamento de Fomento ao Turismo<br><\/strong>Telefones: (11) 4589-9264 e 4589-9265<br><a href=\"mailto:turismo@jundiai.sp.gov.br\">turismo@jundiai.sp.gov.br<\/a><\/p>\n\n\n\n<p><strong>Centro de Informa\u00e7\u00f5es ao Turista (CIT)<\/strong><br>Endere\u00e7o: Avenida Jundia\u00ed, s\/n\u00ba, Anhangaba\u00fa<br>Telefone: (11) 4589-9484<br>Hor\u00e1rio de funcionamento: diariamente, das 8h \u00e0s 18h<\/p>\n\n\n\n<p><strong>Parque Comendador Ant\u00f4nio Carbonari \u2013 Parque da Uva<\/strong><br>Endere\u00e7o: Avenida Jundia\u00ed, s\/n\u00ba, Anhangaba\u00fa<br>Telefone: (11) 4589-9480 E 4589-9481<br>Hor\u00e1rio de funcionamento: diariamente, das 7h \u00e0s 18h<\/p>\n\n\n\n<p><iframe loading=\"lazy\" src=\"https:\/\/maps.google.com\/maps?f=q&amp;source=s_q&amp;hl=pt-BR&amp;geocode=&amp;q=Parque+Comendador+Ant%C3%B4nio+Carbonari,+Jundia%C3%AD&amp;aq=t&amp;sll=37.0625,-95.677068&amp;sspn=48.956293,107.138672&amp;ie=UTF8&amp;hq=Parque+Comendador+Ant%C3%B4nio+Carbonari,+Jundia%C3%AD&amp;t=m&amp;ll=-23.189995,-46.898746&amp;spn=0.00789,0.020149&amp;z=16&amp;iwloc=A&amp;output=embed\" width=\"100%\" height=\"400\" frameborder=\"0\" marginwidth=\"0\" marginheight=\"0\" scrolling=\"no\"><\/iframe><\/p>\n","protected":false},"excerpt":{"rendered":"<p>A Secretaria Municipal de Agroneg\u00f3cio, Abastecimento e Turismo tem por finalidade coordenar as a\u00e7\u00f5es e pol\u00edticas de agroneg\u00f3cio, abastecimento e fomento ao turismo no Munic\u00edpio, suportada pela seguinte estrutura org\u00e2nica b\u00e1sica: Contato Gabinete da Secret\u00e1ria de Agroneg\u00f3cio, Abastecimento e TurismoPa\u00e7o Municipal \u2013 5\u00ba andar \u2013 Ala NorteTelefone: (11) 4589-8578 N\u00facleo de Planejamento, Gest\u00e3o e Finan\u00e7asTelefone: [&hellip;]<\/p>\n","protected":false},"author":8,"featured_media":0,"parent":0,"menu_order":0,"comment_status":"open","ping_status":"closed","template":"","meta":{"footnotes":""},"class_list":["post-6","page","type-page","status-publish","hentry"],"_links":{"self":[{"href":"https:\/\/jundiai.sp.gov.br\/agronegocio-abastecimento-e-turismo\/wp-json\/wp\/v2\/pages\/6","targetHints":{"allow":["GET"]}}],"collection":[{"href":"https:\/\/jundiai.sp.gov.br\/agronegocio-abastecimento-e-turismo\/wp-json\/wp\/v2\/pages"}],"about":[{"href":"https:\/\/jundiai.sp.gov.br\/agronegocio-abastecimento-e-turismo\/wp-json\/wp\/v2\/types\/page"}],"author":[{"embeddable":true,"href":"https:\/\/jundiai.sp.gov.br\/agronegocio-abastecimento-e-turismo\/wp-json\/wp\/v2\/users\/8"}],"replies":[{"embeddable":true,"href":"https:\/\/jundiai.sp.gov.br\/agronegocio-abastecimento-e-turismo\/wp-json\/wp\/v2\/comments?post=6"}],"version-history":[{"count":37,"href":"https:\/\/jundiai.sp.gov.br\/agronegocio-abastecimento-e-turismo\/wp-json\/wp\/v2\/pages\/6\/revisions"}],"predecessor-version":[{"id":530,"href":"https:\/\/jundiai.sp.gov.br\/agronegocio-abastecimento-e-turismo\/wp-json\/wp\/v2\/pages\/6\/revisions\/530"}],"wp:attachment":[{"href":"https:\/\/jundiai.sp.gov.br\/agronegocio-abastecimento-e-turismo\/wp-json\/wp\/v2\/media?parent=6"}],"curies":[{"name":"wp","href":"https:\/\/api.w.org\/{rel}","templated":true}]}}