{"id":13,"date":"2014-08-14T09:25:09","date_gmt":"2014-08-14T12:25:09","guid":{"rendered":"https:\/\/jundiai.sp.gov.br\/assistencia-e-desenvolvimento-social\/?page_id=13"},"modified":"2025-09-04T09:50:36","modified_gmt":"2025-09-04T12:50:36","slug":"gestora","status":"publish","type":"page","link":"https:\/\/jundiai.sp.gov.br\/assistencia-e-desenvolvimento-social\/gestora\/","title":{"rendered":"Secret\u00e1ria"},"content":{"rendered":"\n<div class=\"wp-block-columns is-layout-flex wp-container-core-columns-is-layout-9d6595d7 wp-block-columns-is-layout-flex\">\n<div class=\"wp-block-column is-layout-flow wp-block-column-is-layout-flow\" style=\"flex-basis:100%\"><\/div>\n<\/div>\n\n\n\n<div class=\"wp-block-columns is-layout-flex wp-container-core-columns-is-layout-9d6595d7 wp-block-columns-is-layout-flex\">\n<div class=\"wp-block-column is-layout-flow wp-block-column-is-layout-flow\">\n<figure class=\"wp-block-image is-resized\"><img decoding=\"async\" src=\"https:\/\/lh7-rt.googleusercontent.com\/docsz\/AD_4nXdbwSZ87C1XtkTsiGwpfREZp-FaiIdJsz-Z4kgP8xoDo-zIJOfEWg8TTwoLXIknF69GU2n6WRMBmwZsWzuyhNe0C6OfAYGrzolS6Ges3sQZHSHVoU056WwAlys6seViLDUqBnPIIQ?key=K5XhBsrn6JhMGW98ZiO_rAk2\" alt=\"\" style=\"width:299px;height:auto\"\/><\/figure>\n<\/div>\n\n\n\n<div class=\"wp-block-column is-layout-flow wp-block-column-is-layout-flow\">\n<h2 class=\"wp-block-heading\"><strong>Luciane Mosca<\/strong><\/h2>\n\n\n\n<p>Com 22 anos de experi\u00eancia na \u00e1rea, Luciane Mosca \u00e9 a respons\u00e1vel pela Secretaria de Assist\u00eancia e Desenvolvimento Social de Jundia\u00ed. Sua atua\u00e7\u00e3o \u00e9 focada no fortalecimento das pol\u00edticas p\u00fablicas de prote\u00e7\u00e3o social e na promo\u00e7\u00e3o da autonomia das fam\u00edlias em situa\u00e7\u00e3o de vulnerabilidade.<\/p>\n\n\n\n<p>\u00c0 frente da secretaria, Luciane gerencia o Sistema \u00danico de Assist\u00eancia Social (SUAS) no munic\u00edpio, coordenando programas de transfer\u00eancia de renda, prote\u00e7\u00e3o social e projetos voltados \u00e0 inclus\u00e3o social e ao desenvolvimento humano.<\/p>\n<\/div>\n<\/div>\n\n\n\n<p><\/p>\n","protected":false},"excerpt":{"rendered":"<p>Luciane Mosca Com 22 anos de experi\u00eancia na \u00e1rea, Luciane Mosca \u00e9 a respons\u00e1vel pela Secretaria de Assist\u00eancia e Desenvolvimento Social de Jundia\u00ed. Sua atua\u00e7\u00e3o \u00e9 focada no fortalecimento das pol\u00edticas p\u00fablicas de prote\u00e7\u00e3o social e na promo\u00e7\u00e3o da autonomia das fam\u00edlias em situa\u00e7\u00e3o de vulnerabilidade. \u00c0 frente da secretaria, Luciane gerencia o Sistema \u00danico [&hellip;]<\/p>\n","protected":false},"author":8,"featured_media":0,"parent":0,"menu_order":0,"comment_status":"closed","ping_status":"closed","template":"","meta":{"footnotes":""},"class_list":["post-13","page","type-page","status-publish","hentry"],"_links":{"self":[{"href":"https:\/\/jundiai.sp.gov.br\/assistencia-e-desenvolvimento-social\/wp-json\/wp\/v2\/pages\/13","targetHints":{"allow":["GET"]}}],"collection":[{"href":"https:\/\/jundiai.sp.gov.br\/assistencia-e-desenvolvimento-social\/wp-json\/wp\/v2\/pages"}],"about":[{"href":"https:\/\/jundiai.sp.gov.br\/assistencia-e-desenvolvimento-social\/wp-json\/wp\/v2\/types\/page"}],"author":[{"embeddable":true,"href":"https:\/\/jundiai.sp.gov.br\/assistencia-e-desenvolvimento-social\/wp-json\/wp\/v2\/users\/8"}],"replies":[{"embeddable":true,"href":"https:\/\/jundiai.sp.gov.br\/assistencia-e-desenvolvimento-social\/wp-json\/wp\/v2\/comments?post=13"}],"version-history":[{"count":31,"href":"https:\/\/jundiai.sp.gov.br\/assistencia-e-desenvolvimento-social\/wp-json\/wp\/v2\/pages\/13\/revisions"}],"predecessor-version":[{"id":2517,"href":"https:\/\/jundiai.sp.gov.br\/assistencia-e-desenvolvimento-social\/wp-json\/wp\/v2\/pages\/13\/revisions\/2517"}],"wp:attachment":[{"href":"https:\/\/jundiai.sp.gov.br\/assistencia-e-desenvolvimento-social\/wp-json\/wp\/v2\/media?parent=13"}],"curies":[{"name":"wp","href":"https:\/\/api.w.org\/{rel}","templated":true}]}}