{"id":2528,"date":"2025-11-17T17:26:59","date_gmt":"2025-11-17T20:26:59","guid":{"rendered":"https:\/\/jundiai.sp.gov.br\/assistencia-e-desenvolvimento-social\/?page_id=2528"},"modified":"2025-12-04T13:59:29","modified_gmt":"2025-12-04T16:59:29","slug":"seguranca-alimentar-e-nutricional","status":"publish","type":"page","link":"https:\/\/jundiai.sp.gov.br\/assistencia-e-desenvolvimento-social\/politicas-complementares\/seguranca-alimentar-e-nutricional\/","title":{"rendered":"Seguran\u00e7a Alimentar e Nutricional"},"content":{"rendered":"\n<p>A Divis\u00e3o de Seguran\u00e7a Alimentar e Nutricional (DSAN) tem como miss\u00e3o assegurar o direito ao acesso<br>regular e permanente a alimentos de qualidade e em quantidade suficiente, promovendo a sa\u00fade e o bemestar das fam\u00edlias em situa\u00e7\u00e3o de vulnerabilidade. A DSAN coordena programas e projetos que combatem a inseguran\u00e7a alimentar e estimulam pr\u00e1ticas alimentares saud\u00e1veis. O p\u00fablico alvo das a\u00e7\u00f5es s\u00e3o pessoas e fam\u00edlias atendidas pelos servi\u00e7os da rede socioassistencial do Sistema \u00danico de Assist\u00eancia Social.<\/p>\n\n\n\n<p><a href=\"https:\/\/jundiai.sp.gov.br\/assistencia-e-desenvolvimento-social\/programas-e-projetos\/\">Programas e Projetos<\/a><\/p>\n","protected":false},"excerpt":{"rendered":"<p>A Divis\u00e3o de Seguran\u00e7a Alimentar e Nutricional (DSAN) tem como miss\u00e3o assegurar o direito ao acessoregular e permanente a alimentos de qualidade e em quantidade suficiente, promovendo a sa\u00fade e o bemestar das fam\u00edlias em situa\u00e7\u00e3o de vulnerabilidade. A DSAN coordena programas e projetos que combatem a inseguran\u00e7a alimentar e estimulam pr\u00e1ticas alimentares saud\u00e1veis. O [&hellip;]<\/p>\n","protected":false},"author":129,"featured_media":0,"parent":2525,"menu_order":0,"comment_status":"closed","ping_status":"closed","template":"","meta":{"footnotes":""},"class_list":["post-2528","page","type-page","status-publish","hentry"],"_links":{"self":[{"href":"https:\/\/jundiai.sp.gov.br\/assistencia-e-desenvolvimento-social\/wp-json\/wp\/v2\/pages\/2528","targetHints":{"allow":["GET"]}}],"collection":[{"href":"https:\/\/jundiai.sp.gov.br\/assistencia-e-desenvolvimento-social\/wp-json\/wp\/v2\/pages"}],"about":[{"href":"https:\/\/jundiai.sp.gov.br\/assistencia-e-desenvolvimento-social\/wp-json\/wp\/v2\/types\/page"}],"author":[{"embeddable":true,"href":"https:\/\/jundiai.sp.gov.br\/assistencia-e-desenvolvimento-social\/wp-json\/wp\/v2\/users\/129"}],"replies":[{"embeddable":true,"href":"https:\/\/jundiai.sp.gov.br\/assistencia-e-desenvolvimento-social\/wp-json\/wp\/v2\/comments?post=2528"}],"version-history":[{"count":4,"href":"https:\/\/jundiai.sp.gov.br\/assistencia-e-desenvolvimento-social\/wp-json\/wp\/v2\/pages\/2528\/revisions"}],"predecessor-version":[{"id":2544,"href":"https:\/\/jundiai.sp.gov.br\/assistencia-e-desenvolvimento-social\/wp-json\/wp\/v2\/pages\/2528\/revisions\/2544"}],"up":[{"embeddable":true,"href":"https:\/\/jundiai.sp.gov.br\/assistencia-e-desenvolvimento-social\/wp-json\/wp\/v2\/pages\/2525"}],"wp:attachment":[{"href":"https:\/\/jundiai.sp.gov.br\/assistencia-e-desenvolvimento-social\/wp-json\/wp\/v2\/media?parent=2528"}],"curies":[{"name":"wp","href":"https:\/\/api.w.org\/{rel}","templated":true}]}}