{"id":254,"date":"2016-10-14T15:12:46","date_gmt":"2016-10-14T18:12:46","guid":{"rendered":"https:\/\/jundiai.sp.gov.br\/assistencia-e-desenvolvimento-social\/?page_id=254"},"modified":"2024-08-29T14:49:02","modified_gmt":"2024-08-29T17:49:02","slug":"mapas","status":"publish","type":"page","link":"https:\/\/jundiai.sp.gov.br\/assistencia-e-desenvolvimento-social\/mapas\/","title":{"rendered":"Mapas"},"content":{"rendered":"\n<div class=\"wp-block-group\"><div class=\"wp-block-group__inner-container is-layout-constrained wp-block-group-is-layout-constrained\">\n<h2>Mapas online interativos<\/h2>\n<p><a href=\"https:\/\/jundiai.sp.gov.br\/assistencia-e-desenvolvimento-social\/mapas\/assistencia-social-educacao-e-saude-equipamentos-e-abairramento-jundiai\/\" target=\"_blank\" rel=\"noopener\"><b>Assist\u00eancia Social\u00a0<\/b><\/a><\/p>\n<p><a href=\"https:\/\/jundiai.sp.gov.br\/assistencia-e-desenvolvimento-social\/equipamentos-publicos\/\" target=\"_blank\" rel=\"noopener\"><b>Equipamentos P\u00fablicos<\/b><\/a><\/p>\n<h2>Mapas est\u00e1ticos de divis\u00f5es intramunicipais (abairramento e \u00e1reas de CRAS)<\/h2>\n<p><a href=\"https:\/\/jundiai.sp.gov.br\/assistencia-e-desenvolvimento-social\/divisao-de-areas-de-cras\/\" target=\"_blank\" rel=\"noopener\">Divis\u00e3o de regi\u00f5es e abairramento<\/a><\/p>\n<h2>Mapas est\u00e1ticos com dados do Cad\u00danico\u00a0<\/h2>\n<p><a href=\"https:\/\/jundiai.sp.gov.br\/assistencia-e-desenvolvimento-social\/pessoas-em-geral-no-cadunico-por-bairro\/\" target=\"_blank\" rel=\"noopener\">Pessoas &#8211; em geral no Cad\u00danico por bairro<\/a><br \/><a href=\"https:\/\/jundiai.sp.gov.br\/assistencia-e-desenvolvimento-social\/pessoas-analfabetismo-rfs-no-cadunico-por-bairro\/\" target=\"_blank\" rel=\"noopener\">Pessoas &#8211; analfabetismo RFs no Cad\u00danico por bairro<\/a><br \/><a href=\"https:\/\/jundiai.sp.gov.br\/assistencia-e-desenvolvimento-social\/pessoas-analfabetismo-9-anos-ou-mais-no-cadunico-por-bairro\/\" target=\"_blank\" rel=\"noopener\">Pessoas &#8211; analfabetismo 9 anos ou mais no Cad\u00danico por bairro<\/a><br \/><a href=\"https:\/\/jundiai.sp.gov.br\/assistencia-e-desenvolvimento-social\/pessoas-com-deficiencia-no-cadunico-por-bairro\/\" target=\"_blank\" rel=\"noopener\">Pessoas &#8211; com defici\u00eancia no Cad\u00danico por bairro<\/a><br \/><a href=\"https:\/\/jundiai.sp.gov.br\/assistencia-e-desenvolvimento-social\/pessoas-idoso-no-cadunico-por-bairro\/\" target=\"_blank\" rel=\"noopener\">Pessoas &#8211; idoso no Cad\u00danico por bairro<\/a><br \/><a href=\"https:\/\/jundiai.sp.gov.br\/assistencia-e-desenvolvimento-social\/pessoas-criancas-de-ate-06-anos-no-cadunico-por-bairro\/\" target=\"_blank\" rel=\"noopener\">Pessoas &#8211; crian\u00e7as de at\u00e9 06 anos no Cad\u00danico por bairro<\/a><br \/><a href=\"https:\/\/jundiai.sp.gov.br\/assistencia-e-desenvolvimento-social\/familias-no-cadunico-por-bairro\/\" target=\"_blank\" rel=\"noopener\">Fam\u00edlias &#8211; no Cad\u00danico por bairro<\/a><br \/><a href=\"https:\/\/jundiai.sp.gov.br\/assistencia-e-desenvolvimento-social\/familias-em-extrema-pobreza-no-cadunico-por-bairro\/\" target=\"_blank\" rel=\"noopener\">Fam\u00edlias &#8211; em extrema pobreza no Cad\u00danico por bairro<\/a><br \/><a href=\"https:\/\/jundiai.sp.gov.br\/assistencia-e-desenvolvimento-social\/familias-beneficiarias-do-pbf-por-bairro\/\" target=\"_blank\" rel=\"noopener\">Fam\u00edlias &#8211; benefici\u00e1rias do PBF por bairro<\/a><\/p>\n<h2>Mapas est\u00e1ticos com dados do BGE<\/h2>\n<p><a href=\"https:\/\/jundiai.sp.gov.br\/assistencia-e-desenvolvimento-social\/populacao-total-por-bairros-ibge-2010\/\" target=\"_blank\" rel=\"noopener\">Popula\u00e7\u00e3o &#8211; total por bairros &#8211; IBGE 2010<\/a><br \/><a href=\"https:\/\/jundiai.sp.gov.br\/assistencia-e-desenvolvimento-social\/populacao-densidade-demografica-por-bairros-ibge-2010\/\" target=\"_blank\" rel=\"noopener\">Popula\u00e7\u00e3o &#8211; densidade demogr\u00e1fica por bairros &#8211; IBGE 2010<\/a><br \/><a href=\"https:\/\/jundiai.sp.gov.br\/assistencia-e-desenvolvimento-social\/populacao-rfs-nao-alfabetizados-por-bairro-ibge-2010\/\" target=\"_blank\" rel=\"noopener\">Popula\u00e7\u00e3o &#8211; RFs n\u00e3o alfabetizados por bairro &#8211; IBGE 2010<\/a><br \/><a href=\"https:\/\/jundiai.sp.gov.br\/assistencia-e-desenvolvimento-social\/populacao-idoso-por-bairros-ibge-2010\/\" target=\"_blank\" rel=\"noopener\">Popula\u00e7\u00e3o &#8211; idoso por bairros &#8211; IBGE 2010<\/a><br \/><a href=\"https:\/\/jundiai.sp.gov.br\/assistencia-e-desenvolvimento-social\/populacao-criancas-ate-6-anos-por-bairro-ibge-2010\/\" target=\"_blank\" rel=\"noopener\">Popula\u00e7\u00e3o &#8211; crian\u00e7as at\u00e9 6 anos por bairro &#8211; IBGE 2010<\/a><br \/><a href=\"https:\/\/jundiai.sp.gov.br\/assistencia-e-desenvolvimento-social\/domicilios-de-baixa-renda-por-bairros-ibge-2010\/\" target=\"_blank\" rel=\"noopener\">Domic\u00edlios &#8211; de baixa renda por bairros &#8211; IBGE 2010<\/a><br \/><a href=\"https:\/\/jundiai.sp.gov.br\/assistencia-e-desenvolvimento-social\/domicilios-vagos-por-bairros-ibge-2010\/\" target=\"_blank\" rel=\"noopener\">Domic\u00edlios &#8211; vagos por bairros &#8211; IBGE 2010<\/a><br \/><a href=\"https:\/\/jundiai.sp.gov.br\/assistencia-e-desenvolvimento-social\/domicilios-de-uso-ocasional-por-bairros-ibge-2010\/\" target=\"_blank\" rel=\"noopener\">Domic\u00edlios &#8211; de uso ocasional por bairros &#8211; IBGE 2010<\/a><br \/><a href=\"https:\/\/jundiai.sp.gov.br\/assistencia-e-desenvolvimento-social\/domicilios-vagos-e-de-uso-ocasional-por-bairros-ibge-2010\/\" target=\"_blank\" rel=\"noopener\">Domic\u00edlios &#8211; vagos e de uso ocasional por bairros &#8211; IBGE 2010<\/a><\/p>\n<\/div><\/div>\n","protected":false},"excerpt":{"rendered":"<p>Mapas online interativos Assist\u00eancia Social\u00a0 Equipamentos P\u00fablicos Mapas est\u00e1ticos de divis\u00f5es intramunicipais (abairramento e \u00e1reas de CRAS) Divis\u00e3o de regi\u00f5es e abairramento Mapas est\u00e1ticos com dados do Cad\u00danico\u00a0 Pessoas &#8211; em geral no Cad\u00danico por bairroPessoas &#8211; analfabetismo RFs no Cad\u00danico por bairroPessoas &#8211; analfabetismo 9 anos ou mais no Cad\u00danico por bairroPessoas &#8211; com [&hellip;]<\/p>\n","protected":false},"author":14,"featured_media":0,"parent":0,"menu_order":0,"comment_status":"closed","ping_status":"closed","template":"","meta":{"footnotes":""},"class_list":["post-254","page","type-page","status-publish","hentry"],"_links":{"self":[{"href":"https:\/\/jundiai.sp.gov.br\/assistencia-e-desenvolvimento-social\/wp-json\/wp\/v2\/pages\/254","targetHints":{"allow":["GET"]}}],"collection":[{"href":"https:\/\/jundiai.sp.gov.br\/assistencia-e-desenvolvimento-social\/wp-json\/wp\/v2\/pages"}],"about":[{"href":"https:\/\/jundiai.sp.gov.br\/assistencia-e-desenvolvimento-social\/wp-json\/wp\/v2\/types\/page"}],"author":[{"embeddable":true,"href":"https:\/\/jundiai.sp.gov.br\/assistencia-e-desenvolvimento-social\/wp-json\/wp\/v2\/users\/14"}],"replies":[{"embeddable":true,"href":"https:\/\/jundiai.sp.gov.br\/assistencia-e-desenvolvimento-social\/wp-json\/wp\/v2\/comments?post=254"}],"version-history":[{"count":33,"href":"https:\/\/jundiai.sp.gov.br\/assistencia-e-desenvolvimento-social\/wp-json\/wp\/v2\/pages\/254\/revisions"}],"predecessor-version":[{"id":2468,"href":"https:\/\/jundiai.sp.gov.br\/assistencia-e-desenvolvimento-social\/wp-json\/wp\/v2\/pages\/254\/revisions\/2468"}],"wp:attachment":[{"href":"https:\/\/jundiai.sp.gov.br\/assistencia-e-desenvolvimento-social\/wp-json\/wp\/v2\/media?parent=254"}],"curies":[{"name":"wp","href":"https:\/\/api.w.org\/{rel}","templated":true}]}}