{"id":303,"date":"2017-01-17T10:44:42","date_gmt":"2017-01-17T12:44:42","guid":{"rendered":"https:\/\/jundiai.sp.gov.br\/assistencia-e-desenvolvimento-social\/?page_id=303"},"modified":"2024-06-07T14:32:54","modified_gmt":"2024-06-07T17:32:54","slug":"relatorios","status":"publish","type":"page","link":"https:\/\/jundiai.sp.gov.br\/assistencia-e-desenvolvimento-social\/relatorios\/","title":{"rendered":"Relat\u00f3rios"},"content":{"rendered":"\n<p><a href=\"https:\/\/jundiai.sp.gov.br\/assistencia-e-desenvolvimento-social\/wp-content\/uploads\/sites\/5\/2023\/12\/relatorio_extrema_pobreza_2012a2022_v2.pdf\">Extrema Pobreza: Brasil, cidades paulistas, RMJ e Jundia\u00ed de 2012 a 2022<\/a><\/p>\n\n\n\n<p><a href=\"https:\/\/jundiai.sp.gov.br\/assistencia-e-desenvolvimento-social\/wp-content\/uploads\/sites\/5\/2023\/05\/primeiro-relatorio-das-novas-areas-de-cras-2022-1.pdf\" target=\"_blank\" rel=\"noreferrer noopener\">Primeiro Relat\u00f3rio das Novas \u00c1reas do CRAS 2022<\/a> <\/p>\n\n\n\n<p><a href=\"https:\/\/jundiai.sp.gov.br\/assistencia-e-desenvolvimento-social\/wp-content\/uploads\/sites\/5\/2023\/05\/relatorio-de-redivisao-de-areas-de-cras-2021.pdf\" target=\"_blank\" rel=\"noreferrer noopener\">Relat\u00f3rio de Redivis\u00e3o de \u00c1reas do CRAS&nbsp;2021 <\/a><\/p>\n\n\n\n<p><a href=\"https:\/\/jundiai.sp.gov.br\/assistencia-e-desenvolvimento-social\/wp-content\/uploads\/sites\/5\/2022\/07\/relatorio-de-prestacao-de-contas-beneficio-social-emergencial-2.pdf\">Benef\u00edcio Social Emergencial: Presta\u00e7\u00e3o de contas<\/a><\/p>\n\n\n\n<p><a href=\"https:\/\/jundiai.sp.gov.br\/assistencia-e-desenvolvimento-social\/wp-content\/uploads\/sites\/5\/2021\/05\/mulheres-no-cadastro-unico_02_2021.pdf\">Informa\u00e7\u00f5es sobre mulheres no Cadastro \u00danico Jundia\u00ed\/SP 2021<\/a><\/p>\n\n\n\n<p><a href=\"https:\/\/jundiai.sp.gov.br\/assistencia-e-desenvolvimento-social\/wp-content\/uploads\/sites\/5\/2021\/03\/relatorio-familia-acolhedora-jundiai-sp-2020.pdf\">Relat\u00f3rio Fam\u00edlia Acolhedora Jundia\u00ed\/SP 2020<\/a><\/p>\n\n\n\n<p><a href=\"https:\/\/jundiai.sp.gov.br\/assistencia-e-desenvolvimento-social\/wp-content\/uploads\/sites\/5\/2017\/09\/relatorio_dvs_cadunico_bd102016_jundiai.pdf\">Primeiro relat\u00f3rio estat\u00edstico \/ anal\u00edtico dos dados do Cadastro \u00danico de Jundia\u00ed SP \u2013 Banco de dados de outubro de 2016<\/a><\/p>\n\n\n\n<p><a href=\"https:\/\/jundiai.sp.gov.br\/assistencia-e-desenvolvimento-social\/wp-content\/uploads\/sites\/5\/2017\/09\/relatorio_mapas_bd022017_jundiai.pdf\">Mapas tem\u00e1ticos do Cadastro \u00danico de fevereiro de 2017<\/a><\/p>\n\n\n\n<p><a href=\"https:\/\/jundiai.sp.gov.br\/assistencia-e-desenvolvimento-social\/wp-content\/uploads\/sites\/5\/2018\/04\/relatorio_mapas_racaecor_bd102017_jundiai.pdf\">Mapas tem\u00e1ticos de Ra\u00e7a\/Cor com base no Censo (IBGE 2010) e Cadastro \u00danico da Assist\u00eancia Social (10\/2017)<\/a><\/p>\n\n\n\n<p><a href=\"https:\/\/jundiai.sp.gov.br\/assistencia-e-desenvolvimento-social\/wp-content\/uploads\/sites\/5\/2017\/09\/relatorio_evolucao_pop_082017.pdf\">Dados de evolu\u00e7\u00e3o populacional, Jundia\u00ed (SP)<\/a><\/p>\n\n\n\n<p><a href=\"https:\/\/jundiai.sp.gov.br\/assistencia-e-desenvolvimento-social\/wp-content\/uploads\/sites\/5\/2017\/09\/relatorio_centropop_rma2017_1sem.pdf\">Dados do Registro Mensal de Atendimentos (RMA) do CENTRO POP \u2013 1\u00ba semestre de 2017<\/a><\/p>\n\n\n\n<p><a href=\"https:\/\/jundiai.sp.gov.br\/assistencia-e-desenvolvimento-social\/wp-content\/uploads\/sites\/5\/2017\/09\/relatorio_centropop_rma2016_jundiai_sp.pdf\">Dados do Registro Mensal de Atendimentos (RMA) do CENTRO POP &#8211; 2016<\/a><\/p>\n\n\n\n<p><a href=\"https:\/\/jundiai.sp.gov.br\/assistencia-e-desenvolvimento-social\/wp-content\/uploads\/sites\/5\/2017\/09\/relatorio_pessoas_com_deficiencia_bd102016.pdf\">Relat\u00f3rio sobre pessoas com defici\u00eancia no cadastro \u00fanico<\/a><\/p>\n\n\n\n<p><a href=\"https:\/\/jundiai.sp.gov.br\/assistencia-e-desenvolvimento-social\/wp-content\/uploads\/sites\/5\/2019\/10\/relatorio_cadunico_2018.pdf\">Relat\u00f3rio estat\u00edstico\/anal\u00edtico dos dados do Cadastro \u00danico \u2013 Banco de dados de outubro de 2018<\/a><\/p>\n\n\n\n<p><a href=\"https:\/\/jundiai.sp.gov.br\/assistencia-e-desenvolvimento-social\/wp-content\/uploads\/sites\/5\/2019\/12\/relatorio_fa_2018_nexo.pdf\">Relat\u00f3rio Fam\u00edlia Acolhedora 2010-2018, Jundia\u00ed\/SP<\/a><\/p>\n\n\n\n<p><a href=\"https:\/\/jundiai.sp.gov.br\/assistencia-e-desenvolvimento-social\/wp-content\/uploads\/sites\/5\/2020\/01\/relatorio_atend_cras2018_nexo.pdf\">Relat\u00f3rio de Atendimentos CRAS 2018, Jundia\u00ed\/SP<\/a><\/p>\n\n\n\n<p><a href=\"https:\/\/jundiai.sp.gov.br\/assistencia-e-desenvolvimento-social\/wp-content\/uploads\/sites\/5\/2020\/01\/relatorio_rma_creas2018_nexo.pdf\">Relat\u00f3rio de Atendimentos CREAS 2018, Jundia\u00ed\/SP<\/a><\/p>\n\n\n\n<p><a href=\"https:\/\/jundiai.sp.gov.br\/assistencia-e-desenvolvimento-social\/wp-content\/uploads\/sites\/5\/2022\/08\/relatorio-anual-familia-acolhedora-2021.pdf\" target=\"_blank\" rel=\"noreferrer noopener\">Relat\u00f3rio Anual Fam\u00edlia Acolhedora &#8211; 2021<\/a><\/p>\n","protected":false},"excerpt":{"rendered":"<p>Extrema Pobreza: Brasil, cidades paulistas, RMJ e Jundia\u00ed de 2012 a 2022 Primeiro Relat\u00f3rio das Novas \u00c1reas do CRAS 2022 Relat\u00f3rio de Redivis\u00e3o de \u00c1reas do CRAS&nbsp;2021 Benef\u00edcio Social Emergencial: Presta\u00e7\u00e3o de contas Informa\u00e7\u00f5es sobre mulheres no Cadastro \u00danico Jundia\u00ed\/SP 2021 Relat\u00f3rio Fam\u00edlia Acolhedora Jundia\u00ed\/SP 2020 Primeiro relat\u00f3rio estat\u00edstico \/ anal\u00edtico dos dados do Cadastro [&hellip;]<\/p>\n","protected":false},"author":14,"featured_media":0,"parent":0,"menu_order":0,"comment_status":"closed","ping_status":"closed","template":"","meta":{"footnotes":""},"class_list":["post-303","page","type-page","status-publish","hentry"],"_links":{"self":[{"href":"https:\/\/jundiai.sp.gov.br\/assistencia-e-desenvolvimento-social\/wp-json\/wp\/v2\/pages\/303","targetHints":{"allow":["GET"]}}],"collection":[{"href":"https:\/\/jundiai.sp.gov.br\/assistencia-e-desenvolvimento-social\/wp-json\/wp\/v2\/pages"}],"about":[{"href":"https:\/\/jundiai.sp.gov.br\/assistencia-e-desenvolvimento-social\/wp-json\/wp\/v2\/types\/page"}],"author":[{"embeddable":true,"href":"https:\/\/jundiai.sp.gov.br\/assistencia-e-desenvolvimento-social\/wp-json\/wp\/v2\/users\/14"}],"replies":[{"embeddable":true,"href":"https:\/\/jundiai.sp.gov.br\/assistencia-e-desenvolvimento-social\/wp-json\/wp\/v2\/comments?post=303"}],"version-history":[{"count":33,"href":"https:\/\/jundiai.sp.gov.br\/assistencia-e-desenvolvimento-social\/wp-json\/wp\/v2\/pages\/303\/revisions"}],"predecessor-version":[{"id":2461,"href":"https:\/\/jundiai.sp.gov.br\/assistencia-e-desenvolvimento-social\/wp-json\/wp\/v2\/pages\/303\/revisions\/2461"}],"wp:attachment":[{"href":"https:\/\/jundiai.sp.gov.br\/assistencia-e-desenvolvimento-social\/wp-json\/wp\/v2\/media?parent=303"}],"curies":[{"name":"wp","href":"https:\/\/api.w.org\/{rel}","templated":true}]}}