{"id":448,"date":"2018-01-10T14:42:32","date_gmt":"2018-01-10T16:42:32","guid":{"rendered":"https:\/\/jundiai.sp.gov.br\/assistencia-e-desenvolvimento-social\/?page_id=448"},"modified":"2018-06-04T12:25:42","modified_gmt":"2018-06-04T15:25:42","slug":"edital-de-chamamento-publico-prestacao-de-servico-de-convivencia-e-fortalecimento-de-vinculos","status":"publish","type":"page","link":"https:\/\/jundiai.sp.gov.br\/assistencia-e-desenvolvimento-social\/links\/edital-de-chamamento-publico-prestacao-de-servico-de-convivencia-e-fortalecimento-de-vinculos\/","title":{"rendered":"Edital de Chamamento &#8211; Servi\u00e7o de Conviv\u00eancia e Fortalecimento de V\u00ednculos"},"content":{"rendered":"<p><a href=\"https:\/\/jundiai.sp.gov.br\/assistencia-e-desenvolvimento-social\/wp-content\/uploads\/sites\/5\/2018\/06\/imprensa-oficial-cmdca.pdf\">Imprensa Oficial no Chamamento n\u00b0 02<\/a><\/p>\n<p><a href=\"https:\/\/jundiai.sp.gov.br\/assistencia-e-desenvolvimento-social\/wp-content\/uploads\/sites\/5\/2018\/06\/extrato-de-julgamento-da-classificacao-das-propostas-scfv.pdf\">Extrato de Classifica\u00e7\u00e3o no Chamamento n\u00b0 01<\/a><\/p>\n<p><a href=\"https:\/\/jundiai.sp.gov.br\/assistencia-e-desenvolvimento-social\/wp-content\/uploads\/sites\/5\/2018\/01\/edital-edital-de-chamamento-publico-prestacao-de-servico-de-convivencia-e-fortalecimento-de-vinculos-scfv.pdf\" target=\"_blank\" rel=\"noopener\">Edital de Chamamento P\u00fablico &#8211; Presta\u00e7\u00e3o de Servi\u00e7o de Conviv\u00eancia e Fortalecimento de V\u00ednculos (SCFV)<\/a><\/p>\n","protected":false},"excerpt":{"rendered":"<p>Imprensa Oficial no Chamamento n\u00b0 02 Extrato de Classifica\u00e7\u00e3o no Chamamento n\u00b0 01 Edital de Chamamento P\u00fablico &#8211; Presta\u00e7\u00e3o de Servi\u00e7o de Conviv\u00eancia e Fortalecimento de V\u00ednculos (SCFV)<\/p>\n","protected":false},"author":14,"featured_media":0,"parent":49,"menu_order":1,"comment_status":"closed","ping_status":"closed","template":"","meta":{"footnotes":""},"class_list":["post-448","page","type-page","status-publish","hentry"],"_links":{"self":[{"href":"https:\/\/jundiai.sp.gov.br\/assistencia-e-desenvolvimento-social\/wp-json\/wp\/v2\/pages\/448","targetHints":{"allow":["GET"]}}],"collection":[{"href":"https:\/\/jundiai.sp.gov.br\/assistencia-e-desenvolvimento-social\/wp-json\/wp\/v2\/pages"}],"about":[{"href":"https:\/\/jundiai.sp.gov.br\/assistencia-e-desenvolvimento-social\/wp-json\/wp\/v2\/types\/page"}],"author":[{"embeddable":true,"href":"https:\/\/jundiai.sp.gov.br\/assistencia-e-desenvolvimento-social\/wp-json\/wp\/v2\/users\/14"}],"replies":[{"embeddable":true,"href":"https:\/\/jundiai.sp.gov.br\/assistencia-e-desenvolvimento-social\/wp-json\/wp\/v2\/comments?post=448"}],"version-history":[{"count":6,"href":"https:\/\/jundiai.sp.gov.br\/assistencia-e-desenvolvimento-social\/wp-json\/wp\/v2\/pages\/448\/revisions"}],"predecessor-version":[{"id":502,"href":"https:\/\/jundiai.sp.gov.br\/assistencia-e-desenvolvimento-social\/wp-json\/wp\/v2\/pages\/448\/revisions\/502"}],"up":[{"embeddable":true,"href":"https:\/\/jundiai.sp.gov.br\/assistencia-e-desenvolvimento-social\/wp-json\/wp\/v2\/pages\/49"}],"wp:attachment":[{"href":"https:\/\/jundiai.sp.gov.br\/assistencia-e-desenvolvimento-social\/wp-json\/wp\/v2\/media?parent=448"}],"curies":[{"name":"wp","href":"https:\/\/api.w.org\/{rel}","templated":true}]}}