{"id":485,"date":"2018-05-17T15:36:20","date_gmt":"2018-05-17T18:36:20","guid":{"rendered":"https:\/\/jundiai.sp.gov.br\/assistencia-e-desenvolvimento-social\/?page_id=485"},"modified":"2019-06-04T11:21:13","modified_gmt":"2019-06-04T14:21:13","slug":"eleicao-comsea","status":"publish","type":"page","link":"https:\/\/jundiai.sp.gov.br\/assistencia-e-desenvolvimento-social\/eleicao-comsea\/","title":{"rendered":"Elei\u00e7\u00e3o para Conselheiro e Delegados do CONSEA &#8211; Mandato 2018\/2020"},"content":{"rendered":"<h2 class=\"m_-7119264281654854881gmail-pagina-titulo\">PRORROGA\u00c7\u00c3O DAS INSCRI\u00c7\u00d5ES<\/h2>\n<h2 class=\"m_-7119264281654854881gmail-pagina-titulo\">Elei\u00e7\u00e3o para Conselheiro e Delegados do COMSEA \u2013 Mandato 2018\/2020<\/h2>\n<p>PLEN\u00c1RIA MUNICIPAL DE RECOMPOSI\u00c7\u00c3O DOS MEMBROS REPRESENTANTES DA SOCIEDADE CIVIL NO CONSELHO MUNICIPAL DE SEGURAN\u00c7A ALIMENTAR E NUTRICIONAL DE JUNDIA\u00cd \u2013 RECOMPOSI\u00c7\u00c3O DE MANDATO<\/p>\n<p>Plen\u00e1ria:\u00a0Dia 17 de julho \u2013 09:00 horas \u2013 Local: CIESP \u2013 Avenida Doroty Nano Martinasso, n\u00ba 150 \u2013 Vila Bandeirantes, Jundia\u00ed\/SP<\/p>\n<p>Inscri\u00e7\u00e3o Prorrogadas:\u00a0a partir de 30 de maio at\u00e9 28 de junho de 2019, pessoalmente no Conselho Municipal de Seguran\u00e7a Alimentar e Nutricional de Jundia\u00ed. Localizado na Rua Senador Fonseca, 605 \u2013 Centro, Jundia\u00ed\/SP das 11:00 \u00e0s 17:00 horas ou por e-mail:\u00a0<a href=\"mailto:consea-jd@jundiai.sp.gov.br\" target=\"_blank\" rel=\"noopener noreferrer\">consea-jd@jundiai.sp.gov.br<\/a><\/p>\n<p><a href=\"https:\/\/jundiai.sp.gov.br\/assistencia-e-desenvolvimento-social\/wp-content\/uploads\/sites\/5\/2019\/06\/ficha-de-inscricao-2-2.pdf\" target=\"_blank\" rel=\"noopener noreferrer\" data-saferedirecturl=\"https:\/\/www.google.com\/url?q=https:\/\/jundiai.sp.gov.br\/assistencia-e-desenvolvimento-social\/wp-content\/uploads\/sites\/5\/2019\/05\/ficha-de-inscricao.pdf&amp;source=gmail&amp;ust=1559237388512000&amp;usg=AFQjCNEoUAds4OOs9AXrKnIW3kUmnrWSqw\">Clique aqui para baixar a ficha de inscri\u00e7\u00e3o, preencha e entregue na UGADS<\/a>, ou preencha o formul\u00e1rio abaixo para realizar a sua inscri\u00e7\u00e3o:<\/p>\n<hr \/>\n<h2><\/h2>\n","protected":false},"excerpt":{"rendered":"<p>PRORROGA\u00c7\u00c3O DAS INSCRI\u00c7\u00d5ES Elei\u00e7\u00e3o para Conselheiro e Delegados do COMSEA \u2013 Mandato 2018\/2020 PLEN\u00c1RIA MUNICIPAL DE RECOMPOSI\u00c7\u00c3O DOS MEMBROS REPRESENTANTES DA SOCIEDADE CIVIL NO CONSELHO MUNICIPAL DE SEGURAN\u00c7A ALIMENTAR E NUTRICIONAL DE JUNDIA\u00cd \u2013 RECOMPOSI\u00c7\u00c3O DE MANDATO Plen\u00e1ria:\u00a0Dia 17 de julho \u2013 09:00 horas \u2013 Local: CIESP \u2013 Avenida Doroty Nano Martinasso, n\u00ba 150 \u2013 [&hellip;]<\/p>\n","protected":false},"author":8,"featured_media":0,"parent":0,"menu_order":0,"comment_status":"closed","ping_status":"closed","template":"","meta":{"footnotes":""},"class_list":["post-485","page","type-page","status-publish","hentry"],"_links":{"self":[{"href":"https:\/\/jundiai.sp.gov.br\/assistencia-e-desenvolvimento-social\/wp-json\/wp\/v2\/pages\/485","targetHints":{"allow":["GET"]}}],"collection":[{"href":"https:\/\/jundiai.sp.gov.br\/assistencia-e-desenvolvimento-social\/wp-json\/wp\/v2\/pages"}],"about":[{"href":"https:\/\/jundiai.sp.gov.br\/assistencia-e-desenvolvimento-social\/wp-json\/wp\/v2\/types\/page"}],"author":[{"embeddable":true,"href":"https:\/\/jundiai.sp.gov.br\/assistencia-e-desenvolvimento-social\/wp-json\/wp\/v2\/users\/8"}],"replies":[{"embeddable":true,"href":"https:\/\/jundiai.sp.gov.br\/assistencia-e-desenvolvimento-social\/wp-json\/wp\/v2\/comments?post=485"}],"version-history":[{"count":18,"href":"https:\/\/jundiai.sp.gov.br\/assistencia-e-desenvolvimento-social\/wp-json\/wp\/v2\/pages\/485\/revisions"}],"predecessor-version":[{"id":548,"href":"https:\/\/jundiai.sp.gov.br\/assistencia-e-desenvolvimento-social\/wp-json\/wp\/v2\/pages\/485\/revisions\/548"}],"wp:attachment":[{"href":"https:\/\/jundiai.sp.gov.br\/assistencia-e-desenvolvimento-social\/wp-json\/wp\/v2\/media?parent=485"}],"curies":[{"name":"wp","href":"https:\/\/api.w.org\/{rel}","templated":true}]}}