{"id":6,"date":"2014-08-13T19:34:59","date_gmt":"2014-08-13T22:34:59","guid":{"rendered":"https:\/\/jundiai.sp.gov.br\/assistencia-e-desenvolvimento-social\/?page_id=6"},"modified":"2025-12-04T14:00:20","modified_gmt":"2025-12-04T17:00:20","slug":"assistencia-e-desenvolvimento-social","status":"publish","type":"page","link":"https:\/\/jundiai.sp.gov.br\/assistencia-e-desenvolvimento-social\/","title":{"rendered":"Assist\u00eancia e Desenvolvimento Social"},"content":{"rendered":"\n<p><strong>A Secretaria Municipal de Assist\u00eancia e Desenvolvimento Social tem por finalidade coordenar as a\u00e7\u00f5es e a pol\u00edtica de assist\u00eancia e desenvolvimento social do Munic\u00edpio, suportada pela seguinte estrutura org\u00e2nica b\u00e1sica:<\/strong><\/p>\n\n\n\n<ul class=\"wp-block-list\">\n<li>Coordenadoria Executiva de Assist\u00eancia e Desenvolvimento Social;<\/li>\n\n\n\n<li>Departamento de Planejamento, Gest\u00e3o e Finan\u00e7as;<\/li>\n\n\n\n<li>Departamento de Prote\u00e7\u00e3o Social ;<\/li>\n\n\n\n<li>Departamento de Pol\u00edticas Complementares;<\/li>\n\n\n\n<li>Departamento de Vigil\u00e2ncia Social;<\/li>\n<\/ul>\n\n\n\n<p>Atuam por coordena\u00e7\u00e3o administrativa a Secretaria Municipal de Assist\u00eancia e Desenvolvimento Social e a&nbsp;<a href=\"https:\/\/jundiai.sp.gov.br\/habitacao-social\/\" target=\"_blank\" rel=\"noreferrer noopener\"><strong>SEHAB \u2013 SECRETARIA MUNICIPAL DE HABITA\u00c7\u00c3O SOCIAL<\/strong><\/a>.<\/p>\n\n\n\n<p><strong>Contatos<\/strong><\/p>\n\n\n\n<p><strong>Gabinete da Gestora de Assist\u00eancia e Desenvolvimento Social<\/strong><strong><br><\/strong><strong><\/strong>Avenida Ant\u00f4nio Segre, 81, Jardim Brasil<br>Telefone: (11) 4589-6754<br>E-mail:&nbsp;<strong><a href=\"mailto:ugads@jundiai.sp.gov.br\" target=\"_blank\" rel=\"noreferrer noopener\">ugads@jundiai.sp.gov.br<\/a><\/strong><\/p>\n\n\n\n<p><strong>Se\u00e7\u00e3o de Atendimento:<\/strong><strong><br><\/strong>Hor\u00e1rio de funcionamento \u00e9 das 8h \u00e0s 17h<br>Telefones: (11) 4589-6751<br><br><strong>Departamento de Planejamento, Gest\u00e3o e Finan\u00e7as<\/strong><strong><br><\/strong>Telefone: (11) 4589-6761<\/p>\n\n\n\n<p><strong>Departamento de Prote\u00e7\u00e3o Social<\/strong><br>Telefone: (11) 4589-6762<\/p>\n\n\n\n<p><strong>Departamento de Pol\u00edticas Complementares<\/strong><br>Telefone: (11) 4589-6772<br><br><strong>Departamento de Vigil\u00e2ncia Social<br><\/strong>Telefone: (11) 4589-6758<\/p>\n\n\n\n<p><strong>Conselhos Municipais vinculados \u00e0 SMADS<\/strong><strong><br><\/strong>Avenida Ant\u00f4nio Segre, 81, Jardim Brasil<\/p>\n\n\n\n<p><\/p>\n\n\n\n<ul class=\"wp-block-list\">\n<li><strong>Conselho Municipal dos Direitos da Pessoa Idosa COMDIPI)<br><\/strong> Telefone: (11) 4589-6778<br>E-mail: <strong><a href=\"mailto:comdipi@jundiai.sp.gov.br\" target=\"_blank\" rel=\"noreferrer noopener\">comdipi@jundiai.sp.gov.br<\/a><\/strong><br><br><\/li>\n\n\n\n<li><a href=\"http:\/\/cmas.jundiai.sp.gov.br\/\" target=\"_blank\" rel=\"noreferrer noopener\"><strong>Conselho Municipal de Assist\u00eancia Social (CMAS)<br><\/strong><\/a>Telefone: (11) 4589-6778<br>E-mail: <a href=\"mailto:cmas@jundiai.sp.gov.br\" target=\"_blank\" rel=\"noreferrer noopener\"><strong>cmas@jundiai.sp.gov.br<\/strong><\/a><br><br><\/li>\n\n\n\n<li><strong>Conselho de Seguran\u00e7a Alimentar e Nutricional (COMSEA)<\/strong><br>Telefone: (11) 4589-6778<br>E-mail: <a href=\"mailto:consea-jd@jundiai.sp.gov.br\" target=\"_blank\" rel=\"noreferrer noopener\">consea-jd@jundiai.sp.gov.br<\/a><br><br><\/li>\n\n\n\n<li><a href=\"http:\/\/cmdca.jundiai.sp.gov.br\/\" target=\"_blank\" rel=\"noreferrer noopener\"><strong>Conselho Municipal dos Direitos da Crian\u00e7a e do Adolescente (CMDCA)<\/strong><strong><br><\/strong><\/a> Telefone: (11) 4589-6777<br>E-mail: <strong><a href=\"mailto:cmdca@jundiai.sp.gov.br\" target=\"_blank\" rel=\"noreferrer noopener\">cmdca@jundiai.sp.gov.br<\/a><\/strong><\/li>\n<\/ul>\n\n\n\n<p><strong>Cadastro \u00danico \u2013 CAD \u00danico<\/strong><strong><br><\/strong>Telefones: (11) 4522-4568 (11) 94033-0084 (Celular e atendimento por WhatsApp)<br>E-mail:&nbsp;<strong><a href=\"mailto:cadastrounico@jundiai.sp.gov.br\" target=\"_blank\" rel=\"noreferrer noopener\">cadastrounico@jundiai.sp.gov.br<\/a><\/strong><\/p>\n\n\n\n<p><strong>Centro de Refer\u00eancia de Assist\u00eancia Social \u2013 CRAS CENTRAL<\/strong><strong><br><\/strong>Rua Senador Fonseca, 605 \u2013 Centro<br>Telefone: (11) 4589-6868<br>E-mail:&nbsp;<a href=\"mailto:crascentral@jundiai.sp.gov.br\" target=\"_blank\" rel=\"noreferrer noopener\"><strong>crascentral@jundiai.sp.gov.br<\/strong><\/a><\/p>\n\n\n\n<p><strong>Centro de Refer\u00eancia de Assist\u00eancia Social \u2013 CRAS SUL&nbsp;<\/strong><br>Rua Padre Norberto Mojola, 40 \u2013 Jardim Santa Gertrudes<br>Telefone: (11) 4589-6898<br>E-mail:&nbsp;<strong><a href=\"mailto:crassul@jundiai.sp.gov.br\" target=\"_blank\" rel=\"noreferrer noopener\">crassul@jundiai.sp.gov.br<\/a><\/strong><\/p>\n\n\n\n<p><strong>Centro de Refer\u00eancia de Assist\u00eancia Social \u2013 CRAS NORDESTE<\/strong><strong><br><\/strong>Rua Rio de Janeiro, 808 \u2013 Jardim Tarum\u00e3<br>Telefones: (11) 4589-6884<br>E-mail:&nbsp;<strong><a href=\"mailto:crasnordeste@jundiai.sp.gov.br\" target=\"_blank\" rel=\"noreferrer noopener\">crasnordeste@jundiai.sp.gov.br<\/a><\/strong><\/p>\n\n\n\n<p><strong>Centro de Refer\u00eancia de Assist\u00eancia Social \u2013 CRAS OESTE<\/strong><strong><br><\/strong>Avenida Prof\u00aa. Danielle Louren\u00e7on, 561 \u2013 Jardim Novo Horizonte<br>Telefone: (11) 4589-6876<br>E-mail:&nbsp;&nbsp;<strong><a href=\"mailto:crasoeste@jundiai.sp.gov.br\" target=\"_blank\" rel=\"noreferrer noopener\">crasoeste@jundiai.sp.gov.br<\/a><\/strong><\/p>\n\n\n\n<p><strong>Centro de Refer\u00eancia de Assist\u00eancia Social \u2013 CRAS LESTE<\/strong><strong><br><\/strong><strong><\/strong>Rua Manoel de Almeida Curado, 137 \u2013 Jardim Tamoio<br>Telefones: (11) 4589-6412 e 4589-6411<br>E-mail:&nbsp;&nbsp;<strong><a href=\"mailto:crasleste@jundiai.sp.gov.br\" target=\"_blank\" rel=\"noreferrer noopener\">crasleste@jundiai.sp.gov.br<\/a><\/strong><\/p>\n\n\n\n<p><strong>Centro de Refer\u00eancia de Assist\u00eancia Social \u2013 CRAS NORTE<\/strong><strong><br><\/strong>Endere\u00e7o provis\u00f3rio: Centro de Conviv\u00eancia do Idoso (CCI) Hortol\u00e2ndia \u2013 Avenida Alexandre Ludke, 700, Cidade Administrativa<br>Telefone: (11) 94087-4564<br>E-mail:&nbsp;<strong>&nbsp;<a href=\"mailto:crasnorte@jundiai.sp.gov.br\" target=\"_blank\" rel=\"noreferrer noopener\">crasnorte@jundiai.sp.gov.br<\/a><\/strong><\/p>\n\n\n\n<p><strong>Centro de Refer\u00eancia Especializado da Assist\u00eancia Social \u2013 CREAS Centro<\/strong><strong><br><\/strong><strong><\/strong>Endere\u00e7o: Rua 23 de Maio, 38, Vianelo<br>Telefone: (11) 4589-6381<br>E-mail:&nbsp;<strong><a href=\"mailto:creas@jundiai.sp.gov.br\" target=\"_blank\" rel=\"noreferrer noopener\">creas@jundiai.sp.gov.br<\/a><\/strong><\/p>\n\n\n\n<p><strong>Centro de Refer\u00eancia Especializado da Assist\u00eancia Social \u2013 CREAS Oeste<\/strong><strong><br><\/strong>Endere\u00e7o: Avenida Professora Danielle Louren\u00e7on, 81 Jardim Novo Horizonte CEP: 13213-450<br>Telefone: 4589-6398<br>Celular: (11) 9.4032-7022<br>E-mail:&nbsp;<strong><a href=\"mailto:creasoeste@jundiai.sp.gov.br\" target=\"_blank\" rel=\"noreferrer noopener\">creasoeste@jundiai.sp.gov.br<\/a><\/strong><\/p>\n\n\n\n<p><strong>Centro de Refer\u00eancia Especializado da Assist\u00eancia Social para popula\u00e7\u00e3o em situa\u00e7\u00e3o de rua \u2013 Centro Pop<\/strong><strong><br><\/strong>Rua Marechal Deodoro da Fonseca, 504, Centro<br>Telefone: (11) 4589-6361 e 4589- 6365<br>E-mail:&nbsp;<strong><a href=\"mailto:centropop@jundiai.sp.gov.br\" target=\"_blank\" rel=\"noreferrer noopener\">centropop@jundiai.sp.gov.br<\/a><\/strong><\/p>\n\n\n\n<p><strong>Servi\u00e7o Especial de Abordagem Social (SEAS) \u2013 24 horas&nbsp;<\/strong>&nbsp;<br>Telefone: (11) 98531-0146<\/p>\n\n\n\n<p><strong>Centro de Conviv\u00eancia do Idoso &#8211; CCI Argos&nbsp;<\/strong><br>Avenida Dr. Cavalcanti, 396, Complexo Argos<br>Telefone: (11) 4589-0316<br>E-mail:&nbsp;<strong><a href=\"mailto:cciargos@jundiai.sp.gov.br\" target=\"_blank\" rel=\"noreferrer noopener\">cciargos@jundiai.sp.gov.br<\/a><\/strong><\/p>\n\n\n\n<p><strong>Divis\u00e3o de Gest\u00e3o Log\u00edstica e Administrativa &#8211; DGLA<\/strong><strong><br><\/strong>Avenida Dr. Pedro Soares de Camargo, 587 \u2013 Anhangaba\u00fa<br>Telefone: (11) 4589-6913<\/p>\n\n\n\n<p><strong>Conselho Tutelar 1<\/strong><strong><br><\/strong>Rua Petronilha Antunes, 305, Centro<br>Telefone: (11) 4521-4608<br><strong>Telefone de Plant\u00e3o:<\/strong>&nbsp;(11) 95550-9938<br>E-mail:&nbsp;<strong><a href=\"mailto:ctutelar1@jundiai.sp.gov.br\" target=\"_blank\" rel=\"noreferrer noopener\">ctutelar1@jundiai.sp.gov.br<\/a><\/strong><\/p>\n\n\n\n<p><strong>Conselho Tutelar 2<br><\/strong>Rua das Pitangueiras, 42, Jardim Pitangueiras<br>Telefone: (11)4589-6856&nbsp;\/ (11)4526-77-26<br>T<strong>elefone de Plant\u00e3o:<\/strong>&nbsp;(11) 95606-3620<br>E-mail:&nbsp;<strong><a href=\"mailto:ctutelar2@jundiai.sp.gov.br\" target=\"_blank\" rel=\"noreferrer noopener\">ctutelar2@jundiai.sp.gov.br<\/a><\/strong><\/p>\n\n\n\n<p><strong>Conselho Tutelar 3<br><\/strong>Rua \u00c2ngelo Pernambuco, 90, Jardim Ermida II<br>Telefone: (11) 4589-9280&nbsp;<br><strong>Telefone de Plant\u00e3o:<\/strong>&nbsp;(11) 99681-5403<br>E-mail:&nbsp;<strong><a href=\"mailto:ctutelar3@jundiai.sp.gov.br\" target=\"_blank\" rel=\"noreferrer noopener\">ctutelar3@jundiai.sp.gov.br<\/a><\/strong><\/p>\n","protected":false},"excerpt":{"rendered":"<p>A Secretaria Municipal de Assist\u00eancia e Desenvolvimento Social tem por finalidade coordenar as a\u00e7\u00f5es e a pol\u00edtica de assist\u00eancia e desenvolvimento social do Munic\u00edpio, suportada pela seguinte estrutura org\u00e2nica b\u00e1sica: Atuam por coordena\u00e7\u00e3o administrativa a Secretaria Municipal de Assist\u00eancia e Desenvolvimento Social e a&nbsp;SEHAB \u2013 SECRETARIA MUNICIPAL DE HABITA\u00c7\u00c3O SOCIAL. Contatos Gabinete da Gestora de [&hellip;]<\/p>\n","protected":false},"author":8,"featured_media":0,"parent":0,"menu_order":0,"comment_status":"open","ping_status":"closed","template":"","meta":{"footnotes":""},"class_list":["post-6","page","type-page","status-publish","hentry"],"_links":{"self":[{"href":"https:\/\/jundiai.sp.gov.br\/assistencia-e-desenvolvimento-social\/wp-json\/wp\/v2\/pages\/6","targetHints":{"allow":["GET"]}}],"collection":[{"href":"https:\/\/jundiai.sp.gov.br\/assistencia-e-desenvolvimento-social\/wp-json\/wp\/v2\/pages"}],"about":[{"href":"https:\/\/jundiai.sp.gov.br\/assistencia-e-desenvolvimento-social\/wp-json\/wp\/v2\/types\/page"}],"author":[{"embeddable":true,"href":"https:\/\/jundiai.sp.gov.br\/assistencia-e-desenvolvimento-social\/wp-json\/wp\/v2\/users\/8"}],"replies":[{"embeddable":true,"href":"https:\/\/jundiai.sp.gov.br\/assistencia-e-desenvolvimento-social\/wp-json\/wp\/v2\/comments?post=6"}],"version-history":[{"count":149,"href":"https:\/\/jundiai.sp.gov.br\/assistencia-e-desenvolvimento-social\/wp-json\/wp\/v2\/pages\/6\/revisions"}],"predecessor-version":[{"id":2545,"href":"https:\/\/jundiai.sp.gov.br\/assistencia-e-desenvolvimento-social\/wp-json\/wp\/v2\/pages\/6\/revisions\/2545"}],"wp:attachment":[{"href":"https:\/\/jundiai.sp.gov.br\/assistencia-e-desenvolvimento-social\/wp-json\/wp\/v2\/media?parent=6"}],"curies":[{"name":"wp","href":"https:\/\/api.w.org\/{rel}","templated":true}]}}