{"id":66,"date":"2014-08-26T12:01:25","date_gmt":"2014-08-26T15:01:25","guid":{"rendered":"https:\/\/jundiai.sp.gov.br\/assistencia-e-desenvolvimento-social\/?page_id=66"},"modified":"2026-04-01T17:11:37","modified_gmt":"2026-04-01T20:11:37","slug":"conselhos-tutelares","status":"publish","type":"page","link":"https:\/\/jundiai.sp.gov.br\/assistencia-e-desenvolvimento-social\/conselhos-tutelares\/","title":{"rendered":"Conselhos Tutelares"},"content":{"rendered":"\n<p><strong>Conselhos Tutelares<\/strong><\/p>\n\n\n\n<p>O Conselho Tutelar \u00e9 \u00f3rg\u00e3o permanente e aut\u00f4nomo, n\u00e3o jurisdicional, encarregado pela sociedade de zelar pelo cumprimento dos direitos da crian\u00e7a e do adolescente, definidos nesta Lei. (art 131 \u2013 ECA)<\/p>\n\n\n\n<p><a href=\"http:\/\/cmdca.jundiai.sp.gov.br\/conselho-tutelar\/\" target=\"_blank\" rel=\"noopener noreferrer\">Confira as informa\u00e7\u00f5es sobre os Conselhos Tutelares no site do Conselho Municipal dos Direitos das Crian\u00e7as e dos Adolescentes (CMDCA)<\/a><\/p>\n\n\n\n<p><strong>Divis\u00e3o Abrang\u00eancia de Bairros<\/strong><\/p>\n\n\n<div class=\"wp-block-image size-full wp-image-364\">\n<figure class=\"aligncenter\"><img loading=\"lazy\" decoding=\"async\" width=\"1039\" height=\"1084\" src=\"https:\/\/jundiai.sp.gov.br\/assistencia-e-desenvolvimento-social\/wp-content\/uploads\/sites\/5\/2014\/08\/Vigil\u00e2ncia-Social-Conselhos-Tutelares-Divis\u00e3o-Abrang\u00eancia-de-Bairros-2.png\" alt=\"\" class=\"wp-image-364\" srcset=\"https:\/\/jundiai.sp.gov.br\/assistencia-e-desenvolvimento-social\/wp-content\/uploads\/sites\/5\/2014\/08\/Vigil\u00e2ncia-Social-Conselhos-Tutelares-Divis\u00e3o-Abrang\u00eancia-de-Bairros-2.png 1039w, https:\/\/jundiai.sp.gov.br\/assistencia-e-desenvolvimento-social\/wp-content\/uploads\/sites\/5\/2014\/08\/Vigil\u00e2ncia-Social-Conselhos-Tutelares-Divis\u00e3o-Abrang\u00eancia-de-Bairros-2-300x313.png 300w, https:\/\/jundiai.sp.gov.br\/assistencia-e-desenvolvimento-social\/wp-content\/uploads\/sites\/5\/2014\/08\/Vigil\u00e2ncia-Social-Conselhos-Tutelares-Divis\u00e3o-Abrang\u00eancia-de-Bairros-2-768x801.png 768w, https:\/\/jundiai.sp.gov.br\/assistencia-e-desenvolvimento-social\/wp-content\/uploads\/sites\/5\/2014\/08\/Vigil\u00e2ncia-Social-Conselhos-Tutelares-Divis\u00e3o-Abrang\u00eancia-de-Bairros-2-920x960.png 920w\" sizes=\"auto, (max-width: 1039px) 100vw, 1039px\" \/><figcaption class=\"wp-element-caption\">Vigil\u00e2ncia Social Conselhos Tutelares \u2013 Divis\u00e3o Abrang\u00eancia de Bairros<\/figcaption><\/figure>\n<\/div>\n\n\n<p><strong>S\u00e3o atribui\u00e7\u00f5es do Conselho Tutelar:<\/strong><\/p>\n\n\n\n<p>I &#8211; atender as crian\u00e7as e adolescentes nas hip\u00f3teses previstas nos arts. 98 e 105, aplicando as medidas previstas no art. 101, I a VII;<\/p>\n\n\n\n<p>II &#8211; atender e aconselhar os pais ou respons\u00e1vel, aplicando as medidas previstas no art. 129, I a VII;<\/p>\n\n\n\n<p>III &#8211; promover a execu\u00e7\u00e3o de suas decis\u00f5es, podendo para tanto:<\/p>\n\n\n\n<p>a) requisitar servi\u00e7os p\u00fablicos nas \u00e1reas de sa\u00fade, educa\u00e7\u00e3o, servi\u00e7o social, previd\u00eancia, trabalho e seguran\u00e7a;<\/p>\n\n\n\n<p>b) representar junto \u00e0 autoridade judici\u00e1ria nos casos de descumprimento injustificado de suas delibera\u00e7\u00f5es.<\/p>\n\n\n\n<p>IV &#8211; encaminhar ao Minist\u00e9rio P\u00fablico not\u00edcia de fato que constitua infra\u00e7\u00e3o administrativa ou penal contra os direitos da crian\u00e7a ou adolescente;<\/p>\n\n\n\n<p>V &#8211; encaminhar \u00e0 autoridade judici\u00e1ria os casos de sua compet\u00eancia;<\/p>\n\n\n\n<p>VI &#8211; providenciar a medida estabelecida pela autoridade judici\u00e1ria, dentre as previstas no art. 101, de I a VI, para o adolescente autor de ato infracional;<\/p>\n\n\n\n<p>VII &#8211; expedir notifica\u00e7\u00f5es;<\/p>\n\n\n\n<p>VIII &#8211; requisitar certid\u00f5es de nascimento e de \u00f3bito de crian\u00e7a ou adolescente quando necess\u00e1rio;<\/p>\n\n\n\n<p>IX &#8211; assessorar o Poder Executivo local na elabora\u00e7\u00e3o da proposta or\u00e7ament\u00e1ria para planos e programas de atendimento dos direitos da crian\u00e7a e do adolescente;<\/p>\n\n\n\n<p>X &#8211; representar, em nome da pessoa e da fam\u00edlia, contra a viola\u00e7\u00e3o dos direitos previstos no&nbsp;<a href=\"http:\/\/www.planalto.gov.br\/ccivil_03\/Constituicao\/Constituicao.htm#art220\u00a73ii\">art. 220, \u00a7 3\u00ba, inciso II, da Constitui\u00e7\u00e3o Federal<\/a>;<\/p>\n\n\n\n<p>XI &#8211; representar ao Minist\u00e9rio P\u00fablico para efeito das a\u00e7\u00f5es de perda ou suspens\u00e3o do poder familiar, ap\u00f3s esgotadas as possibilidades de manuten\u00e7\u00e3o da crian\u00e7a ou do adolescente junto \u00e0 fam\u00edlia natural.<\/p>\n\n\n\n<p>Par\u00e1grafo \u00fanico:&nbsp; Se, no exerc\u00edcio de suas atribui\u00e7\u00f5es, o Conselho Tutelar entender necess\u00e1rio o afastamento do conv\u00edvio familiar, comunicar\u00e1 incontinenti o fato ao Minist\u00e9rio P\u00fablico, prestando-lhe informa\u00e7\u00f5es sobre os motivos de tal entendimento e as provid\u00eancias tomadas para a orienta\u00e7\u00e3o, o apoio e a promo\u00e7\u00e3o social da fam\u00edlia.<\/p>\n\n\n\n<p>Art. 137. As decis\u00f5es do Conselho Tutelar somente poder\u00e3o ser revistas pela autoridade judici\u00e1ria a pedido de quem tenha leg\u00edtimo interesse.<\/p>\n\n\n\n<p><strong>Confira a <\/strong><a href=\"https:\/\/transparencia.jundiai.sp.gov.br\/wp-content\/uploads\/Portaria-no-02-de-02-Janeiro-de-2024-1.pdf\">Portaria n\u00ba 02 de 02 Janeiro de 2024<\/a><strong>, que nomeia a composi\u00e7\u00e3o dos Conselhos Tutelares.<\/strong><\/p>\n\n\n\n<p><strong>Confira a <a href=\"http:\/\/imprensaoficial.jundiai.sp.gov.br\/wp-content\/uploads\/2016\/03\/Edi%C3%A7%C3%A3o-4146_16-03-20161.pdf\" target=\"_blank\" rel=\"noopener noreferrer\">Resolu\u00e7\u00e3o n\u00ba 105 de 11 de Mar\u00e7o de 2016, que disp\u00f5e sobre a \u00e1rea de atua\u00e7\u00e3o das unidades do Conselho Tutelar de Jundia\u00ed<\/a> (ver p\u00e1ginas 13 a 15)<\/strong><\/p>\n\n\n\n<p><strong>Localiza\u00e7\u00e3o dos conselhos tutelares de Jundia\u00ed:<\/strong><\/p>\n\n\n\n<h2 class=\"wp-block-heading\">Conselho Tutelar I \u2013 Gest\u00e3o 2024-2028<\/h2>\n\n\n\n<p><strong>Conselheiros:<\/strong><\/p>\n\n\n\n<ul class=\"wp-block-list\">\n<li><strong>\u00a0Amanda de Almeida, Glaucia de Amaral Brunelli, Mario Martini, Mayara Suelen Lopes e Thiago Calheiro Costa.<\/strong><\/li>\n<\/ul>\n\n\n\n<p>Rua Petronilha Antunes, n\u00ba 305 \u2013 Centro \u2013 Jundia\u00ed<\/p>\n\n\n\n<p>Fone: (11) 4521-4608<\/p>\n\n\n\n<p>Plant\u00e3o: (11) 95550-9938 (Dever\u00e1 ser acionado em situa\u00e7\u00f5es de urg\u00eancia e emerg\u00eancia, de segunda-feira \u00e0 sexta-feira, das 17h00 \u00e0s 08h00, finais de semana e feriados)<\/p>\n\n\n\n<p>E-mail:&nbsp;<a href=\"mailto:ctutelar1@jundiai.sp.gov.br\" target=\"_blank\" rel=\"noreferrer noopener\">ctutelar1@jundiai.sp.gov.br<\/a><\/p>\n\n\n\n<h2 class=\"wp-block-heading\">Conselho Tutelar II \u2013 Gest\u00e3o 2024-2028<\/h2>\n\n\n\n<p><strong>Conselheiros:<\/strong><\/p>\n\n\n\n<ul class=\"wp-block-list\">\n<li><strong>Ana Paula do Nascimento Correa, Helena Silva Santos, Jacqueline Beltrami da Costa, Maria J\u00falia Maranzato Alves Sim\u00e3o e Roseli Alves de Pontes.<\/strong><\/li>\n<\/ul>\n\n\n\n<p>Rua&nbsp;das Pitangueiras, n\u00ba 42, Jardim Pitangueiras \u2013&nbsp;Jundia\u00ed<\/p>\n\n\n\n<p>Fone: (11) 4526-7726<\/p>\n\n\n\n<p>Plant\u00e3o: (11) 95606-3620 (Dever\u00e1 ser acionado em situa\u00e7\u00f5es de urg\u00eancia e emerg\u00eancia, de segunda-feira \u00e0 sexta-feira, das 17h00 \u00e0s 08h00, finais de semana e feriados)<\/p>\n\n\n\n<p>E-mail:&nbsp;<a href=\"mailto:ctutelar2@jundiai.sp.gov.br\" target=\"_blank\" rel=\"noreferrer noopener\">ctutelar2@jundiai.sp.gov.br<\/a><\/p>\n\n\n\n<h2 class=\"wp-block-heading\">Conselho Tutelar III \u2013 Gest\u00e3o 2024-2028<\/h2>\n\n\n\n<p><strong>Conselheiros:<\/strong><\/p>\n\n\n\n<ul class=\"wp-block-list\">\n<li><strong>Adilson Santo de Azevedo, Ana Paula da Silva, Andresa Nicolino, Cleunice Santos Guedes, Fabiana Ang\u00e9lica de Souza.<\/strong><\/li>\n<\/ul>\n\n\n\n<p>Rua \u00c2ngelo Pernambuco, n\u00ba 90 \u2013 Parque Eloy Chaves \u2013 Jundia\u00ed<\/p>\n\n\n\n<p>Fone: (11) 4589-9280<\/p>\n\n\n\n<p>Plant\u00e3o: (11) 99681-5403 (Dever\u00e1 ser acionado em situa\u00e7\u00f5es de urg\u00eancia e emerg\u00eancia, de segunda-feira \u00e0 sexta-feira, das 17h00 \u00e0s 08h00, finais de semana e feriados)<\/p>\n","protected":false},"excerpt":{"rendered":"<p>Conselhos Tutelares O Conselho Tutelar \u00e9 \u00f3rg\u00e3o permanente e aut\u00f4nomo, n\u00e3o jurisdicional, encarregado pela sociedade de zelar pelo cumprimento dos direitos da crian\u00e7a e do adolescente, definidos nesta Lei. (art 131 \u2013 ECA) Confira as informa\u00e7\u00f5es sobre os Conselhos Tutelares no site do Conselho Municipal dos Direitos das Crian\u00e7as e dos Adolescentes (CMDCA) Divis\u00e3o Abrang\u00eancia [&hellip;]<\/p>\n","protected":false},"author":5,"featured_media":0,"parent":0,"menu_order":0,"comment_status":"closed","ping_status":"closed","template":"","meta":{"footnotes":""},"class_list":["post-66","page","type-page","status-publish","hentry"],"_links":{"self":[{"href":"https:\/\/jundiai.sp.gov.br\/assistencia-e-desenvolvimento-social\/wp-json\/wp\/v2\/pages\/66","targetHints":{"allow":["GET"]}}],"collection":[{"href":"https:\/\/jundiai.sp.gov.br\/assistencia-e-desenvolvimento-social\/wp-json\/wp\/v2\/pages"}],"about":[{"href":"https:\/\/jundiai.sp.gov.br\/assistencia-e-desenvolvimento-social\/wp-json\/wp\/v2\/types\/page"}],"author":[{"embeddable":true,"href":"https:\/\/jundiai.sp.gov.br\/assistencia-e-desenvolvimento-social\/wp-json\/wp\/v2\/users\/5"}],"replies":[{"embeddable":true,"href":"https:\/\/jundiai.sp.gov.br\/assistencia-e-desenvolvimento-social\/wp-json\/wp\/v2\/comments?post=66"}],"version-history":[{"count":39,"href":"https:\/\/jundiai.sp.gov.br\/assistencia-e-desenvolvimento-social\/wp-json\/wp\/v2\/pages\/66\/revisions"}],"predecessor-version":[{"id":2548,"href":"https:\/\/jundiai.sp.gov.br\/assistencia-e-desenvolvimento-social\/wp-json\/wp\/v2\/pages\/66\/revisions\/2548"}],"wp:attachment":[{"href":"https:\/\/jundiai.sp.gov.br\/assistencia-e-desenvolvimento-social\/wp-json\/wp\/v2\/media?parent=66"}],"curies":[{"name":"wp","href":"https:\/\/api.w.org\/{rel}","templated":true}]}}