{"id":69,"date":"2014-09-11T18:14:37","date_gmt":"2014-09-11T21:14:37","guid":{"rendered":"https:\/\/jundiai.sp.gov.br\/assistencia-e-desenvolvimento-social\/?page_id=69"},"modified":"2025-02-19T13:46:52","modified_gmt":"2025-02-19T16:46:52","slug":"conselho","status":"publish","type":"page","link":"https:\/\/jundiai.sp.gov.br\/assistencia-e-desenvolvimento-social\/conselho\/","title":{"rendered":"Conselhos"},"content":{"rendered":"\n<p>O controle social pode ser feito individualmente, por qualquer cidad\u00e3o, ou por um grupo de pessoas. Os conselhos gestores de pol\u00edticas p\u00fablicas s\u00e3o canais efetivos de participa\u00e7\u00e3o. Permitem estabelecer uma sociedade na qual a cidadania deixe de ser apenas um direito, mas uma realidade. A import\u00e2ncia dos conselhos est\u00e1 no seu papel de fortalecimento da participa\u00e7\u00e3o democr\u00e1tica da popula\u00e7\u00e3o na formula\u00e7\u00e3o e implementa\u00e7\u00e3o de pol\u00edticas p\u00fablicas.<\/p>\n\n\n\n<p>Os conselhos s\u00e3o espa\u00e7os p\u00fablicos de composi\u00e7\u00e3o plural e parit\u00e1ria entre Estado e sociedade civil, de natureza deliberativa e consultiva, cuja fun\u00e7\u00e3o \u00e9 formular e controlar a execu\u00e7\u00e3o das pol\u00edticas p\u00fablicas setoriais. Os conselhos s\u00e3o o principal canal de participa\u00e7\u00e3o popular encontrada nas tr\u00eas inst\u00e2ncias de governo (federal, estadual e municipal).<\/p>\n\n\n\n<h2 class=\"wp-block-heading\">Conselhos Municipais vinculados \u00e0 Unidade de Gest\u00e3o de Assist\u00eancia e Desenvolvimento Social<\/h2>\n\n\n\n<p><strong>Endere\u00e7o:<\/strong> Av. Antonio Segre, 81, Ponte de Campinas<br><strong>Telefone:<\/strong>&nbsp;(11) 4589-6777&nbsp; \/ (11) 4589-6778<\/p>\n\n\n\n<p><strong>Conselho Municipal de Assist\u00eancia Social (CMAS)<\/strong><br> <a href=\"https:\/\/cmas.jundiai.sp.gov.br\/conselheiros\/\" target=\"_blank\" rel=\"noopener\">Conselheiros<\/a><br> <strong>E-mail: <a href=\"mailto:%20cmas@jundiai.sp.gov.br\" target=\"_blank\" rel=\"noopener\">cmas@jundiai.sp.gov.br<\/a><\/strong><br> <strong>Site: <a href=\"http:\/\/cmas.jundiai.sp.gov.br\/\" target=\"_blank\" rel=\"noopener\">CMAS Jundia\u00ed<\/a><\/strong><br> <strong>Facebook: <a href=\"https:\/\/www.facebook.com\/conhecaCmas\" target=\"_blank\" rel=\"noopener\">CMAS Jundia\u00ed<\/a><\/strong><\/p>\n\n\n\n<p><strong>Conselho Municipal dos Direitos da Crian\u00e7a e do Adolescente (CMDCA)<\/strong><br> <a href=\"https:\/\/cmdca.jundiai.sp.gov.br\/conselho\/conselheiros\/\" target=\"_blank\" rel=\"noopener\">Conselheiros<\/a><br> <strong>E-mail: <a href=\"mailto:%20cmdca@jundiai.sp.gov.br\" target=\"_blank\" rel=\"noopener\">cmdca@jundiai.sp.gov.br<\/a><\/strong><br> <strong>Site: <a href=\"http:\/\/cmdca.jundiai.sp.gov.br\/\" target=\"_blank\" rel=\"noopener\">CMDCA Jundia\u00ed<\/a><\/strong><br> <strong>Facebook: <a href=\"https:\/\/pt-br.facebook.com\/conhecacmdca\" target=\"_blank\" rel=\"noopener\">CMDCA Jundia\u00ed<\/a><\/strong><\/p>\n\n\n\n<p><strong>Conselho Municipal dos Direitos da Pessoa Idosa (Comdipi)<\/strong><br> <a href=\"https:\/\/comdipi.jundiai.sp.gov.br\/conselheiros\/\" target=\"_blank\" rel=\"noopener\">Conselheiros<\/a><br> <strong>E-mail: <a href=\"mailto:%20comdip@jundiai.sp.gov.br\" target=\"_blank\" rel=\"noopener\">comdipi@jundiai.sp.gov.br<\/a><\/strong><br> <strong>Site: <a href=\"http:\/\/comdipi.jundiai.sp.gov.br\/\" target=\"_blank\" rel=\"noopener\">Comdipi Jundia\u00ed<\/a><\/strong><br> <strong>Facebook: <a href=\"https:\/\/www.facebook.com\/comdipi\" target=\"_blank\" rel=\"noopener\">Comdipi Jundia\u00ed<\/a><\/strong><\/p>\n\n\n\n<p><strong>Conselho de Seguran\u00e7a Alimentar e Nutricional (Consea)<\/strong><br> <strong>E-mail: <a href=\"mailto:consea-jd@jundiai.sp.gov.br\" target=\"_blank\" rel=\"noopener\">consea-jd@jundiai.sp.gov.br<\/a><\/strong><br> <strong>Facebook: <a href=\"https:\/\/pt-br.facebook.com\/people\/Consea-Jd\/100009367479720\" target=\"_blank\" rel=\"noopener\">Consea Jundia\u00ed<\/a><\/strong><\/p>\n","protected":false},"excerpt":{"rendered":"<p>O controle social pode ser feito individualmente, por qualquer cidad\u00e3o, ou por um grupo de pessoas. Os conselhos gestores de pol\u00edticas p\u00fablicas s\u00e3o canais efetivos de participa\u00e7\u00e3o. Permitem estabelecer uma sociedade na qual a cidadania deixe de ser apenas um direito, mas uma realidade. A import\u00e2ncia dos conselhos est\u00e1 no seu papel de fortalecimento da [&hellip;]<\/p>\n","protected":false},"author":5,"featured_media":0,"parent":0,"menu_order":0,"comment_status":"closed","ping_status":"closed","template":"","meta":{"footnotes":""},"class_list":["post-69","page","type-page","status-publish","hentry"],"_links":{"self":[{"href":"https:\/\/jundiai.sp.gov.br\/assistencia-e-desenvolvimento-social\/wp-json\/wp\/v2\/pages\/69","targetHints":{"allow":["GET"]}}],"collection":[{"href":"https:\/\/jundiai.sp.gov.br\/assistencia-e-desenvolvimento-social\/wp-json\/wp\/v2\/pages"}],"about":[{"href":"https:\/\/jundiai.sp.gov.br\/assistencia-e-desenvolvimento-social\/wp-json\/wp\/v2\/types\/page"}],"author":[{"embeddable":true,"href":"https:\/\/jundiai.sp.gov.br\/assistencia-e-desenvolvimento-social\/wp-json\/wp\/v2\/users\/5"}],"replies":[{"embeddable":true,"href":"https:\/\/jundiai.sp.gov.br\/assistencia-e-desenvolvimento-social\/wp-json\/wp\/v2\/comments?post=69"}],"version-history":[{"count":31,"href":"https:\/\/jundiai.sp.gov.br\/assistencia-e-desenvolvimento-social\/wp-json\/wp\/v2\/pages\/69\/revisions"}],"predecessor-version":[{"id":2498,"href":"https:\/\/jundiai.sp.gov.br\/assistencia-e-desenvolvimento-social\/wp-json\/wp\/v2\/pages\/69\/revisions\/2498"}],"wp:attachment":[{"href":"https:\/\/jundiai.sp.gov.br\/assistencia-e-desenvolvimento-social\/wp-json\/wp\/v2\/media?parent=69"}],"curies":[{"name":"wp","href":"https:\/\/api.w.org\/{rel}","templated":true}]}}