{"id":724,"date":"2022-05-09T10:58:11","date_gmt":"2022-05-09T13:58:11","guid":{"rendered":"https:\/\/jundiai.sp.gov.br\/assistencia-e-desenvolvimento-social\/?page_id=724"},"modified":"2022-07-06T17:00:44","modified_gmt":"2022-07-06T20:00:44","slug":"destinacao-imposto-de-renda","status":"publish","type":"page","link":"https:\/\/jundiai.sp.gov.br\/assistencia-e-desenvolvimento-social\/destinacao-imposto-de-renda\/","title":{"rendered":"Destina\u00e7\u00e3o Imposto de Renda"},"content":{"rendered":"\n<p>O incentivo fiscal, previsto na legisla\u00e7\u00e3o brasileira, referente ao Imposto de Renda permite o direcionamento aos Fundos de Direitos, de at\u00e9 1% do Imposto de Renda Devido de Pessoas Jur\u00eddicas e 6% no caso de contribuintes Pessoa F\u00edsica.<\/p>\n\n\n\n<p>Voc\u00ea pode fazer a destina\u00e7\u00e3o\/doa\u00e7\u00e3o de seu Imposto de Renda Devido, tanto pessoa f\u00edsica como jur\u00eddica, ao Fundo Municipal dos Direitos da Pessoa Idosa e ao Fundo Municipal dos Direitos da Crian\u00e7a e do Adolescente que, ap\u00f3s receberem as doa\u00e7\u00f5es, atrav\u00e9s de seus Conselhos Municipais, utilizam os recursos recebidos para o financiamento de projetos sociais e a\u00e7\u00f5es de planejamento.<\/p>\n\n\n\n<p><strong>Veja aqui como fazer sua destina\u00e7\u00e3o\/doa\u00e7\u00e3o:<\/strong><\/p>\n\n\n\n<p><a href=\"https:\/\/comdipi.jundiai.sp.gov.br\/como-fazer-sua-destinacao-doacao\/\">Fundo Municipal dos Direitos da Pessoa Idosa (FUMDIPI)<\/a><\/p>\n\n\n\n<p><a href=\"https:\/\/cmdca.jundiai.sp.gov.br\/destinacao-doacao-fmdca\/\">Fundo Municipal dos Direitos da Crian\u00e7a e do Adolescente (FMDCA)<\/a><\/p>\n\n\n\n<p><\/p>\n\n\n\n<p><\/p>\n","protected":false},"excerpt":{"rendered":"<p>O incentivo fiscal, previsto na legisla\u00e7\u00e3o brasileira, referente ao Imposto de Renda permite o direcionamento aos Fundos de Direitos, de at\u00e9 1% do Imposto de Renda Devido de Pessoas Jur\u00eddicas e 6% no caso de contribuintes Pessoa F\u00edsica. Voc\u00ea pode fazer a destina\u00e7\u00e3o\/doa\u00e7\u00e3o de seu Imposto de Renda Devido, tanto pessoa f\u00edsica como jur\u00eddica, ao [&hellip;]<\/p>\n","protected":false},"author":69,"featured_media":0,"parent":0,"menu_order":0,"comment_status":"closed","ping_status":"closed","template":"","meta":{"footnotes":""},"class_list":["post-724","page","type-page","status-publish","hentry"],"_links":{"self":[{"href":"https:\/\/jundiai.sp.gov.br\/assistencia-e-desenvolvimento-social\/wp-json\/wp\/v2\/pages\/724","targetHints":{"allow":["GET"]}}],"collection":[{"href":"https:\/\/jundiai.sp.gov.br\/assistencia-e-desenvolvimento-social\/wp-json\/wp\/v2\/pages"}],"about":[{"href":"https:\/\/jundiai.sp.gov.br\/assistencia-e-desenvolvimento-social\/wp-json\/wp\/v2\/types\/page"}],"author":[{"embeddable":true,"href":"https:\/\/jundiai.sp.gov.br\/assistencia-e-desenvolvimento-social\/wp-json\/wp\/v2\/users\/69"}],"replies":[{"embeddable":true,"href":"https:\/\/jundiai.sp.gov.br\/assistencia-e-desenvolvimento-social\/wp-json\/wp\/v2\/comments?post=724"}],"version-history":[{"count":3,"href":"https:\/\/jundiai.sp.gov.br\/assistencia-e-desenvolvimento-social\/wp-json\/wp\/v2\/pages\/724\/revisions"}],"predecessor-version":[{"id":747,"href":"https:\/\/jundiai.sp.gov.br\/assistencia-e-desenvolvimento-social\/wp-json\/wp\/v2\/pages\/724\/revisions\/747"}],"wp:attachment":[{"href":"https:\/\/jundiai.sp.gov.br\/assistencia-e-desenvolvimento-social\/wp-json\/wp\/v2\/media?parent=724"}],"curies":[{"name":"wp","href":"https:\/\/api.w.org\/{rel}","templated":true}]}}