{"id":830,"date":"2023-04-11T15:46:57","date_gmt":"2023-04-11T18:46:57","guid":{"rendered":"https:\/\/jundiai.sp.gov.br\/assistencia-e-desenvolvimento-social\/?page_id=830"},"modified":"2023-04-11T15:47:03","modified_gmt":"2023-04-11T18:47:03","slug":"pessoas-criancas-de-ate-06-anos-no-cadunico-por-bairro","status":"publish","type":"page","link":"https:\/\/jundiai.sp.gov.br\/assistencia-e-desenvolvimento-social\/pessoas-criancas-de-ate-06-anos-no-cadunico-por-bairro\/","title":{"rendered":"Pessoas &#8211; crian\u00e7as de at\u00e9 06 anos no Cad\u00danico por bairro"},"content":{"rendered":"\n<div data-wp-interactive=\"core\/file\" class=\"wp-block-file\"><object data-wp-bind--hidden=\"!state.hasPdfPreview\" hidden class=\"wp-block-file__embed\" data=\"https:\/\/jundiai.sp.gov.br\/assistencia-e-desenvolvimento-social\/wp-content\/uploads\/sites\/5\/2023\/04\/pessoas-criancas-de-ate-06-anos-no-cadunico-por-bairro.pdf\" type=\"application\/pdf\" style=\"width:100%;height:600px\" aria-label=\"Incorporado de pessoas-criancas-de-ate-06-anos-no-cadunico-por-bairro.\"><\/object><a id=\"wp-block-file--media-c282ed64-291a-4ab3-89b8-c67e93dd6de2\" href=\"https:\/\/jundiai.sp.gov.br\/assistencia-e-desenvolvimento-social\/wp-content\/uploads\/sites\/5\/2023\/04\/pessoas-criancas-de-ate-06-anos-no-cadunico-por-bairro.pdf\">pessoas-criancas-de-ate-06-anos-no-cadunico-por-bairro<\/a><a href=\"https:\/\/jundiai.sp.gov.br\/assistencia-e-desenvolvimento-social\/wp-content\/uploads\/sites\/5\/2023\/04\/pessoas-criancas-de-ate-06-anos-no-cadunico-por-bairro.pdf\" class=\"wp-block-file__button wp-element-button\" download aria-describedby=\"wp-block-file--media-c282ed64-291a-4ab3-89b8-c67e93dd6de2\">Baixar<\/a><\/div>\n","protected":false},"excerpt":{"rendered":"","protected":false},"author":69,"featured_media":0,"parent":0,"menu_order":0,"comment_status":"closed","ping_status":"closed","template":"","meta":{"footnotes":""},"class_list":["post-830","page","type-page","status-publish","hentry"],"_links":{"self":[{"href":"https:\/\/jundiai.sp.gov.br\/assistencia-e-desenvolvimento-social\/wp-json\/wp\/v2\/pages\/830","targetHints":{"allow":["GET"]}}],"collection":[{"href":"https:\/\/jundiai.sp.gov.br\/assistencia-e-desenvolvimento-social\/wp-json\/wp\/v2\/pages"}],"about":[{"href":"https:\/\/jundiai.sp.gov.br\/assistencia-e-desenvolvimento-social\/wp-json\/wp\/v2\/types\/page"}],"author":[{"embeddable":true,"href":"https:\/\/jundiai.sp.gov.br\/assistencia-e-desenvolvimento-social\/wp-json\/wp\/v2\/users\/69"}],"replies":[{"embeddable":true,"href":"https:\/\/jundiai.sp.gov.br\/assistencia-e-desenvolvimento-social\/wp-json\/wp\/v2\/comments?post=830"}],"version-history":[{"count":1,"href":"https:\/\/jundiai.sp.gov.br\/assistencia-e-desenvolvimento-social\/wp-json\/wp\/v2\/pages\/830\/revisions"}],"predecessor-version":[{"id":832,"href":"https:\/\/jundiai.sp.gov.br\/assistencia-e-desenvolvimento-social\/wp-json\/wp\/v2\/pages\/830\/revisions\/832"}],"wp:attachment":[{"href":"https:\/\/jundiai.sp.gov.br\/assistencia-e-desenvolvimento-social\/wp-json\/wp\/v2\/media?parent=830"}],"curies":[{"name":"wp","href":"https:\/\/api.w.org\/{rel}","templated":true}]}}