{"id":842,"date":"2023-04-11T16:27:27","date_gmt":"2023-04-11T19:27:27","guid":{"rendered":"https:\/\/jundiai.sp.gov.br\/assistencia-e-desenvolvimento-social\/?page_id=842"},"modified":"2023-04-11T16:27:27","modified_gmt":"2023-04-11T19:27:27","slug":"divisao-de-areas-de-cras","status":"publish","type":"page","link":"https:\/\/jundiai.sp.gov.br\/assistencia-e-desenvolvimento-social\/divisao-de-areas-de-cras\/","title":{"rendered":"Divis\u00e3o de \u00c1reas de CRAS"},"content":{"rendered":"\n<figure class=\"wp-block-image size-large is-resized\"><a href=\"https:\/\/jundiai.sp.gov.br\/assistencia-e-desenvolvimento-social\/wp-content\/uploads\/sites\/5\/2023\/04\/divisao-de-areas-de-cras-1.png\"><img loading=\"lazy\" decoding=\"async\" src=\"https:\/\/jundiai.sp.gov.br\/assistencia-e-desenvolvimento-social\/wp-content\/uploads\/sites\/5\/2023\/04\/divisao-de-areas-de-cras-1-1056x960.png\" alt=\"\" class=\"wp-image-846\" width=\"840\" height=\"763\" srcset=\"https:\/\/jundiai.sp.gov.br\/assistencia-e-desenvolvimento-social\/wp-content\/uploads\/sites\/5\/2023\/04\/divisao-de-areas-de-cras-1-1056x960.png 1056w, https:\/\/jundiai.sp.gov.br\/assistencia-e-desenvolvimento-social\/wp-content\/uploads\/sites\/5\/2023\/04\/divisao-de-areas-de-cras-1-300x273.png 300w, https:\/\/jundiai.sp.gov.br\/assistencia-e-desenvolvimento-social\/wp-content\/uploads\/sites\/5\/2023\/04\/divisao-de-areas-de-cras-1-768x698.png 768w, https:\/\/jundiai.sp.gov.br\/assistencia-e-desenvolvimento-social\/wp-content\/uploads\/sites\/5\/2023\/04\/divisao-de-areas-de-cras-1-1536x1396.png 1536w, https:\/\/jundiai.sp.gov.br\/assistencia-e-desenvolvimento-social\/wp-content\/uploads\/sites\/5\/2023\/04\/divisao-de-areas-de-cras-1.png 1900w\" sizes=\"auto, (max-width: 840px) 100vw, 840px\" \/><\/a><\/figure>\n\n\n\n<h2 class=\"wp-block-heading\">\u00c1rea do CRAS Central<\/h2>\n\n\n\n<figure class=\"wp-block-image size-large\"><a href=\"https:\/\/jundiai.sp.gov.br\/assistencia-e-desenvolvimento-social\/wp-content\/uploads\/sites\/5\/2023\/04\/area-do-cras-central-3.png\"><img loading=\"lazy\" decoding=\"async\" width=\"1280\" height=\"905\" src=\"https:\/\/jundiai.sp.gov.br\/assistencia-e-desenvolvimento-social\/wp-content\/uploads\/sites\/5\/2023\/04\/area-do-cras-central-3-1280x905.png\" alt=\"\" class=\"wp-image-847\" srcset=\"https:\/\/jundiai.sp.gov.br\/assistencia-e-desenvolvimento-social\/wp-content\/uploads\/sites\/5\/2023\/04\/area-do-cras-central-3-1280x905.png 1280w, https:\/\/jundiai.sp.gov.br\/assistencia-e-desenvolvimento-social\/wp-content\/uploads\/sites\/5\/2023\/04\/area-do-cras-central-3-300x212.png 300w, https:\/\/jundiai.sp.gov.br\/assistencia-e-desenvolvimento-social\/wp-content\/uploads\/sites\/5\/2023\/04\/area-do-cras-central-3-768x543.png 768w, https:\/\/jundiai.sp.gov.br\/assistencia-e-desenvolvimento-social\/wp-content\/uploads\/sites\/5\/2023\/04\/area-do-cras-central-3-1536x1087.png 1536w, https:\/\/jundiai.sp.gov.br\/assistencia-e-desenvolvimento-social\/wp-content\/uploads\/sites\/5\/2023\/04\/area-do-cras-central-3.png 1900w\" sizes=\"auto, (max-width: 1280px) 100vw, 1280px\" \/><\/a><\/figure>\n\n\n\n<h2 class=\"wp-block-heading\"><br>\u00c1rea do CRAS Leste<\/h2>\n\n\n\n<figure class=\"wp-block-image size-large\"><a href=\"https:\/\/jundiai.sp.gov.br\/assistencia-e-desenvolvimento-social\/wp-content\/uploads\/sites\/5\/2023\/04\/areas-do-cras-leste-7.png\"><img loading=\"lazy\" decoding=\"async\" width=\"1280\" height=\"905\" src=\"https:\/\/jundiai.sp.gov.br\/assistencia-e-desenvolvimento-social\/wp-content\/uploads\/sites\/5\/2023\/04\/areas-do-cras-leste-7-1280x905.png\" alt=\"\" class=\"wp-image-848\" srcset=\"https:\/\/jundiai.sp.gov.br\/assistencia-e-desenvolvimento-social\/wp-content\/uploads\/sites\/5\/2023\/04\/areas-do-cras-leste-7-1280x905.png 1280w, https:\/\/jundiai.sp.gov.br\/assistencia-e-desenvolvimento-social\/wp-content\/uploads\/sites\/5\/2023\/04\/areas-do-cras-leste-7-300x212.png 300w, https:\/\/jundiai.sp.gov.br\/assistencia-e-desenvolvimento-social\/wp-content\/uploads\/sites\/5\/2023\/04\/areas-do-cras-leste-7-768x543.png 768w, https:\/\/jundiai.sp.gov.br\/assistencia-e-desenvolvimento-social\/wp-content\/uploads\/sites\/5\/2023\/04\/areas-do-cras-leste-7-1536x1087.png 1536w, https:\/\/jundiai.sp.gov.br\/assistencia-e-desenvolvimento-social\/wp-content\/uploads\/sites\/5\/2023\/04\/areas-do-cras-leste-7.png 1900w\" sizes=\"auto, (max-width: 1280px) 100vw, 1280px\" \/><\/a><\/figure>\n\n\n\n<h2 class=\"wp-block-heading\"><br>\u00c1rea do CRAS Nordeste<\/h2>\n\n\n\n<figure class=\"wp-block-image size-large\"><a href=\"https:\/\/jundiai.sp.gov.br\/assistencia-e-desenvolvimento-social\/wp-content\/uploads\/sites\/5\/2023\/04\/areas-do-cras-nordeste-2.png\"><img loading=\"lazy\" decoding=\"async\" width=\"1280\" height=\"905\" src=\"https:\/\/jundiai.sp.gov.br\/assistencia-e-desenvolvimento-social\/wp-content\/uploads\/sites\/5\/2023\/04\/areas-do-cras-nordeste-2-1280x905.png\" alt=\"\" class=\"wp-image-849\" srcset=\"https:\/\/jundiai.sp.gov.br\/assistencia-e-desenvolvimento-social\/wp-content\/uploads\/sites\/5\/2023\/04\/areas-do-cras-nordeste-2-1280x905.png 1280w, https:\/\/jundiai.sp.gov.br\/assistencia-e-desenvolvimento-social\/wp-content\/uploads\/sites\/5\/2023\/04\/areas-do-cras-nordeste-2-300x212.png 300w, https:\/\/jundiai.sp.gov.br\/assistencia-e-desenvolvimento-social\/wp-content\/uploads\/sites\/5\/2023\/04\/areas-do-cras-nordeste-2-768x543.png 768w, https:\/\/jundiai.sp.gov.br\/assistencia-e-desenvolvimento-social\/wp-content\/uploads\/sites\/5\/2023\/04\/areas-do-cras-nordeste-2-1536x1087.png 1536w, https:\/\/jundiai.sp.gov.br\/assistencia-e-desenvolvimento-social\/wp-content\/uploads\/sites\/5\/2023\/04\/areas-do-cras-nordeste-2.png 1900w\" sizes=\"auto, (max-width: 1280px) 100vw, 1280px\" \/><\/a><\/figure>\n\n\n\n<h2 class=\"wp-block-heading\"><br>\u00c1rea do CRAS Norte<\/h2>\n\n\n\n<figure class=\"wp-block-image size-large\"><a href=\"https:\/\/jundiai.sp.gov.br\/assistencia-e-desenvolvimento-social\/wp-content\/uploads\/sites\/5\/2023\/04\/areas-do-cras-norte-1.png\"><img loading=\"lazy\" decoding=\"async\" width=\"1280\" height=\"905\" src=\"https:\/\/jundiai.sp.gov.br\/assistencia-e-desenvolvimento-social\/wp-content\/uploads\/sites\/5\/2023\/04\/areas-do-cras-norte-1-1280x905.png\" alt=\"\" class=\"wp-image-850\" srcset=\"https:\/\/jundiai.sp.gov.br\/assistencia-e-desenvolvimento-social\/wp-content\/uploads\/sites\/5\/2023\/04\/areas-do-cras-norte-1-1280x905.png 1280w, https:\/\/jundiai.sp.gov.br\/assistencia-e-desenvolvimento-social\/wp-content\/uploads\/sites\/5\/2023\/04\/areas-do-cras-norte-1-300x212.png 300w, https:\/\/jundiai.sp.gov.br\/assistencia-e-desenvolvimento-social\/wp-content\/uploads\/sites\/5\/2023\/04\/areas-do-cras-norte-1-768x543.png 768w, https:\/\/jundiai.sp.gov.br\/assistencia-e-desenvolvimento-social\/wp-content\/uploads\/sites\/5\/2023\/04\/areas-do-cras-norte-1-1536x1087.png 1536w, https:\/\/jundiai.sp.gov.br\/assistencia-e-desenvolvimento-social\/wp-content\/uploads\/sites\/5\/2023\/04\/areas-do-cras-norte-1.png 1900w\" sizes=\"auto, (max-width: 1280px) 100vw, 1280px\" \/><\/a><\/figure>\n\n\n\n<h2 class=\"wp-block-heading\"><br>\u00c1rea do CRAS Oeste<\/h2>\n\n\n\n<figure class=\"wp-block-image size-large\"><a href=\"https:\/\/jundiai.sp.gov.br\/assistencia-e-desenvolvimento-social\/wp-content\/uploads\/sites\/5\/2023\/04\/areas-do-cras-oeste-1.png\"><img loading=\"lazy\" decoding=\"async\" width=\"1280\" height=\"905\" src=\"https:\/\/jundiai.sp.gov.br\/assistencia-e-desenvolvimento-social\/wp-content\/uploads\/sites\/5\/2023\/04\/areas-do-cras-oeste-1-1280x905.png\" alt=\"\" class=\"wp-image-851\" srcset=\"https:\/\/jundiai.sp.gov.br\/assistencia-e-desenvolvimento-social\/wp-content\/uploads\/sites\/5\/2023\/04\/areas-do-cras-oeste-1-1280x905.png 1280w, https:\/\/jundiai.sp.gov.br\/assistencia-e-desenvolvimento-social\/wp-content\/uploads\/sites\/5\/2023\/04\/areas-do-cras-oeste-1-300x212.png 300w, https:\/\/jundiai.sp.gov.br\/assistencia-e-desenvolvimento-social\/wp-content\/uploads\/sites\/5\/2023\/04\/areas-do-cras-oeste-1-768x543.png 768w, https:\/\/jundiai.sp.gov.br\/assistencia-e-desenvolvimento-social\/wp-content\/uploads\/sites\/5\/2023\/04\/areas-do-cras-oeste-1-1536x1087.png 1536w, https:\/\/jundiai.sp.gov.br\/assistencia-e-desenvolvimento-social\/wp-content\/uploads\/sites\/5\/2023\/04\/areas-do-cras-oeste-1.png 1900w\" sizes=\"auto, (max-width: 1280px) 100vw, 1280px\" \/><\/a><\/figure>\n\n\n\n<h2 class=\"wp-block-heading\"><br>\u00c1rea do CRAS Sul<\/h2>\n\n\n\n<figure class=\"wp-block-image size-large\"><a href=\"https:\/\/jundiai.sp.gov.br\/assistencia-e-desenvolvimento-social\/wp-content\/uploads\/sites\/5\/2023\/04\/areas-do-cras-sul-1.png\"><img loading=\"lazy\" decoding=\"async\" width=\"1280\" height=\"905\" src=\"https:\/\/jundiai.sp.gov.br\/assistencia-e-desenvolvimento-social\/wp-content\/uploads\/sites\/5\/2023\/04\/areas-do-cras-sul-1-1280x905.png\" alt=\"\" class=\"wp-image-852\" srcset=\"https:\/\/jundiai.sp.gov.br\/assistencia-e-desenvolvimento-social\/wp-content\/uploads\/sites\/5\/2023\/04\/areas-do-cras-sul-1-1280x905.png 1280w, https:\/\/jundiai.sp.gov.br\/assistencia-e-desenvolvimento-social\/wp-content\/uploads\/sites\/5\/2023\/04\/areas-do-cras-sul-1-300x212.png 300w, https:\/\/jundiai.sp.gov.br\/assistencia-e-desenvolvimento-social\/wp-content\/uploads\/sites\/5\/2023\/04\/areas-do-cras-sul-1-768x543.png 768w, https:\/\/jundiai.sp.gov.br\/assistencia-e-desenvolvimento-social\/wp-content\/uploads\/sites\/5\/2023\/04\/areas-do-cras-sul-1-1536x1087.png 1536w, https:\/\/jundiai.sp.gov.br\/assistencia-e-desenvolvimento-social\/wp-content\/uploads\/sites\/5\/2023\/04\/areas-do-cras-sul-1.png 1900w\" sizes=\"auto, (max-width: 1280px) 100vw, 1280px\" \/><\/a><\/figure>\n\n\n\n<p><\/p>\n\n\n\n<p><\/p>\n\n\n\n<p><\/p>\n","protected":false},"excerpt":{"rendered":"<p>\u00c1rea do CRAS Central \u00c1rea do CRAS Leste \u00c1rea do CRAS Nordeste \u00c1rea do CRAS Norte \u00c1rea do CRAS Oeste \u00c1rea do CRAS Sul<\/p>\n","protected":false},"author":69,"featured_media":0,"parent":0,"menu_order":0,"comment_status":"closed","ping_status":"closed","template":"","meta":{"footnotes":""},"class_list":["post-842","page","type-page","status-publish","hentry"],"_links":{"self":[{"href":"https:\/\/jundiai.sp.gov.br\/assistencia-e-desenvolvimento-social\/wp-json\/wp\/v2\/pages\/842","targetHints":{"allow":["GET"]}}],"collection":[{"href":"https:\/\/jundiai.sp.gov.br\/assistencia-e-desenvolvimento-social\/wp-json\/wp\/v2\/pages"}],"about":[{"href":"https:\/\/jundiai.sp.gov.br\/assistencia-e-desenvolvimento-social\/wp-json\/wp\/v2\/types\/page"}],"author":[{"embeddable":true,"href":"https:\/\/jundiai.sp.gov.br\/assistencia-e-desenvolvimento-social\/wp-json\/wp\/v2\/users\/69"}],"replies":[{"embeddable":true,"href":"https:\/\/jundiai.sp.gov.br\/assistencia-e-desenvolvimento-social\/wp-json\/wp\/v2\/comments?post=842"}],"version-history":[{"count":1,"href":"https:\/\/jundiai.sp.gov.br\/assistencia-e-desenvolvimento-social\/wp-json\/wp\/v2\/pages\/842\/revisions"}],"predecessor-version":[{"id":853,"href":"https:\/\/jundiai.sp.gov.br\/assistencia-e-desenvolvimento-social\/wp-json\/wp\/v2\/pages\/842\/revisions\/853"}],"wp:attachment":[{"href":"https:\/\/jundiai.sp.gov.br\/assistencia-e-desenvolvimento-social\/wp-json\/wp\/v2\/media?parent=842"}],"curies":[{"name":"wp","href":"https:\/\/api.w.org\/{rel}","templated":true}]}}