{"id":862,"date":"2023-04-11T16:36:22","date_gmt":"2023-04-11T19:36:22","guid":{"rendered":"https:\/\/jundiai.sp.gov.br\/assistencia-e-desenvolvimento-social\/?page_id=862"},"modified":"2023-04-11T16:36:22","modified_gmt":"2023-04-11T19:36:22","slug":"populacao-densidade-demografica-por-bairros-ibge-2010","status":"publish","type":"page","link":"https:\/\/jundiai.sp.gov.br\/assistencia-e-desenvolvimento-social\/populacao-densidade-demografica-por-bairros-ibge-2010\/","title":{"rendered":"Popula\u00e7\u00e3o &#8211; densidade demogr\u00e1fica por bairros &#8211; IBGE 2010"},"content":{"rendered":"\n<p><\/p>\n\n\n\n<div data-wp-interactive=\"core\/file\" class=\"wp-block-file\"><object data-wp-bind--hidden=\"!state.hasPdfPreview\" hidden class=\"wp-block-file__embed\" data=\"https:\/\/jundiai.sp.gov.br\/assistencia-e-desenvolvimento-social\/wp-content\/uploads\/sites\/5\/2023\/04\/populacao-densidade-demografica-por-bairros-ibge-2010-1.pdf\" type=\"application\/pdf\" style=\"width:100%;height:600px\" aria-label=\"Incorporado de populacao-densidade-demografica-por-bairros-ibge-2010-1.\"><\/object><a id=\"wp-block-file--media-d253a6eb-29fc-4465-9e1e-0367b80b16bf\" href=\"https:\/\/jundiai.sp.gov.br\/assistencia-e-desenvolvimento-social\/wp-content\/uploads\/sites\/5\/2023\/04\/populacao-densidade-demografica-por-bairros-ibge-2010-1.pdf\">populacao-densidade-demografica-por-bairros-ibge-2010-1<\/a><a href=\"https:\/\/jundiai.sp.gov.br\/assistencia-e-desenvolvimento-social\/wp-content\/uploads\/sites\/5\/2023\/04\/populacao-densidade-demografica-por-bairros-ibge-2010-1.pdf\" class=\"wp-block-file__button wp-element-button\" download aria-describedby=\"wp-block-file--media-d253a6eb-29fc-4465-9e1e-0367b80b16bf\">Baixar<\/a><\/div>\n\n\n\n<p><\/p>\n\n\n\n<p><\/p>\n\n\n\n<p><\/p>\n\n\n\n<p><\/p>\n\n\n\n<p><\/p>\n","protected":false},"excerpt":{"rendered":"","protected":false},"author":69,"featured_media":0,"parent":0,"menu_order":0,"comment_status":"closed","ping_status":"closed","template":"","meta":{"footnotes":""},"class_list":["post-862","page","type-page","status-publish","hentry"],"_links":{"self":[{"href":"https:\/\/jundiai.sp.gov.br\/assistencia-e-desenvolvimento-social\/wp-json\/wp\/v2\/pages\/862","targetHints":{"allow":["GET"]}}],"collection":[{"href":"https:\/\/jundiai.sp.gov.br\/assistencia-e-desenvolvimento-social\/wp-json\/wp\/v2\/pages"}],"about":[{"href":"https:\/\/jundiai.sp.gov.br\/assistencia-e-desenvolvimento-social\/wp-json\/wp\/v2\/types\/page"}],"author":[{"embeddable":true,"href":"https:\/\/jundiai.sp.gov.br\/assistencia-e-desenvolvimento-social\/wp-json\/wp\/v2\/users\/69"}],"replies":[{"embeddable":true,"href":"https:\/\/jundiai.sp.gov.br\/assistencia-e-desenvolvimento-social\/wp-json\/wp\/v2\/comments?post=862"}],"version-history":[{"count":1,"href":"https:\/\/jundiai.sp.gov.br\/assistencia-e-desenvolvimento-social\/wp-json\/wp\/v2\/pages\/862\/revisions"}],"predecessor-version":[{"id":865,"href":"https:\/\/jundiai.sp.gov.br\/assistencia-e-desenvolvimento-social\/wp-json\/wp\/v2\/pages\/862\/revisions\/865"}],"wp:attachment":[{"href":"https:\/\/jundiai.sp.gov.br\/assistencia-e-desenvolvimento-social\/wp-json\/wp\/v2\/media?parent=862"}],"curies":[{"name":"wp","href":"https:\/\/api.w.org\/{rel}","templated":true}]}}