{"id":902,"date":"2023-05-16T08:30:55","date_gmt":"2023-05-16T11:30:55","guid":{"rendered":"https:\/\/jundiai.sp.gov.br\/assistencia-e-desenvolvimento-social\/?page_id=902"},"modified":"2025-06-06T17:19:00","modified_gmt":"2025-06-06T20:19:00","slug":"conselho-municipal-de-seguranca-alimentar-e-nutricional-de-jundiai","status":"publish","type":"page","link":"https:\/\/jundiai.sp.gov.br\/assistencia-e-desenvolvimento-social\/conselho-municipal-de-seguranca-alimentar-e-nutricional-de-jundiai\/","title":{"rendered":"Conselho Municipal de Seguran\u00e7a Alimentar e Nutricional de Jundia\u00ed"},"content":{"rendered":"\n<p><strong>Plen\u00e1ria Municipal de Recomposi\u00e7\u00e3o dos Membros Representantes da Sociedade Civil no Conselho Municipal de Seguran\u00e7a Alimentar e Nutricional de Jundia\u00ed &#8211; Composi\u00e7\u00e3o de Mandato<\/strong><\/p>\n\n\n\n<p><strong>Inscri\u00e7\u00e3o: de 19 de maio a 20 de junho de 2025<\/strong>, at\u00e9 \u00e0s 17 horas \u2013 Prazo para inscri\u00e7\u00f5es de interessados devendo obrigatoriamente ser realizadas atrav\u00e9s do formul\u00e1rio abaixo.<\/p>\n\n\n\n<p><a href=\"https:\/\/jundiai.sp.gov.br\/assistencia-e-desenvolvimento-social\/wp-content\/uploads\/sites\/5\/2025\/06\/edital-de-composicao-gestai-2025-2027_edicao-5632-16-05-2025.pdf\">Edital de Recomposi\u00e7\u00e3o dos membros representantes da sociedade civil<\/a><\/p>\n\n\n\n<div class=\"wp-block-file\"><a id=\"wp-block-file--media-77ac36c3-c060-48d1-a070-1bf1895609a4\" href=\"https:\/\/jundiai.sp.gov.br\/assistencia-e-desenvolvimento-social\/wp-content\/uploads\/sites\/5\/2025\/06\/ficha-de-inscricao-eleicao-de-composicao-da-sociedade-civil.docx\">FICHA DE INSCRI\u00c7\u00c3O &#8211; Elei\u00e7\u00e3o de Composi\u00e7\u00e3o da Sociedade Civil<\/a><a href=\"https:\/\/jundiai.sp.gov.br\/assistencia-e-desenvolvimento-social\/wp-content\/uploads\/sites\/5\/2025\/06\/ficha-de-inscricao-eleicao-de-composicao-da-sociedade-civil.docx\" class=\"wp-block-file__button wp-element-button\" download aria-describedby=\"wp-block-file--media-77ac36c3-c060-48d1-a070-1bf1895609a4\">Baixar<\/a><\/div>\n\n\n\n<!-- ESTILO DO FORMUL\u00c1RIO - N\u00c3O ALTERAR! -->\n\n<style>\n\n.wpcf7-list-item {\n    margin: 0 0 1em 0;\n}\n\n.wpcf7-text,\n.wpcf7-textarea {\n    width: 100%;\n}\n\n<\/style>\n\n\n\n<p><\/p>\n","protected":false},"excerpt":{"rendered":"<p>Plen\u00e1ria Municipal de Recomposi\u00e7\u00e3o dos Membros Representantes da Sociedade Civil no Conselho Municipal de Seguran\u00e7a Alimentar e Nutricional de Jundia\u00ed &#8211; Composi\u00e7\u00e3o de Mandato Inscri\u00e7\u00e3o: de 19 de maio a 20 de junho de 2025, at\u00e9 \u00e0s 17 horas \u2013 Prazo para inscri\u00e7\u00f5es de interessados devendo obrigatoriamente ser realizadas atrav\u00e9s do formul\u00e1rio abaixo. Edital de [&hellip;]<\/p>\n","protected":false},"author":69,"featured_media":0,"parent":0,"menu_order":0,"comment_status":"closed","ping_status":"closed","template":"","meta":{"footnotes":""},"class_list":["post-902","page","type-page","status-publish","hentry"],"_links":{"self":[{"href":"https:\/\/jundiai.sp.gov.br\/assistencia-e-desenvolvimento-social\/wp-json\/wp\/v2\/pages\/902","targetHints":{"allow":["GET"]}}],"collection":[{"href":"https:\/\/jundiai.sp.gov.br\/assistencia-e-desenvolvimento-social\/wp-json\/wp\/v2\/pages"}],"about":[{"href":"https:\/\/jundiai.sp.gov.br\/assistencia-e-desenvolvimento-social\/wp-json\/wp\/v2\/types\/page"}],"author":[{"embeddable":true,"href":"https:\/\/jundiai.sp.gov.br\/assistencia-e-desenvolvimento-social\/wp-json\/wp\/v2\/users\/69"}],"replies":[{"embeddable":true,"href":"https:\/\/jundiai.sp.gov.br\/assistencia-e-desenvolvimento-social\/wp-json\/wp\/v2\/comments?post=902"}],"version-history":[{"count":14,"href":"https:\/\/jundiai.sp.gov.br\/assistencia-e-desenvolvimento-social\/wp-json\/wp\/v2\/pages\/902\/revisions"}],"predecessor-version":[{"id":2506,"href":"https:\/\/jundiai.sp.gov.br\/assistencia-e-desenvolvimento-social\/wp-json\/wp\/v2\/pages\/902\/revisions\/2506"}],"wp:attachment":[{"href":"https:\/\/jundiai.sp.gov.br\/assistencia-e-desenvolvimento-social\/wp-json\/wp\/v2\/media?parent=902"}],"curies":[{"name":"wp","href":"https:\/\/api.w.org\/{rel}","templated":true}]}}