{"id":53,"date":"2024-02-22T15:54:57","date_gmt":"2024-02-22T18:54:57","guid":{"rendered":"https:\/\/jundiai.sp.gov.br\/boletimarboviroses\/?page_id=53"},"modified":"2025-02-27T09:14:00","modified_gmt":"2025-02-27T12:14:00","slug":"equipe-visam","status":"publish","type":"page","link":"https:\/\/jundiai.sp.gov.br\/boletimarboviroses\/equipe-visam\/","title":{"rendered":"Equipe VISAM"},"content":{"rendered":"\n<p>A equipe VISAM \u00e9 composta atualmente por 41 funcion\u00e1rios (33 servidores concursados e 06 motoristas\u00a0+\u00a002 limpeza terceirizados).\u00a0<\/p>\n\n\n\n<p>N\u00e3o \u00e9 poss\u00edvel individualizar o custo da atividade espec\u00edfica para a vigil\u00e2ncia da DENGUE, uma vez que a mesma equipe e equipamentos s\u00e3o utilizados para execu\u00e7\u00e3o de todas<br>as atividades do \u00f3rg\u00e3o.&nbsp;<\/p>\n\n\n\n<p>O custo mensal para manuten\u00e7\u00e3o da VISAM \u00e9 de R$ 293.630,42,&nbsp;somando-se sal\u00e1rios&nbsp;+ contratos.<\/p>\n","protected":false},"excerpt":{"rendered":"<p>A equipe VISAM \u00e9 composta atualmente por 41 funcion\u00e1rios (33 servidores concursados e 06 motoristas\u00a0+\u00a002 limpeza terceirizados).\u00a0 N\u00e3o \u00e9 poss\u00edvel individualizar o custo da atividade espec\u00edfica para a vigil\u00e2ncia da DENGUE, uma vez que a mesma equipe e equipamentos s\u00e3o utilizados para execu\u00e7\u00e3o de todasas atividades do \u00f3rg\u00e3o.&nbsp; O custo mensal para manuten\u00e7\u00e3o da VISAM [&hellip;]<\/p>\n","protected":false},"author":8,"featured_media":0,"parent":0,"menu_order":0,"comment_status":"closed","ping_status":"closed","template":"","meta":{"footnotes":""},"class_list":["post-53","page","type-page","status-publish","hentry"],"_links":{"self":[{"href":"https:\/\/jundiai.sp.gov.br\/boletimarboviroses\/wp-json\/wp\/v2\/pages\/53","targetHints":{"allow":["GET"]}}],"collection":[{"href":"https:\/\/jundiai.sp.gov.br\/boletimarboviroses\/wp-json\/wp\/v2\/pages"}],"about":[{"href":"https:\/\/jundiai.sp.gov.br\/boletimarboviroses\/wp-json\/wp\/v2\/types\/page"}],"author":[{"embeddable":true,"href":"https:\/\/jundiai.sp.gov.br\/boletimarboviroses\/wp-json\/wp\/v2\/users\/8"}],"replies":[{"embeddable":true,"href":"https:\/\/jundiai.sp.gov.br\/boletimarboviroses\/wp-json\/wp\/v2\/comments?post=53"}],"version-history":[{"count":2,"href":"https:\/\/jundiai.sp.gov.br\/boletimarboviroses\/wp-json\/wp\/v2\/pages\/53\/revisions"}],"predecessor-version":[{"id":157,"href":"https:\/\/jundiai.sp.gov.br\/boletimarboviroses\/wp-json\/wp\/v2\/pages\/53\/revisions\/157"}],"wp:attachment":[{"href":"https:\/\/jundiai.sp.gov.br\/boletimarboviroses\/wp-json\/wp\/v2\/media?parent=53"}],"curies":[{"name":"wp","href":"https:\/\/api.w.org\/{rel}","templated":true}]}}