{"id":11,"date":"2025-04-10T11:11:29","date_gmt":"2025-04-10T14:11:29","guid":{"rendered":"https:\/\/jundiai.sp.gov.br\/campanhadeinverno\/?page_id=11"},"modified":"2025-05-16T14:14:34","modified_gmt":"2025-05-16T17:14:34","slug":"campanha-de-inverno-2024","status":"publish","type":"page","link":"https:\/\/jundiai.sp.gov.br\/campanhadeinverno\/","title":{"rendered":"Aquecendo Vidas"},"content":{"rendered":"\n<h3 class=\"wp-block-heading\">POSTO PERMANENTE  <\/h3>\n\n\n\n<p><strong>Fundo Social de Solidariedade de Jundia\u00ed<\/strong><br>Endere\u00e7o: Avenida Dona Manoela Lacerda de Vergueiro, s\/n, port\u00e3o 03, anexo ao Parque Uva, Anhangaba\u00fa, Jundia\u00ed.<\/p>\n\n\n\n<h3 class=\"wp-block-heading\">POSTOS DE COLETA CONFIRMADOS<\/h3>\n\n\n\n<figure class=\"wp-block-table\"><table class=\"has-fixed-layout\"><tbody><tr><td>Ponto de Coleta<\/td><td>Endere\u00e7o<\/td><\/tr><tr><td>Capela S\u00e3o Gabriel Arcanjo<\/td><td>Rua Guaicurus, 36 &#8211; Jd. Guanabara<\/td><\/tr><tr><td>Capela Santa Cruz<\/td><td>Rua Ernesto Pincinato, 552 &#8211; Quinta das Videiras<\/td><\/tr><tr><td>C.E.C.E Benedito de Lima<\/td><td>Av. Osmundo dos Santos, 1364 &#8211; Retiro<\/td><\/tr><tr><td>Grupo Sol da Cidadania<\/td><td>Alameda das Palmares, 120 &#8211; Vl. Alvorada<\/td><\/tr><tr><td>LK Torres<\/td><td>Av. Am\u00e9lia Latorre, 246 &#8211; Vl. Nova Esp\u00e9ria<\/td><\/tr><tr><td>Pet Uni\u00e3o<\/td><td>Rua Ernesto Pincinato, 573 &#8211; Quinta das Videiras<\/td><\/tr><tr><td>Par\u00f3quia S\u00e3o Jos\u00e9 Oper\u00e1rio<\/td><td>Rua Maestro Paulo M\u00e1rio de Souza, 284 &#8211; Retiro<\/td><\/tr><tr><td>P.A e UBS Retiro<\/td><td>Rua Maestro Paulo M\u00e1rio de Souza, 100 &#8211; Retiro<\/td><\/tr><tr><td>Restaurante Roz\u00ea<\/td><td>Rua Reinaldo Orsi, 189 &#8211; Retiro<\/td><\/tr><tr><td>UBS Guanabara<\/td><td>Rua Cacilda Becker, 214 &#8211; Jd. Guanabara<\/td><\/tr><tr><td>Grupo Afeto Clube Jundiaiense<\/td><td>Sede de Campo Clube Jundiaiense<\/td><\/tr><tr><td>Condominio Alto do Pacaembu<\/td><td>Rua Jo\u00e3o Victor Altizani, 75 &#8211; Jardim Tamoio<\/td><\/tr><tr><td>Condominio Maria Jos\u00e9<\/td><td>Rua Fern\u00e3o Dias Paes Leme, 143 &#8211; Vila Aparecida<\/td><\/tr><tr><td>IPREJUN<\/td><td>Av. Doroty Nano Martinasso, 100<\/td><\/tr><tr><td>Gold Clean &#8211; Centro de est\u00e9tica<\/td><td>R. Clodoaldo Francisco Polli, 79<\/td><\/tr><tr><td>CPFL Piratininga<\/td><td>Av. Antonio Frederico Ozanan, 1240<\/td><\/tr><tr><td>CPFL Piratininga<\/td><td>Av Olivia Roncoleta, 654 &#8211; Vl. Hortolandia<\/td><\/tr><tr><td>Andreta<\/td><td>Av Antonio Frederico Ozanan<\/td><\/tr><tr><td>Andreta<\/td><td>AV 14 de Dezembro<\/td><\/tr><tr><td>Maxi Shopping<\/td><td>Av. Ant\u00f4nio Frederico Ozanan, 6000 &#8211; Vila Rio Branco<\/td><\/tr><tr><td>Cantinho das Esta\u00e7\u00f5es<\/td><td>Av Cesar Cosin, 601 &#8211; Ivocurutaia<\/td><\/tr><tr><td>Coopercica &#8211; Loja 01<\/td><td>Rua Jo\u00e3o Ferrara, 223 &#8211; Jardim Cica<\/td><\/tr><tr><td>Coopercica &#8211; Loja 02<\/td><td>Rua Romeu Seckler Machado, 105 &#8211; Parque Eloy Chaves<\/td><\/tr><tr><td>Coopercica &#8211; Loja 03<\/td><td>Avenida Antonio Frederico Ozanan, 6001 &#8211; Vila Rio Branco<\/td><\/tr><tr><td>Coopercica &#8211; Loja 04<\/td><td>Rua Hisaschi Nagako, 3595 &#8211; Jardim S\u00e3o Vicente<\/td><\/tr><tr><td>Coopercica &#8211; Loja 05<\/td><td>Avenida Humberto Cereser, 3805 &#8211; Caxambu<\/td><\/tr><tr><td>Mac Lucer Empreendimentos<\/td><td>Rua Ol\u00edvio Boa, 876 &#8211; Parque da Represa<\/td><\/tr><tr><td>The Joy School<\/td><td>Rua Jos\u00e9 Luiz Sereno, 1400 &#8211; Eloy Chaves<\/td><\/tr><tr><td>Academia Rep\u00fablica<\/td><td>Rua Varzea, 1629<\/td><\/tr><tr><td>Residencial Vila Arens<\/td><td>Rua Bar\u00e3o do Rio Branco, 223 &#8211; Vila Arens<\/td><\/tr><tr><td>Coca Cola Fensa<\/td><td>Rod. Dom Gabriel Paulino Bueno Couto<\/td><\/tr><tr><td>Foxcom<\/td><td>Av. Caminho de Goias, 100 &#8211; Bairro dos Fernandes<\/td><\/tr><tr><td>Escola de Gest\u00e3o P\u00fablica de Jundia\u00ed<\/td><td>Rua Princesa Isabel, 257 &#8211; Vila Arens<\/td><\/tr><tr><td>Crimavel Ve\u00edculos<\/td><td>Rua Bom Jesus de Pirapora, 1950 &#8211; Vila Rami<\/td><\/tr><tr><td>Academia Republica<\/td><td>Rua da Varzea Paulista, 1629 &#8211; Agapeama<\/td><\/tr><tr><td>Igreja Assembleia de Deus<\/td><td>Rua Fortunato Mori, 436 &#8211; Vianelo<\/td><\/tr><tr><td>Pa\u00e7o Municipal<\/td><td>Avenida da Liberdade, s\/n &#8211; Jardim Bot\u00e2nico<\/td><\/tr><tr><td>DHL<\/td><td>Rodovia Dom Gabriel Paulino Bueno Couto, SN<\/td><\/tr><tr><td>Igreja S\u00e3o Gabriel<\/td><td>Jd Guanabara<\/td><\/tr><tr><td>Grupo Sol<\/td><td>Vl. Alvorada<\/td><\/tr><tr><td>Pet Uni\u00e3o Boa<\/td><td>Av. Osmundo dos Santos Pellegrini, 1000 &#8211; Retiro<\/td><\/tr><\/tbody><\/table><\/figure>\n\n\n\n<p><em>Postos de coleta em atualiza\u00e7\u00e3o. A lista com todos os locais \u00e9 atualizada, periodicamente, conforme o interesse e a ades\u00e3o de novos estabelecimentos \u00e0 a\u00e7\u00e3o. Para ser um posto de arrecada\u00e7\u00e3o, basta entrar em contato com o Fundo Social pelos telefones (11) 4589-6319 e 4589-6320.<\/em><\/p>\n","protected":false},"excerpt":{"rendered":"<p>POSTO PERMANENTE Fundo Social de Solidariedade de Jundia\u00edEndere\u00e7o: Avenida Dona Manoela Lacerda de Vergueiro, s\/n, port\u00e3o 03, anexo ao Parque Uva, Anhangaba\u00fa, Jundia\u00ed. POSTOS DE COLETA CONFIRMADOS Ponto de Coleta Endere\u00e7o Capela S\u00e3o Gabriel Arcanjo Rua Guaicurus, 36 &#8211; Jd. Guanabara Capela Santa Cruz Rua Ernesto Pincinato, 552 &#8211; Quinta das Videiras C.E.C.E Benedito de [&hellip;]<\/p>\n","protected":false},"author":8,"featured_media":21,"parent":0,"menu_order":0,"comment_status":"closed","ping_status":"closed","template":"2024-campanha-de-inverno\/2024-campanha-de-inverno.php","meta":{"footnotes":""},"class_list":["post-11","page","type-page","status-publish","has-post-thumbnail","hentry"],"_links":{"self":[{"href":"https:\/\/jundiai.sp.gov.br\/campanhadeinverno\/wp-json\/wp\/v2\/pages\/11","targetHints":{"allow":["GET"]}}],"collection":[{"href":"https:\/\/jundiai.sp.gov.br\/campanhadeinverno\/wp-json\/wp\/v2\/pages"}],"about":[{"href":"https:\/\/jundiai.sp.gov.br\/campanhadeinverno\/wp-json\/wp\/v2\/types\/page"}],"author":[{"embeddable":true,"href":"https:\/\/jundiai.sp.gov.br\/campanhadeinverno\/wp-json\/wp\/v2\/users\/8"}],"replies":[{"embeddable":true,"href":"https:\/\/jundiai.sp.gov.br\/campanhadeinverno\/wp-json\/wp\/v2\/comments?post=11"}],"version-history":[{"count":4,"href":"https:\/\/jundiai.sp.gov.br\/campanhadeinverno\/wp-json\/wp\/v2\/pages\/11\/revisions"}],"predecessor-version":[{"id":23,"href":"https:\/\/jundiai.sp.gov.br\/campanhadeinverno\/wp-json\/wp\/v2\/pages\/11\/revisions\/23"}],"wp:featuredmedia":[{"embeddable":true,"href":"https:\/\/jundiai.sp.gov.br\/campanhadeinverno\/wp-json\/wp\/v2\/media\/21"}],"wp:attachment":[{"href":"https:\/\/jundiai.sp.gov.br\/campanhadeinverno\/wp-json\/wp\/v2\/media?parent=11"}],"curies":[{"name":"wp","href":"https:\/\/api.w.org\/{rel}","templated":true}]}}