{"id":9,"date":"2026-01-08T10:49:35","date_gmt":"2026-01-08T13:49:35","guid":{"rendered":"https:\/\/jundiai.sp.gov.br\/cartaodagente\/?page_id=9"},"modified":"2026-02-05T14:40:56","modified_gmt":"2026-02-05T17:40:56","slug":"cartao-da-gente","status":"publish","type":"page","link":"https:\/\/jundiai.sp.gov.br\/cartaodagente\/","title":{"rendered":"Cart\u00e3o da Gente"},"content":{"rendered":"\n<p class=\"has-text-align-center\"><strong>Benef\u00edcio para todos. Simples. Digital. Seguro.<\/strong><\/p>\n\n\n\n<p class=\"has-text-align-center\">O Cart\u00e3o da Gente \u00e9 a nova ferramenta da Prefeitura de Jundia\u00ed que vai modernizar e simplificar o acesso aos servi\u00e7os p\u00fablicos, integrando, em um \u00fanico ambiente digital, diversas informa\u00e7\u00f5es e atendimentos municipais.<\/p>\n\n\n\n<div style=\"height:20px\" aria-hidden=\"true\" class=\"wp-block-spacer\"><\/div>\n\n\n\n<div class=\"wp-block-buttons is-content-justification-center is-layout-flex wp-container-core-buttons-is-layout-16018d1d wp-block-buttons-is-layout-flex\">\n<div class=\"wp-block-button\"><a class=\"wp-block-button__link has-black-color has-text-color has-background has-link-color wp-element-button\" href=\"https:\/\/web.jundiai.sp.gov.br\/PMJ\/EV\/evento\/cartao\" style=\"background-color:#ffcc00\"><strong>Clique aqui e fa\u00e7a j\u00e1 o seu<\/strong><\/a><\/div>\n<\/div>\n\n\n\n<p class=\"has-text-align-center acesse has-small-font-size\"><a href=\"https:\/\/web.jundiai.sp.gov.br\/PMJ\/EV\/evento\/cartao\">J\u00e1 tem o Cart\u00e3o da Gente? Clique aqui para acessar<\/a><\/p>\n","protected":false},"excerpt":{"rendered":"<p>Benef\u00edcio para todos. Simples. Digital. Seguro. O Cart\u00e3o da Gente \u00e9 a nova ferramenta da Prefeitura de Jundia\u00ed que vai modernizar e simplificar o acesso aos servi\u00e7os p\u00fablicos, integrando, em um \u00fanico ambiente digital, diversas informa\u00e7\u00f5es e atendimentos municipais. J\u00e1 tem o Cart\u00e3o da Gente? Clique aqui para acessar<\/p>\n","protected":false},"author":8,"featured_media":39,"parent":0,"menu_order":1,"comment_status":"closed","ping_status":"closed","template":"","meta":{"footnotes":""},"class_list":["post-9","page","type-page","status-publish","has-post-thumbnail","hentry"],"_links":{"self":[{"href":"https:\/\/jundiai.sp.gov.br\/cartaodagente\/wp-json\/wp\/v2\/pages\/9","targetHints":{"allow":["GET"]}}],"collection":[{"href":"https:\/\/jundiai.sp.gov.br\/cartaodagente\/wp-json\/wp\/v2\/pages"}],"about":[{"href":"https:\/\/jundiai.sp.gov.br\/cartaodagente\/wp-json\/wp\/v2\/types\/page"}],"author":[{"embeddable":true,"href":"https:\/\/jundiai.sp.gov.br\/cartaodagente\/wp-json\/wp\/v2\/users\/8"}],"replies":[{"embeddable":true,"href":"https:\/\/jundiai.sp.gov.br\/cartaodagente\/wp-json\/wp\/v2\/comments?post=9"}],"version-history":[{"count":13,"href":"https:\/\/jundiai.sp.gov.br\/cartaodagente\/wp-json\/wp\/v2\/pages\/9\/revisions"}],"predecessor-version":[{"id":63,"href":"https:\/\/jundiai.sp.gov.br\/cartaodagente\/wp-json\/wp\/v2\/pages\/9\/revisions\/63"}],"wp:featuredmedia":[{"embeddable":true,"href":"https:\/\/jundiai.sp.gov.br\/cartaodagente\/wp-json\/wp\/v2\/media\/39"}],"wp:attachment":[{"href":"https:\/\/jundiai.sp.gov.br\/cartaodagente\/wp-json\/wp\/v2\/media?parent=9"}],"curies":[{"name":"wp","href":"https:\/\/api.w.org\/{rel}","templated":true}]}}