{"id":105,"date":"2014-08-18T17:54:34","date_gmt":"2014-08-18T20:54:34","guid":{"rendered":"https:\/\/jundiai.sp.gov.br\/casa-civil\/?page_id=105"},"modified":"2014-08-18T17:54:34","modified_gmt":"2014-08-18T20:54:34","slug":"exercito-brasileiro","status":"publish","type":"page","link":"https:\/\/jundiai.sp.gov.br\/casa-civil\/junta-de-servico-militar\/formas-de-ingressar-nas-forcas-armadas\/exercito-brasileiro\/","title":{"rendered":"Ex\u00e9rcito Brasileiro"},"content":{"rendered":"<p>Estabelecimentos de ensino destinados \u00e0 forma\u00e7\u00e3o de oficiais e sargentos de carreira do Ex\u00e9rcito Brasileiro. Muitas vezes, elas representam, para homens e mulheres, o in\u00edcio da vida militar.Para ingressar em uma destas escolas, al\u00e9m de preencher os requisitos exigidos, \u00e9 preciso prestar concurso p\u00fablico de n\u00edvel nacional.<\/p>\n<p><strong>Escola Preparat\u00f3ria de Cadetes do Ex\u00e9rcito &#8211; EsPCEx<\/strong><br \/>\nCampinas &#8211; SP<br \/>\nTelefone: (19) 3744-2000<\/p>\n<p><strong>Academia Militar das Agulhas Negras &#8211; AMAN<\/strong><br \/>\nResende &#8211; RJ<br \/>\nTelefone: (24) 3358-4646<\/p>\n<p><strong>Instituto Militar de Engenharia &#8211; IME<\/strong><br \/>\nRio de Janeiro &#8211; RJ<br \/>\nTelefone: (21) 2546-7267<\/p>\n<p><strong>Escola de Administra\u00e7\u00e3o do Ex\u00e9rcito &#8211; EsAEx<\/strong><br \/>\nSalvador &#8211; BA<br \/>\nTelefone: (71) 3205-8805<\/p>\n<p><strong>Escola de Sa\u00fade do Ex\u00e9rcito &#8211; EsSEx<\/strong><br \/>\nRio de Janeiro &#8211; RJ<br \/>\nFone: (21) 3860-4127<\/p>\n<p><strong>Escola de Sargentos das Armas &#8211; ESA<\/strong><br \/>\nTr\u00eas Cora\u00e7\u00f5es &#8211; MG<br \/>\nTelefone: (35) 3239-4100<\/p>\n<p><strong>Escola de Sargentos das Armas &#8211; ESA<\/strong><br \/>\nTr\u00eas Cora\u00e7\u00f5es &#8211; MG<br \/>\nTelefone: (35) 3239-4100<\/p>\n<p><strong>Escola de Instru\u00e7\u00e3o Especializada &#8211; ESIE<\/strong><br \/>\nRio de Janeiro &#8211; RJ<br \/>\nTelefone: (21) 3337-2442<\/p>\n<p><strong>Escola de Comunica\u00e7\u00f5es &#8211; Es Com<\/strong><br \/>\nRio de Janeiro &#8211; RJ<br \/>\nTelefone: (21) 2457-4076<\/p>\n<p><strong>Escola de Material B\u00e9lico &#8211; EsMB<\/strong><br \/>\nRio de Janeiro &#8211; RJ<br \/>\nTelefone: (21) 2457-4886<\/p>\n","protected":false},"excerpt":{"rendered":"<p>Estabelecimentos de ensino destinados \u00e0 forma\u00e7\u00e3o de oficiais e sargentos de carreira do Ex\u00e9rcito Brasileiro. Muitas vezes, elas representam, para homens e mulheres, o in\u00edcio da vida militar.Para ingressar em uma destas escolas, al\u00e9m de preencher os requisitos exigidos, \u00e9 preciso prestar concurso p\u00fablico de n\u00edvel nacional. Escola Preparat\u00f3ria de Cadetes do Ex\u00e9rcito &#8211; EsPCEx [&hellip;]<\/p>\n","protected":false},"author":11,"featured_media":0,"parent":101,"menu_order":0,"comment_status":"closed","ping_status":"closed","template":"","meta":{"footnotes":""},"class_list":["post-105","page","type-page","status-publish","hentry"],"_links":{"self":[{"href":"https:\/\/jundiai.sp.gov.br\/casa-civil\/wp-json\/wp\/v2\/pages\/105","targetHints":{"allow":["GET"]}}],"collection":[{"href":"https:\/\/jundiai.sp.gov.br\/casa-civil\/wp-json\/wp\/v2\/pages"}],"about":[{"href":"https:\/\/jundiai.sp.gov.br\/casa-civil\/wp-json\/wp\/v2\/types\/page"}],"author":[{"embeddable":true,"href":"https:\/\/jundiai.sp.gov.br\/casa-civil\/wp-json\/wp\/v2\/users\/11"}],"replies":[{"embeddable":true,"href":"https:\/\/jundiai.sp.gov.br\/casa-civil\/wp-json\/wp\/v2\/comments?post=105"}],"version-history":[{"count":1,"href":"https:\/\/jundiai.sp.gov.br\/casa-civil\/wp-json\/wp\/v2\/pages\/105\/revisions"}],"predecessor-version":[{"id":106,"href":"https:\/\/jundiai.sp.gov.br\/casa-civil\/wp-json\/wp\/v2\/pages\/105\/revisions\/106"}],"up":[{"embeddable":true,"href":"https:\/\/jundiai.sp.gov.br\/casa-civil\/wp-json\/wp\/v2\/pages\/101"}],"wp:attachment":[{"href":"https:\/\/jundiai.sp.gov.br\/casa-civil\/wp-json\/wp\/v2\/media?parent=105"}],"curies":[{"name":"wp","href":"https:\/\/api.w.org\/{rel}","templated":true}]}}