{"id":10656,"date":"2025-02-04T13:11:55","date_gmt":"2025-02-04T16:11:55","guid":{"rendered":"https:\/\/jundiai.sp.gov.br\/casa-civil\/?page_id=10656"},"modified":"2025-11-24T09:49:57","modified_gmt":"2025-11-24T12:49:57","slug":"2025-2","status":"publish","type":"page","link":"https:\/\/jundiai.sp.gov.br\/casa-civil\/decretos-municipais\/2025-2\/","title":{"rendered":"2025"},"content":{"rendered":"\n<p>Conforme Acordo de Coopera\u00e7\u00e3o T\u00e9cnica, celebrado entre a C\u00e2mara Municipal de Jundia\u00ed e o Munic\u00edpio de Jundia\u00ed, objetivando a integra\u00e7\u00e3o eletr\u00f4nica do processo legislativo, remessa eletr\u00f4nica de documentos entre as partes e a manuten\u00e7\u00e3o de informa\u00e7\u00f5es sobre Decretos. Firmado em Julho de 2025, <strong>Os Decretos Municipais a partir do ano de 2025 passaram a ser inseridos no Site da C\u00e2mara Municipal, podendo assim serem consultados no link abaixo<\/strong><\/p>\n\n\n\n<p><a href=\"https:\/\/www.jundiai.sp.leg.br\/atividade-legislativa\/leis-e-outras-normas\">https:\/\/www.jundiai.sp.leg.br\/atividade-legislativa\/leis-e-outras-normas<\/a><\/p>\n","protected":false},"excerpt":{"rendered":"<p>Conforme Acordo de Coopera\u00e7\u00e3o T\u00e9cnica, celebrado entre a C\u00e2mara Municipal de Jundia\u00ed e o Munic\u00edpio de Jundia\u00ed, objetivando a integra\u00e7\u00e3o eletr\u00f4nica do processo legislativo, remessa eletr\u00f4nica de documentos entre as partes e a manuten\u00e7\u00e3o de informa\u00e7\u00f5es sobre Decretos. Firmado em Julho de 2025, Os Decretos Municipais a partir do ano de 2025 passaram a ser [&hellip;]<\/p>\n","protected":false},"author":75,"featured_media":0,"parent":617,"menu_order":0,"comment_status":"closed","ping_status":"closed","template":"page-subpaginas.php","meta":{"footnotes":""},"class_list":["post-10656","page","type-page","status-publish","hentry"],"_links":{"self":[{"href":"https:\/\/jundiai.sp.gov.br\/casa-civil\/wp-json\/wp\/v2\/pages\/10656","targetHints":{"allow":["GET"]}}],"collection":[{"href":"https:\/\/jundiai.sp.gov.br\/casa-civil\/wp-json\/wp\/v2\/pages"}],"about":[{"href":"https:\/\/jundiai.sp.gov.br\/casa-civil\/wp-json\/wp\/v2\/types\/page"}],"author":[{"embeddable":true,"href":"https:\/\/jundiai.sp.gov.br\/casa-civil\/wp-json\/wp\/v2\/users\/75"}],"replies":[{"embeddable":true,"href":"https:\/\/jundiai.sp.gov.br\/casa-civil\/wp-json\/wp\/v2\/comments?post=10656"}],"version-history":[{"count":6,"href":"https:\/\/jundiai.sp.gov.br\/casa-civil\/wp-json\/wp\/v2\/pages\/10656\/revisions"}],"predecessor-version":[{"id":12054,"href":"https:\/\/jundiai.sp.gov.br\/casa-civil\/wp-json\/wp\/v2\/pages\/10656\/revisions\/12054"}],"up":[{"embeddable":true,"href":"https:\/\/jundiai.sp.gov.br\/casa-civil\/wp-json\/wp\/v2\/pages\/617"}],"wp:attachment":[{"href":"https:\/\/jundiai.sp.gov.br\/casa-civil\/wp-json\/wp\/v2\/media?parent=10656"}],"curies":[{"name":"wp","href":"https:\/\/api.w.org\/{rel}","templated":true}]}}