{"id":10663,"date":"2025-02-04T15:44:27","date_gmt":"2025-02-04T18:44:27","guid":{"rendered":"https:\/\/jundiai.sp.gov.br\/casa-civil\/?page_id=10663"},"modified":"2025-03-24T15:11:10","modified_gmt":"2025-03-24T18:11:10","slug":"janeiro","status":"publish","type":"page","link":"https:\/\/jundiai.sp.gov.br\/casa-civil\/decretos-municipais\/2025-2\/janeiro\/","title":{"rendered":"Janeiro"},"content":{"rendered":"\n<div class=\"wp-block-columns is-layout-flex wp-container-core-columns-is-layout-9d6595d7 wp-block-columns-is-layout-flex\">\n<div class=\"wp-block-column is-layout-flow wp-block-column-is-layout-flow\">\n<div class=\"wp-block-file\"><a id=\"wp-block-file--media-64c44909-1cea-4c43-9501-f2125901b8c4\" href=\"https:\/\/jundiai.sp.gov.br\/casa-civil\/wp-content\/uploads\/sites\/6\/2025\/02\/34-738-declaracao-de-utilidade-publica.pdf\">34.738 &#8211; Declara\u00e7\u00e3o de Utilidade P\u00fablica<\/a><\/div>\n\n\n\n<div class=\"wp-block-file\"><a id=\"wp-block-file--media-54f94a23-5372-43b6-88b9-417798c16109\" href=\"https:\/\/jundiai.sp.gov.br\/casa-civil\/wp-content\/uploads\/sites\/6\/2025\/02\/34-739.pdf\">34.739 &#8211; Decreto Or\u00e7ament\u00e1rio<\/a><\/div>\n\n\n\n<div class=\"wp-block-file\"><a id=\"wp-block-file--media-664eb1f1-d18c-4d57-bf0e-f713c41f0f69\" href=\"https:\/\/jundiai.sp.gov.br\/casa-civil\/wp-content\/uploads\/sites\/6\/2025\/02\/34-740.pdf\">34.740 &#8211; Decreto Or\u00e7ament\u00e1rio<\/a><\/div>\n\n\n\n<div class=\"wp-block-file\"><a id=\"wp-block-file--media-f22c17a0-3b3f-4947-99c4-8f7b4f9ff7be\" href=\"https:\/\/jundiai.sp.gov.br\/casa-civil\/wp-content\/uploads\/sites\/6\/2025\/02\/34-741.pdf\">34.741 &#8211; Decreto Or\u00e7ament\u00e1rio<\/a><\/div>\n\n\n\n<div class=\"wp-block-file\"><a id=\"wp-block-file--media-971a1d12-7825-4786-829b-450ccaa83ec7\" href=\"https:\/\/jundiai.sp.gov.br\/casa-civil\/wp-content\/uploads\/sites\/6\/2025\/02\/34-742.pdf\">34.742 &#8211; Decreto Or\u00e7ament\u00e1rio<\/a><\/div>\n\n\n\n<div class=\"wp-block-file\"><a id=\"wp-block-file--media-db7f5c80-d5a6-43c3-857d-e03503a35f5b\" href=\"https:\/\/jundiai.sp.gov.br\/casa-civil\/wp-content\/uploads\/sites\/6\/2025\/02\/34-743.pdf\">34.743 &#8211; Decreto Or\u00e7ament\u00e1rio<\/a><\/div>\n\n\n\n<div class=\"wp-block-file\"><a id=\"wp-block-file--media-14e79fdf-bca9-4477-8a0f-d76033553578\" href=\"https:\/\/jundiai.sp.gov.br\/casa-civil\/wp-content\/uploads\/sites\/6\/2025\/02\/34-744.pdf\">34.744 &#8211; Decreto Or\u00e7ament\u00e1rio<\/a><\/div>\n\n\n\n<div class=\"wp-block-file\"><a id=\"wp-block-file--media-6a5f8b9f-f389-47e8-b7b1-455e00cd73af\" href=\"https:\/\/jundiai.sp.gov.br\/casa-civil\/wp-content\/uploads\/sites\/6\/2025\/02\/34-745.pdf\">34.745 &#8211; Decreto Or\u00e7ament\u00e1rio<\/a><\/div>\n\n\n\n<div class=\"wp-block-file\"><a id=\"wp-block-file--media-62093a83-f332-4a58-9766-a26197825de2\" href=\"https:\/\/jundiai.sp.gov.br\/casa-civil\/wp-content\/uploads\/sites\/6\/2025\/02\/34-746.pdf\">34.746 &#8211; Decreto Or\u00e7ament\u00e1rio<\/a><\/div>\n\n\n\n<div class=\"wp-block-file\"><a id=\"wp-block-file--media-c5a67f96-e427-4207-a918-2cf9d4289959\" href=\"https:\/\/jundiai.sp.gov.br\/casa-civil\/wp-content\/uploads\/sites\/6\/2025\/02\/34-747.pdf\">34.747 &#8211; Decreto Or\u00e7ament\u00e1rio<\/a><\/div>\n\n\n\n<div class=\"wp-block-file\"><a id=\"wp-block-file--media-dacf86d3-686a-402f-b9db-d5f50d05d01a\" href=\"https:\/\/jundiai.sp.gov.br\/casa-civil\/wp-content\/uploads\/sites\/6\/2025\/02\/34-748.pdf\">34.748 &#8211; Decreto Or\u00e7ament\u00e1rio<\/a><\/div>\n\n\n\n<div class=\"wp-block-file\"><a id=\"wp-block-file--media-48065add-4820-4b4c-8ee7-4bc6e2bf7e61\" href=\"https:\/\/jundiai.sp.gov.br\/casa-civil\/wp-content\/uploads\/sites\/6\/2025\/02\/34-749.pdf\">34.749 &#8211; Decreto Or\u00e7ament\u00e1rio<\/a><\/div>\n\n\n\n<div class=\"wp-block-file\"><a id=\"wp-block-file--media-9de8de6f-1b0a-49b7-884f-f1e29081650c\" href=\"https:\/\/jundiai.sp.gov.br\/casa-civil\/wp-content\/uploads\/sites\/6\/2025\/02\/34-750.pdf\">34.750 &#8211; Decreto Or\u00e7ament\u00e1rio<\/a><\/div>\n\n\n\n<div class=\"wp-block-file\"><a id=\"wp-block-file--media-9db8884d-3bfc-44bc-96fd-72b3a9867293\" href=\"https:\/\/jundiai.sp.gov.br\/casa-civil\/wp-content\/uploads\/sites\/6\/2025\/02\/34-751.pdf\">34.751 &#8211; Decreto Or\u00e7ament\u00e1rio<\/a><\/div>\n\n\n\n<div class=\"wp-block-file\"><a id=\"wp-block-file--media-62a5be46-8246-40a7-97c7-7688a6441a0a\" href=\"https:\/\/jundiai.sp.gov.br\/casa-civil\/wp-content\/uploads\/sites\/6\/2025\/02\/34-752.pdf\">34.752 &#8211; Decreto Or\u00e7ament\u00e1rio<\/a><\/div>\n\n\n\n<div class=\"wp-block-file\"><a id=\"wp-block-file--media-01381412-a5e0-488a-872c-1529b72c2e18\" href=\"https:\/\/jundiai.sp.gov.br\/casa-civil\/wp-content\/uploads\/sites\/6\/2025\/02\/34-753.pdf\">34.753 &#8211; Decreto Or\u00e7ament\u00e1rio<\/a><\/div>\n\n\n\n<div class=\"wp-block-file\"><a id=\"wp-block-file--media-d7f2bea6-8210-4fdc-96f0-ff3d1c11dae5\" href=\"https:\/\/jundiai.sp.gov.br\/casa-civil\/wp-content\/uploads\/sites\/6\/2025\/02\/34-754.pdf\">34.754 &#8211; Decreto Or\u00e7ament\u00e1rio<\/a><\/div>\n\n\n\n<div class=\"wp-block-file\"><a id=\"wp-block-file--media-46adedbf-4521-4df1-8730-3473136c35c7\" href=\"https:\/\/jundiai.sp.gov.br\/casa-civil\/wp-content\/uploads\/sites\/6\/2025\/02\/34-755.pdf\">34.755 &#8211; Decreto Or\u00e7ament\u00e1rio<\/a><\/div>\n\n\n\n<div class=\"wp-block-file\"><a id=\"wp-block-file--media-632cbec1-502e-404d-82df-7bcbbb30263d\" href=\"https:\/\/jundiai.sp.gov.br\/casa-civil\/wp-content\/uploads\/sites\/6\/2025\/02\/34-756.pdf\">34.756 &#8211; Decreto Or\u00e7ament\u00e1rio<\/a><\/div>\n\n\n\n<div class=\"wp-block-file\"><a id=\"wp-block-file--media-05a17f33-1f3d-4745-aac6-731dd7820172\" href=\"https:\/\/jundiai.sp.gov.br\/casa-civil\/wp-content\/uploads\/sites\/6\/2025\/02\/34-757.pdf\">34.757 &#8211; Decreto Or\u00e7ament\u00e1rio<\/a><\/div>\n\n\n\n<div class=\"wp-block-file\"><a id=\"wp-block-file--media-c7520abf-2c75-4f0f-b91d-0c92b7912d54\" href=\"https:\/\/jundiai.sp.gov.br\/casa-civil\/wp-content\/uploads\/sites\/6\/2025\/02\/34-758.pdf\">34.758 &#8211; Decreto Or\u00e7ament\u00e1rio<\/a><\/div>\n\n\n\n<div class=\"wp-block-file\"><a id=\"wp-block-file--media-4601e55c-1001-4ada-b5a8-caa9ab4e6143\" href=\"https:\/\/jundiai.sp.gov.br\/casa-civil\/wp-content\/uploads\/sites\/6\/2025\/02\/34-759.pdf\">34.759 &#8211; Decreto Or\u00e7ament\u00e1rio<\/a><\/div>\n\n\n\n<div class=\"wp-block-file\"><a id=\"wp-block-file--media-21e2967e-6d8a-45f5-a7da-dc32419870d5\" href=\"https:\/\/jundiai.sp.gov.br\/casa-civil\/wp-content\/uploads\/sites\/6\/2025\/02\/34-760.pdf\">34.760 &#8211; Decreto Or\u00e7ament\u00e1rio<\/a><\/div>\n<\/div>\n\n\n\n<div class=\"wp-block-column is-layout-flow wp-block-column-is-layout-flow\">\n<div class=\"wp-block-file\"><a id=\"wp-block-file--media-dbd826a4-e1a3-4e9e-84b7-8609f3e65983\" href=\"https:\/\/jundiai.sp.gov.br\/casa-civil\/wp-content\/uploads\/sites\/6\/2025\/02\/34-761.pdf\">34.761 &#8211; Decreto Or\u00e7ament\u00e1rio<\/a><\/div>\n\n\n\n<div class=\"wp-block-file\"><a id=\"wp-block-file--media-7e0d21a8-35df-40c2-8bc3-11195f45be82\" href=\"https:\/\/jundiai.sp.gov.br\/casa-civil\/wp-content\/uploads\/sites\/6\/2025\/02\/34-762.pdf\">34.762 &#8211; Decreto Or\u00e7ament\u00e1rio<\/a><\/div>\n\n\n\n<div class=\"wp-block-file\"><a id=\"wp-block-file--media-ac5d81e3-6d8b-48cb-b572-31b4cb53811a\" href=\"https:\/\/jundiai.sp.gov.br\/casa-civil\/wp-content\/uploads\/sites\/6\/2025\/02\/34-763.pdf\">34.763 &#8211; Decreto Or\u00e7ament\u00e1rio<\/a><\/div>\n\n\n\n<div class=\"wp-block-file\"><a id=\"wp-block-file--media-fce5897a-510a-408f-b45f-59ea60ab5f9d\" href=\"https:\/\/jundiai.sp.gov.br\/casa-civil\/wp-content\/uploads\/sites\/6\/2025\/02\/34-764.pdf\">34.764 &#8211; Decreto Or\u00e7ament\u00e1rio<\/a><\/div>\n\n\n\n<div class=\"wp-block-file\"><a id=\"wp-block-file--media-e205dc85-82ac-450f-a278-8c9b3a163e5c\" href=\"https:\/\/jundiai.sp.gov.br\/casa-civil\/wp-content\/uploads\/sites\/6\/2025\/02\/34-765.pdf\">34.765 &#8211; Decreto Or\u00e7ament\u00e1rio<\/a><\/div>\n\n\n\n<div class=\"wp-block-file\"><a id=\"wp-block-file--media-51dfd529-cc20-46b8-b55c-846f98f5c843\" href=\"https:\/\/jundiai.sp.gov.br\/casa-civil\/wp-content\/uploads\/sites\/6\/2025\/02\/34-766.pdf\">34.766 &#8211; Decreto Or\u00e7ament\u00e1rio<\/a><\/div>\n\n\n\n<div class=\"wp-block-file\"><a id=\"wp-block-file--media-4253b55a-9e05-453d-a23f-4a974ec145ef\" href=\"https:\/\/jundiai.sp.gov.br\/casa-civil\/wp-content\/uploads\/sites\/6\/2025\/02\/34-767.pdf\">34.767 &#8211; Decreto Or\u00e7ament\u00e1rio<\/a><\/div>\n\n\n\n<div class=\"wp-block-file\"><a id=\"wp-block-file--media-11bc3cb7-f81d-4861-9b7b-bd4f410b5042\" href=\"https:\/\/jundiai.sp.gov.br\/casa-civil\/wp-content\/uploads\/sites\/6\/2025\/02\/34-768.pdf\">34.768 &#8211; Decreto Or\u00e7ament\u00e1rio<\/a><\/div>\n\n\n\n<div class=\"wp-block-file\"><a id=\"wp-block-file--media-d82c5794-9156-4577-b5c1-101a625b4868\" href=\"https:\/\/jundiai.sp.gov.br\/casa-civil\/wp-content\/uploads\/sites\/6\/2025\/02\/34-769.pdf\">34.769 &#8211; Decreto Or\u00e7ament\u00e1rio<\/a><\/div>\n\n\n\n<div class=\"wp-block-file\"><a id=\"wp-block-file--media-6be4fa7f-f2f6-42a6-8a5c-ddc9532fa6f7\" href=\"https:\/\/jundiai.sp.gov.br\/casa-civil\/wp-content\/uploads\/sites\/6\/2025\/02\/34-770.pdf\">34.770 &#8211; Decreto Or\u00e7ament\u00e1rio<\/a><\/div>\n\n\n\n<div class=\"wp-block-file\"><a id=\"wp-block-file--media-b5a99d7f-41c8-45a0-8707-3ae186eb852f\" href=\"https:\/\/jundiai.sp.gov.br\/casa-civil\/wp-content\/uploads\/sites\/6\/2025\/02\/34-771.pdf\">34.771 &#8211; Decreto Or\u00e7ament\u00e1rio<\/a><\/div>\n\n\n\n<div class=\"wp-block-file\"><a id=\"wp-block-file--media-a82b2ae5-8bba-4ffe-864a-190c72ce54e8\" href=\"https:\/\/jundiai.sp.gov.br\/casa-civil\/wp-content\/uploads\/sites\/6\/2025\/02\/34-772.pdf\">34.772 &#8211; Decreto Or\u00e7ament\u00e1rio<\/a><\/div>\n\n\n\n<div class=\"wp-block-file\"><a id=\"wp-block-file--media-8bfb8a31-86bd-4bce-ac6e-5f95ba067217\" href=\"https:\/\/jundiai.sp.gov.br\/casa-civil\/wp-content\/uploads\/sites\/6\/2025\/02\/34-773.pdf\">34.773 &#8211; Decreto Or\u00e7ament\u00e1rio<\/a><\/div>\n\n\n\n<div class=\"wp-block-file\"><a id=\"wp-block-file--media-a5b32e3f-3422-498f-bf00-230f104d6ad2\" href=\"https:\/\/jundiai.sp.gov.br\/casa-civil\/wp-content\/uploads\/sites\/6\/2025\/02\/34-774.pdf\">34.774 &#8211; Decreto Or\u00e7ament\u00e1rio<\/a><\/div>\n\n\n\n<div class=\"wp-block-file\"><a id=\"wp-block-file--media-c95223b2-ed9e-44da-87b8-8d0ed71b9a8a\" href=\"https:\/\/jundiai.sp.gov.br\/casa-civil\/wp-content\/uploads\/sites\/6\/2025\/02\/34-775.pdf\">34.775 &#8211; Decreto Or\u00e7ament\u00e1rio<\/a><\/div>\n\n\n\n<div class=\"wp-block-file\"><a id=\"wp-block-file--media-f4955021-0393-46b7-b4aa-ee9927a7843b\" href=\"https:\/\/jundiai.sp.gov.br\/casa-civil\/wp-content\/uploads\/sites\/6\/2025\/02\/34-776.pdf\">34.776 &#8211; Decreto Or\u00e7ament\u00e1rio<\/a><\/div>\n\n\n\n<div class=\"wp-block-file\"><a id=\"wp-block-file--media-362bd254-46a2-447e-82df-698305dce71f\" href=\"https:\/\/jundiai.sp.gov.br\/casa-civil\/wp-content\/uploads\/sites\/6\/2025\/02\/34-777.pdf\">34.777 &#8211; Decreto Or\u00e7ament\u00e1rio<\/a><\/div>\n\n\n\n<div class=\"wp-block-file\"><a id=\"wp-block-file--media-d231d898-4802-4c91-b208-d8704e3f01ab\" href=\"https:\/\/jundiai.sp.gov.br\/casa-civil\/wp-content\/uploads\/sites\/6\/2025\/02\/34-778.pdf\">34.778 &#8211; Decreto Or\u00e7ament\u00e1rio<\/a><\/div>\n\n\n\n<div class=\"wp-block-file\"><a id=\"wp-block-file--media-080ca462-b163-4bed-ab1f-e15cf31d0b5d\" href=\"https:\/\/jundiai.sp.gov.br\/casa-civil\/wp-content\/uploads\/sites\/6\/2025\/02\/34-779.pdf\">34.779 &#8211; Decreto Or\u00e7ament\u00e1rio<\/a><\/div>\n\n\n\n<div class=\"wp-block-file\"><a id=\"wp-block-file--media-bd32bfbf-5aae-45a3-839f-e795e18d7653\" href=\"https:\/\/jundiai.sp.gov.br\/casa-civil\/wp-content\/uploads\/sites\/6\/2025\/02\/34-780.pdf\">34.780 &#8211; Decreto Or\u00e7ament\u00e1rio<\/a><\/div>\n\n\n\n<div class=\"wp-block-file\"><a id=\"wp-block-file--media-52f805a7-2018-4c1d-8143-e193b3f5056d\" href=\"https:\/\/jundiai.sp.gov.br\/casa-civil\/wp-content\/uploads\/sites\/6\/2025\/02\/34-781.pdf\">34.781 &#8211; Decreto Or\u00e7ament\u00e1rio<\/a><\/div>\n\n\n\n<div class=\"wp-block-file\"><a id=\"wp-block-file--media-961526a8-9f99-4d2a-b666-3c7ddc52bcf2\" href=\"https:\/\/jundiai.sp.gov.br\/casa-civil\/wp-content\/uploads\/sites\/6\/2025\/02\/34-782.pdf\">34.782 &#8211; Decreto Or\u00e7ament\u00e1rio<\/a><\/div>\n\n\n\n<div class=\"wp-block-file\"><a id=\"wp-block-file--media-3b3d9c96-a920-45bc-9ae7-1c7e8068fdca\" href=\"https:\/\/jundiai.sp.gov.br\/casa-civil\/wp-content\/uploads\/sites\/6\/2025\/02\/sei_2070300_decreto_orcamentario_34-783.pdf\">34.783 &#8211; Decreto Or\u00e7ament\u00e1rio<\/a><\/div>\n\n\n\n<div class=\"wp-block-file\"><a id=\"wp-block-file--media-b6c7a1a2-9795-4e57-a8cb-f238e799a449\" href=\"https:\/\/jundiai.sp.gov.br\/casa-civil\/wp-content\/uploads\/sites\/6\/2025\/02\/sei_2071673_decreto_orcamentario_34-784___egp.pdf\">34.784 &#8211; Decreto Or\u00e7ament\u00e1rio<\/a><\/div>\n\n\n\n<div class=\"wp-block-file\"><a id=\"wp-block-file--media-bfee1da1-e21c-476e-b134-b41c7f62ab8b\" href=\"https:\/\/jundiai.sp.gov.br\/casa-civil\/wp-content\/uploads\/sites\/6\/2025\/02\/sei_2071685_decreto_orcamentario_34-785.pdf\">34.785 &#8211; Decreto Or\u00e7ament\u00e1rio<\/a><\/div>\n\n\n\n<div class=\"wp-block-file\"><a id=\"wp-block-file--media-c0115ff8-0e0c-4958-bea4-0a53ade5a14d\" href=\"https:\/\/jundiai.sp.gov.br\/casa-civil\/wp-content\/uploads\/sites\/6\/2025\/02\/sei_2071692_decreto_orcamentario_34-786.pdf\">34.786 &#8211; Decreto Or\u00e7ament\u00e1rio<\/a><\/div>\n\n\n\n<div class=\"wp-block-file\"><a id=\"wp-block-file--media-d064bcf4-fbbd-4c0c-ab59-cfe831463814\" href=\"https:\/\/jundiai.sp.gov.br\/casa-civil\/wp-content\/uploads\/sites\/6\/2025\/02\/34-787-chuvas-de-verao-2024-2025.pdf\">34.787 Chuvas de Ver\u00e3o 2024 2025<\/a><\/div>\n<\/div>\n\n\n\n<div class=\"wp-block-column is-layout-flow wp-block-column-is-layout-flow\">\n<div class=\"wp-block-file\"><a id=\"wp-block-file--media-07a024ee-8bd4-4dd8-b82a-6353d2d1d6ee\" href=\"https:\/\/jundiai.sp.gov.br\/casa-civil\/wp-content\/uploads\/sites\/6\/2025\/02\/sei_2075221_decreto_orcamentario_34-788.pdf\">34.788 &#8211; Decreto Or\u00e7ament\u00e1rio<\/a><\/div>\n\n\n\n<div class=\"wp-block-file\"><a id=\"wp-block-file--media-76fca0d5-daa8-49e6-9a69-f2e53100d968\" href=\"https:\/\/jundiai.sp.gov.br\/casa-civil\/wp-content\/uploads\/sites\/6\/2025\/02\/sei_2075226_decreto_orcamentario_34-789.pdf\">34.789 &#8211; Decreto Or\u00e7ament\u00e1rio<\/a><\/div>\n\n\n\n<div class=\"wp-block-file\"><a id=\"wp-block-file--media-c15a54bc-5f81-41e8-b897-388e9e070ac0\" href=\"https:\/\/jundiai.sp.gov.br\/casa-civil\/wp-content\/uploads\/sites\/6\/2025\/02\/sei_2075229_decreto_orcamentario_34-790.pdf\">34.790 &#8211; Decreto Or\u00e7ament\u00e1rio<\/a><\/div>\n\n\n\n<div class=\"wp-block-file\"><a id=\"wp-block-file--media-6e63c883-a151-4775-95e2-c80c2a0a2a2c\" href=\"https:\/\/jundiai.sp.gov.br\/casa-civil\/wp-content\/uploads\/sites\/6\/2025\/02\/sei_2077094_decreto_orcamentario_34-791.pdf\">34.791 &#8211; Decreto Or\u00e7ament\u00e1rio<\/a><\/div>\n\n\n\n<div class=\"wp-block-file\"><a id=\"wp-block-file--media-72f1293a-dabe-4216-a441-515d0c136530\" href=\"https:\/\/jundiai.sp.gov.br\/casa-civil\/wp-content\/uploads\/sites\/6\/2025\/02\/sei_2077099_decreto_orcamentario_34-792.pdf\">34.792 &#8211; Decreto Or\u00e7ament\u00e1rio<\/a><\/div>\n\n\n\n<div class=\"wp-block-file\"><a id=\"wp-block-file--media-7eba1a21-cc7e-4c99-9b6f-39d61e5f235c\" href=\"https:\/\/jundiai.sp.gov.br\/casa-civil\/wp-content\/uploads\/sites\/6\/2025\/02\/sei_2077104_decreto_orcamentario_34-793.pdf\">34.793 &#8211; Decreto Or\u00e7ament\u00e1rio<\/a><\/div>\n\n\n\n<div class=\"wp-block-file\"><a id=\"wp-block-file--media-39d1c8b0-29fc-45bf-8ecf-4ac0abd19fdc\" href=\"https:\/\/jundiai.sp.gov.br\/casa-civil\/wp-content\/uploads\/sites\/6\/2025\/02\/sei_2077387_decreto_orcamentario_34-794.pdf\">34.794 &#8211; Decreto Or\u00e7ament\u00e1rio<\/a><\/div>\n\n\n\n<div class=\"wp-block-file\"><a id=\"wp-block-file--media-e6c4b5fb-ed90-4408-9ad0-1a8989e2fd9e\" href=\"https:\/\/jundiai.sp.gov.br\/casa-civil\/wp-content\/uploads\/sites\/6\/2025\/02\/sei_2077711_decreto_orcamentario_34-795.pdf\">34.795 &#8211; Decreto Or\u00e7ament\u00e1rio<\/a><\/div>\n\n\n\n<div class=\"wp-block-file\"><a id=\"wp-block-file--media-acac50a9-7a46-40c1-9c9a-b325a6b3e64a\" href=\"https:\/\/jundiai.sp.gov.br\/casa-civil\/wp-content\/uploads\/sites\/6\/2025\/02\/34-796.pdf\">34.796 &#8211; Decreto Or\u00e7ament\u00e1rio<\/a><\/div>\n\n\n\n<div class=\"wp-block-file\"><a id=\"wp-block-file--media-fada7d78-f21b-4cf2-8970-a25bee792d01\" href=\"https:\/\/jundiai.sp.gov.br\/casa-civil\/wp-content\/uploads\/sites\/6\/2025\/02\/34-797.pdf\">34.797 &#8211; Decreto Or\u00e7ament\u00e1rio<\/a><\/div>\n\n\n\n<div class=\"wp-block-file\"><a id=\"wp-block-file--media-a83fac82-e88e-4a94-b18d-c2a7ae3ff7bb\" href=\"https:\/\/jundiai.sp.gov.br\/casa-civil\/wp-content\/uploads\/sites\/6\/2025\/02\/34-798.pdf\">34.798 &#8211; Decreto Or\u00e7ament\u00e1rio<\/a><\/div>\n\n\n\n<div class=\"wp-block-file\"><a id=\"wp-block-file--media-32272013-3694-45f9-a336-cc5805d6eb32\" href=\"https:\/\/jundiai.sp.gov.br\/casa-civil\/wp-content\/uploads\/sites\/6\/2025\/02\/34-799.pdf\">34.799 &#8211; Decreto Or\u00e7ament\u00e1rio<\/a><\/div>\n\n\n\n<div class=\"wp-block-file\"><a id=\"wp-block-file--media-b4341929-79b4-4940-89f8-2f39ba8e0f8c\" href=\"https:\/\/jundiai.sp.gov.br\/casa-civil\/wp-content\/uploads\/sites\/6\/2025\/02\/34-800.pdf\">34.800 &#8211; Decreto Or\u00e7ament\u00e1rio<\/a><\/div>\n\n\n\n<div class=\"wp-block-file\"><a id=\"wp-block-file--media-308a6e25-be50-4654-a3c0-b36338355186\" href=\"https:\/\/jundiai.sp.gov.br\/casa-civil\/wp-content\/uploads\/sites\/6\/2025\/02\/34-801.pdf\">34.801 &#8211; Decreto Or\u00e7ament\u00e1rio<\/a><\/div>\n\n\n\n<div class=\"wp-block-file\"><a id=\"wp-block-file--media-05478f51-0329-4334-b85a-a972f7067c93\" href=\"https:\/\/jundiai.sp.gov.br\/casa-civil\/wp-content\/uploads\/sites\/6\/2025\/02\/34-802.pdf\">34.802 &#8211; Decreto Or\u00e7ament\u00e1rio<\/a><\/div>\n\n\n\n<div class=\"wp-block-file\"><a id=\"wp-block-file--media-d97694b6-4384-4c8d-8345-39cdf4462a2c\" href=\"https:\/\/jundiai.sp.gov.br\/casa-civil\/wp-content\/uploads\/sites\/6\/2025\/02\/34-803.pdf\">34.803 &#8211; Decreto Or\u00e7ament\u00e1rio<\/a><\/div>\n\n\n\n<div class=\"wp-block-file\"><a id=\"wp-block-file--media-d3f22053-e27d-4e9b-afa2-3ba1675d2da0\" href=\"https:\/\/jundiai.sp.gov.br\/casa-civil\/wp-content\/uploads\/sites\/6\/2025\/02\/34-804.pdf\">34.804 &#8211; Decreto Or\u00e7ament\u00e1rio<\/a><\/div>\n\n\n\n<div class=\"wp-block-file\"><a id=\"wp-block-file--media-21979fcf-93cb-41a6-941d-1408b0ebd9af\" href=\"https:\/\/jundiai.sp.gov.br\/casa-civil\/wp-content\/uploads\/sites\/6\/2025\/02\/34-805.pdf\">34.805 &#8211; Decreto Or\u00e7ament\u00e1rio<\/a><\/div>\n\n\n\n<div class=\"wp-block-file\"><a id=\"wp-block-file--media-44808385-2ed6-4b9e-bd9c-55afef3ebae4\" href=\"https:\/\/jundiai.sp.gov.br\/casa-civil\/wp-content\/uploads\/sites\/6\/2025\/02\/34-806.pdf\">34.806 &#8211; Decreto Or\u00e7ament\u00e1rio<\/a><\/div>\n\n\n\n<div class=\"wp-block-file\"><a id=\"wp-block-file--media-a86d8898-66fd-4589-a6e4-8173451bc345\" href=\"https:\/\/jundiai.sp.gov.br\/casa-civil\/wp-content\/uploads\/sites\/6\/2025\/02\/34-807.pdf\">34.807 &#8211; Decreto Or\u00e7ament\u00e1rio<\/a><\/div>\n\n\n\n<div class=\"wp-block-file\"><a id=\"wp-block-file--media-88d0f121-b417-461e-9d3d-fb4fce111ff6\" href=\"https:\/\/jundiai.sp.gov.br\/casa-civil\/wp-content\/uploads\/sites\/6\/2025\/02\/34-808.pdf\">34.808 &#8211; Decreto Or\u00e7ament\u00e1rio<\/a><\/div>\n\n\n\n<div class=\"wp-block-file\"><a id=\"wp-block-file--media-f523c5a3-cf72-4b5c-9457-dafe070ea55a\" href=\"https:\/\/jundiai.sp.gov.br\/casa-civil\/wp-content\/uploads\/sites\/6\/2025\/02\/34-809.pdf\">34.809 &#8211; Decreto Or\u00e7ament\u00e1rio<\/a><\/div>\n\n\n\n<div class=\"wp-block-file\"><a id=\"wp-block-file--media-8f830d3d-f75d-4d5b-85e7-0733b0f4418d\" href=\"https:\/\/jundiai.sp.gov.br\/casa-civil\/wp-content\/uploads\/sites\/6\/2025\/02\/34-810.pdf\">34.810 &#8211; Decreto Or\u00e7ament\u00e1rio<\/a><\/div>\n\n\n\n<div class=\"wp-block-file\"><a id=\"wp-block-file--media-f73ef691-ab45-4211-9ebd-c9e3b79d4b71\" href=\"https:\/\/jundiai.sp.gov.br\/casa-civil\/wp-content\/uploads\/sites\/6\/2025\/02\/34-811.pdf\">34.811 &#8211; Decreto Or\u00e7ament\u00e1rio<\/a><\/div>\n\n\n\n<div class=\"wp-block-file\"><a id=\"wp-block-file--media-239b561d-7180-48e1-8149-b1da78441633\" href=\"https:\/\/jundiai.sp.gov.br\/casa-civil\/wp-content\/uploads\/sites\/6\/2025\/02\/34-812.pdf\">34.812 &#8211; Decreto Or\u00e7ament\u00e1rio<\/a><\/div>\n\n\n\n<div class=\"wp-block-file\"><a id=\"wp-block-file--media-cdda4da0-990a-47ed-a3a4-f5cc58551b9b\" href=\"https:\/\/jundiai.sp.gov.br\/casa-civil\/wp-content\/uploads\/sites\/6\/2025\/02\/34-813.pdf\">34.813 &#8211; Decreto Or\u00e7ament\u00e1rio<\/a><\/div>\n\n\n\n<div class=\"wp-block-file\"><a id=\"wp-block-file--media-10e0470a-f6c8-4720-a150-0d27d3490caa\" href=\"https:\/\/jundiai.sp.gov.br\/casa-civil\/wp-content\/uploads\/sites\/6\/2025\/02\/34-814.pdf\">34.814 &#8211; Decreto Or\u00e7ament\u00e1rio<\/a><\/div>\n\n\n\n<div class=\"wp-block-file\"><a id=\"wp-block-file--media-835276ba-cbda-4dde-9eab-2d78ffe281e5\" href=\"https:\/\/jundiai.sp.gov.br\/casa-civil\/wp-content\/uploads\/sites\/6\/2025\/02\/34-815.pdf\">34.815 &#8211; Decreto Or\u00e7ament\u00e1rio<\/a><\/div>\n\n\n\n<div class=\"wp-block-file\"><a id=\"wp-block-file--media-2b0b48cf-72ab-4f7c-8793-040921a874f0\" href=\"https:\/\/jundiai.sp.gov.br\/casa-civil\/wp-content\/uploads\/sites\/6\/2025\/02\/34-816.pdf\">34.816 &#8211; Decreto Or\u00e7ament\u00e1rio<\/a><\/div>\n\n\n\n<div class=\"wp-block-file\"><a id=\"wp-block-file--media-788237c8-96eb-4407-88c6-8c8ac2bdb1b7\" href=\"https:\/\/jundiai.sp.gov.br\/casa-civil\/wp-content\/uploads\/sites\/6\/2025\/02\/34-817.pdf\">34.817 &#8211; Decreto Or\u00e7ament\u00e1rio<\/a><\/div>\n\n\n\n<div class=\"wp-block-file\"><a id=\"wp-block-file--media-54c5657e-31a1-4eda-84cd-033b5e82e75f\" href=\"https:\/\/jundiai.sp.gov.br\/casa-civil\/wp-content\/uploads\/sites\/6\/2025\/02\/34-818.pdf\">34.818 &#8211; Decreto Or\u00e7ament\u00e1rio<\/a><\/div>\n\n\n\n<div class=\"wp-block-file\"><a id=\"wp-block-file--media-cb04f079-7e0d-4959-ac60-b52fd11f87b6\" href=\"https:\/\/jundiai.sp.gov.br\/casa-civil\/wp-content\/uploads\/sites\/6\/2025\/02\/34-819.pdf\">34.819 &#8211; Decreto Or\u00e7ament\u00e1rio<\/a><\/div>\n\n\n\n<div class=\"wp-block-file\"><a id=\"wp-block-file--media-3db3d53d-1512-4767-832c-76d304213429\" href=\"https:\/\/jundiai.sp.gov.br\/casa-civil\/wp-content\/uploads\/sites\/6\/2025\/03\/34-820.pdf\">34.820 &#8211; Decreto Or\u00e7ament\u00e1rio<\/a><\/div>\n\n\n\n<div class=\"wp-block-file\"><a id=\"wp-block-file--media-f6076559-23cd-4c39-8c30-510777b8bbfd\" href=\"https:\/\/jundiai.sp.gov.br\/casa-civil\/wp-content\/uploads\/sites\/6\/2025\/03\/34-821.pdf\">34.821 &#8211; Decreto Or\u00e7ament\u00e1rio<\/a><\/div>\n\n\n\n<div class=\"wp-block-file\"><a id=\"wp-block-file--media-bca82d19-940c-49b1-b651-6c870b5efd09\" href=\"https:\/\/jundiai.sp.gov.br\/casa-civil\/wp-content\/uploads\/sites\/6\/2025\/03\/34-822.pdf\">34.822 &#8211; Decreto Or\u00e7ament\u00e1rio<\/a><\/div>\n<\/div>\n<\/div>\n","protected":false},"excerpt":{"rendered":"","protected":false},"author":75,"featured_media":0,"parent":10656,"menu_order":0,"comment_status":"closed","ping_status":"closed","template":"page-subpaginas.php","meta":{"footnotes":""},"class_list":["post-10663","page","type-page","status-publish","hentry"],"_links":{"self":[{"href":"https:\/\/jundiai.sp.gov.br\/casa-civil\/wp-json\/wp\/v2\/pages\/10663","targetHints":{"allow":["GET"]}}],"collection":[{"href":"https:\/\/jundiai.sp.gov.br\/casa-civil\/wp-json\/wp\/v2\/pages"}],"about":[{"href":"https:\/\/jundiai.sp.gov.br\/casa-civil\/wp-json\/wp\/v2\/types\/page"}],"author":[{"embeddable":true,"href":"https:\/\/jundiai.sp.gov.br\/casa-civil\/wp-json\/wp\/v2\/users\/75"}],"replies":[{"embeddable":true,"href":"https:\/\/jundiai.sp.gov.br\/casa-civil\/wp-json\/wp\/v2\/comments?post=10663"}],"version-history":[{"count":7,"href":"https:\/\/jundiai.sp.gov.br\/casa-civil\/wp-json\/wp\/v2\/pages\/10663\/revisions"}],"predecessor-version":[{"id":10827,"href":"https:\/\/jundiai.sp.gov.br\/casa-civil\/wp-json\/wp\/v2\/pages\/10663\/revisions\/10827"}],"up":[{"embeddable":true,"href":"https:\/\/jundiai.sp.gov.br\/casa-civil\/wp-json\/wp\/v2\/pages\/10656"}],"wp:attachment":[{"href":"https:\/\/jundiai.sp.gov.br\/casa-civil\/wp-json\/wp\/v2\/media?parent=10663"}],"curies":[{"name":"wp","href":"https:\/\/api.w.org\/{rel}","templated":true}]}}