{"id":107,"date":"2014-08-18T17:55:58","date_gmt":"2014-08-18T20:55:58","guid":{"rendered":"https:\/\/jundiai.sp.gov.br\/casa-civil\/?page_id=107"},"modified":"2014-08-18T17:55:58","modified_gmt":"2014-08-18T20:55:58","slug":"marinha-do-brasil","status":"publish","type":"page","link":"https:\/\/jundiai.sp.gov.br\/casa-civil\/junta-de-servico-militar\/formas-de-ingressar-nas-forcas-armadas\/marinha-do-brasil\/","title":{"rendered":"Marinha do Brasil"},"content":{"rendered":"<p><strong>CORPO DE FUZILEIROS NAVAIS &#8211;<\/strong> Os Oficiais do Quadro de Oficiais Fuzileiros Navais s\u00e3o ordenados em uma escala hier\u00e1rquica constituida pelos postos de Segundo-Tenente a Almirante-de-Esquadra e os do Quadro Complementar de Oficiais Fuzileiros, pelos postos de Segundo-Tenente a Capit\u00e3o-Tenente.<\/p>\n<p>Ingressar\u00e3o no Quadro de Oficiais Fuzileiros Navais os Guardas-Marinha que concluirem com aproveitamento o curso da Escola Naval e, por transfer\u00eancia, os Capit\u00e3es-Tenentes do Quadro Complementar de Oficiais Fuzileiros Navais selecionados pela Comiss\u00e3o de Promo\u00e7\u00f5es de Oficiais.<\/p>\n<p>Ingressar\u00e3o no Quadro Complementar de Oficiais Fuzileiros Navais os candidatos civis e militares graduados nas habilita\u00e7\u00f5es requeridas pelo Servi\u00e7o Naval, aprovados em processo seletivo, Curso de Forma\u00e7\u00e3o e Est\u00e1gio de Aplica\u00e7\u00e3o de Oficiais.<\/p>\n<p><strong>CORPO DE INTENDENTES &#8211;<\/strong> Os Oficiais do Quadro de Oficiais Intendentes da Marinha s\u00e3o ordenados em uma escala hier\u00e1rquica constituida pelos postos de Segundo-Tenente a Vice-Almirante, e os do Quadro Complementar de Oficiais Intendentes da Marinha, pelos postos de Segundo-Tenente a Capit\u00e3o-Tenente.<\/p>\n<p>Ingressar\u00e3o no Quadro de Oficiais Intendentes da Marinha os Guardas-Marinha que concluirem com aproveitamento o curso da Escola Naval e por transfer\u00eancia os Capit\u00e3es-Tenentes do Quadro Complementar de Oficiais Intendentes da Marinha selecionados pela Comiss\u00e3o de Promo\u00e7\u00f5es de Oficiais.<\/p>\n<p>Ingressar\u00e3o no Quadro Complementar de Oficiais Intendentes da Marinha os candidatos civis e militares graduados nas habilita\u00e7\u00f5es requeridas pelo Servi\u00e7o Naval, aprovados em processo seletivo, Curso de Forma\u00e7\u00e3o e Est\u00e1gio de Aplica\u00e7\u00e3o de Oficiais.<\/p>\n<p><strong>CORPO DE ENGENHEIROS &#8211;<\/strong> Os Oficiais do Corpo de Engenheiros de Marinha s\u00e3o ordenados em uma escala hier\u00e1rquica constitu\u00edda pelos postos de Primeiro-Tenente a Vice-Almirante.<\/p>\n<p>Ingressar\u00e3o no Corpo de Engenheiros da Marinha os candidatos civis e militares graduados nas habilita\u00e7\u00f5es requeridas pelo Servi\u00e7o Naval, aprovados em processo seletivo, no Curso de forma\u00e7\u00e3o e no Est\u00e1gio de Aplica\u00e7\u00e3o de Oficiais e, por transfer\u00eancia, os Oficiais do Quadro de Oficiais da Armada e do Quadro de Oficiais Fuzileiros Navais aprovados em exame de sele\u00e7\u00e3o e curso de gradua\u00e7\u00e3o em engenharia.<\/p>\n<p><strong>CORPO DE SA\u00daDE &#8211;<\/strong> Os Oficiais do Quadro de M\u00e9dicos s\u00e3o ordenados em escala hier\u00e1rquica constitu\u00edda pelos postos de Primeiro-Tenente a Vice-Almirante, e os dos Quadros de Cirurgi\u00f5es-Dentistas e de Apoio \u00e0 Sa\u00fade, pelos postos de Primeiro-Tenente a Capit\u00e3o-de-Mar-e-Guerra.<\/p>\n<p>Ingressar\u00e3o nos Quadros do Corpo de Sa\u00fade da Marinha os candidatos civis e militares graduados nas habilita\u00e7\u00f5es requeridas pelo Servi\u00e7o Naval, aprovados em processo seletivo, no Curso de Forma\u00e7\u00e3o e no Est\u00e1gio de Aplica\u00e7\u00e3o de Oficiais.<\/p>\n<p><strong>CORPO AUXILIAR &#8211;<\/strong> Os Oficiais do Quadro T\u00e9cnico e do Quadro de Capel\u00e3es Navais s\u00e3o ordenados em uma escala hier\u00e1rquica constitu\u00edda pelos postos de Primeiro-Tenente a Capit\u00e3o-de-Mar-e-Guerra, e dos Quadros Auxiliares da Armada e de Fuzileiros Navais, pelos postos de Segundo-Tenente a Capit\u00e3o-Tenente.<\/p>\n<p>Ingressar\u00e3o no Quadro T\u00e9cnico os candidatos civis e militares graduados nas habilita\u00e7\u00f5es requeridas pelo Servi\u00e7o Naval, aprovados em processo seletivo, no Curso de Forma\u00e7\u00e3o e no Est\u00e1gio de Aplica\u00e7\u00e3o de Oficiais e, por transfer\u00eancia, ap\u00f3s sele\u00e7\u00e3o pela Comiss\u00e3o de Promo\u00e7\u00f5es de Oficiais, os Capit\u00e3es-Tenentes dos Quadros Auxiliares da Armada e de Fuzileiros Navais, com curso superior, e os Capit\u00e3es-Tenentes dos Quadros Complementares.<\/p>\n<p>Ingressar\u00e3o nos Quadros Auxiliares da Armada e de Fuzileiros Navais as Pra\u00e7as da marinha, com segundo grau completo, aprovadas concurso de admiss\u00e3o, no Curso de Forma\u00e7\u00e3o e no Est\u00e1gio de Aplica\u00e7\u00e3o de Oficiais.<\/p>\n<p>Ingressar\u00e3o no Quadro de Capel\u00e3es Navais os candidatos aprovados em processo seletivo, no Curso de Forma\u00e7\u00e3o e no Est\u00e1gio de Aplica\u00e7\u00e3o de Oficiais.<\/p>\n<p><strong>CORPO DE PRA\u00c7AS DA ARMADA &#8211;<\/strong> Ser\u00e3o inclu\u00eddos no CPA na gradua\u00e7\u00e3o de MN e no Quadro suplementar (QS), os Grumetes (Gr) procedentes das Escolas de Aprendizes-Marinheiros (EAM) e os Marinheiros-Recrutas (MN-RC) oriundos do Servi\u00e7o Militar Inicial (SMI). Os MN-RC ser\u00e3o nomeados MN, contando antiguidade a partir da data do t\u00e9rmino do SMI. Os Gr ser\u00e3o nomeados MN em data at\u00e9 60 dias ap\u00f3s a conclus\u00e3o com aproveitamento dos cursos da EAM.<\/p>\n<p>Ser\u00e3o inclu\u00eddos no CPA na gradua\u00e7\u00e3o de Terceiro-Sargento e no Quadro de Especialistas (QE) para os quais tiverem concorrido, os candidatos possuidores de titula\u00e7\u00e3o profissional de interesse para a Marinha, aprovados em Curso de Forma\u00e7\u00e3o de Sargentos (C-FSG)<\/p>\n<p><strong>CORPO DE PRA\u00c7AS DE FUZILEIROS NAVAIS &#8211;<\/strong> Ser\u00e3o inclu\u00eddos no CPFN na gradua\u00e7\u00e3o de SD-FN, os Recrutas Fuzileiros Navais (RC-FN) aprovados em Curso de Forma\u00e7\u00e3o de Soldados. Os RC-FN ser\u00e3o nomeados SD-FN, contando antiguidade a partir da data de conclus\u00e3o do C-FSD.<\/p>\n<p>Ser\u00e3o inclu\u00eddos no CPFN na gradua\u00e7\u00e3o de Terceiro-Sargento, as Pra\u00e7as do CPA e das demais For\u00e7as Armadas, at\u00e9 a gradua\u00e7\u00e3o de CB, e os candidatos civis aprovados no Curso de Forma\u00e7\u00e3o de Sargentos M\u00fasicos (C-FSG-MU).<\/p>\n<p><strong>CORPO AUXILIAR DE PRA\u00c7AS &#8211;<\/strong> Ser\u00e3o inclu\u00eddos no CAP na gradua\u00e7\u00e3o de MN, os MN-QS e MN-RC possuidores de habilita\u00e7\u00e3o profissional obtida em Curso de Aprendizagem Industrial de interesse da Marinha.<\/p>\n<p>Ser\u00e3o inclu\u00eddos no CAP na gradua\u00e7\u00e3o de CB, os candidatos possuidores de titula\u00e7\u00e3o profissional de interesse para a Marinha, em n\u00edvel auxiliar ou t\u00e9cnico de 2\u00ba grau, aprovados em C-FCB.<\/p>\n<p>Ser\u00e3o inclu\u00eddos no CAP na gradua\u00e7\u00e3o de CB, os MN do CPA aprovados em Curso de Especializa\u00e7\u00e3o (C-Esp) previstos para o CAP.<\/p>\n<p>Ser\u00e3o inclu\u00eddos no CAP na gradua\u00e7\u00e3o de Cabo, os candidatos civis possuidores de titula\u00e7\u00e3o profissional de interesse para a Marinha em n\u00edvel t\u00e9cnico de 2\u00ba grau, aprovados em C-FSG.<\/p>\n","protected":false},"excerpt":{"rendered":"<p>CORPO DE FUZILEIROS NAVAIS &#8211; Os Oficiais do Quadro de Oficiais Fuzileiros Navais s\u00e3o ordenados em uma escala hier\u00e1rquica constituida pelos postos de Segundo-Tenente a Almirante-de-Esquadra e os do Quadro Complementar de Oficiais Fuzileiros, pelos postos de Segundo-Tenente a Capit\u00e3o-Tenente. Ingressar\u00e3o no Quadro de Oficiais Fuzileiros Navais os Guardas-Marinha que concluirem com aproveitamento o curso [&hellip;]<\/p>\n","protected":false},"author":11,"featured_media":0,"parent":101,"menu_order":0,"comment_status":"closed","ping_status":"closed","template":"","meta":{"footnotes":""},"class_list":["post-107","page","type-page","status-publish","hentry"],"_links":{"self":[{"href":"https:\/\/jundiai.sp.gov.br\/casa-civil\/wp-json\/wp\/v2\/pages\/107","targetHints":{"allow":["GET"]}}],"collection":[{"href":"https:\/\/jundiai.sp.gov.br\/casa-civil\/wp-json\/wp\/v2\/pages"}],"about":[{"href":"https:\/\/jundiai.sp.gov.br\/casa-civil\/wp-json\/wp\/v2\/types\/page"}],"author":[{"embeddable":true,"href":"https:\/\/jundiai.sp.gov.br\/casa-civil\/wp-json\/wp\/v2\/users\/11"}],"replies":[{"embeddable":true,"href":"https:\/\/jundiai.sp.gov.br\/casa-civil\/wp-json\/wp\/v2\/comments?post=107"}],"version-history":[{"count":1,"href":"https:\/\/jundiai.sp.gov.br\/casa-civil\/wp-json\/wp\/v2\/pages\/107\/revisions"}],"predecessor-version":[{"id":108,"href":"https:\/\/jundiai.sp.gov.br\/casa-civil\/wp-json\/wp\/v2\/pages\/107\/revisions\/108"}],"up":[{"embeddable":true,"href":"https:\/\/jundiai.sp.gov.br\/casa-civil\/wp-json\/wp\/v2\/pages\/101"}],"wp:attachment":[{"href":"https:\/\/jundiai.sp.gov.br\/casa-civil\/wp-json\/wp\/v2\/media?parent=107"}],"curies":[{"name":"wp","href":"https:\/\/api.w.org\/{rel}","templated":true}]}}