{"id":11410,"date":"2025-05-22T15:33:11","date_gmt":"2025-05-22T18:33:11","guid":{"rendered":"https:\/\/jundiai.sp.gov.br\/casa-civil\/?page_id=11410"},"modified":"2025-06-05T14:21:59","modified_gmt":"2025-06-05T17:21:59","slug":"maio","status":"publish","type":"page","link":"https:\/\/jundiai.sp.gov.br\/casa-civil\/decretos-municipais\/2025-2\/maio\/","title":{"rendered":"Maio"},"content":{"rendered":"\n<div class=\"wp-block-columns is-layout-flex wp-container-core-columns-is-layout-9d6595d7 wp-block-columns-is-layout-flex\">\n<div class=\"wp-block-column is-layout-flow wp-block-column-is-layout-flow\">\n<div class=\"wp-block-file\"><a id=\"wp-block-file--media-b155fda9-00f1-40d3-87b7-fc4976e5e79b\" href=\"https:\/\/jundiai.sp.gov.br\/casa-civil\/wp-content\/uploads\/sites\/6\/2025\/05\/sei_2308658_decreto_orcamentario_35-065.pdf\">35.065 &#8211; Decreto Or\u00e7ament\u00e1rio<\/a><\/div>\n\n\n\n<div class=\"wp-block-file\"><a id=\"wp-block-file--media-2170741b-e066-4efd-bae9-5114ef3d1297\" href=\"https:\/\/jundiai.sp.gov.br\/casa-civil\/wp-content\/uploads\/sites\/6\/2025\/05\/sei_2311678_decreto_orcamentario_35-066.pdf\">35.066 &#8211; Decreto Or\u00e7ament\u00e1rio<\/a><\/div>\n\n\n\n<div class=\"wp-block-file\"><a id=\"wp-block-file--media-413431cc-d2d5-40ef-aaa1-735ab854f361\" href=\"https:\/\/jundiai.sp.gov.br\/casa-civil\/wp-content\/uploads\/sites\/6\/2025\/05\/sei_2315083_decreto_orcamentario_35-067.pdf\">35.067 &#8211; Decreto Or\u00e7ament\u00e1rio<\/a><\/div>\n\n\n\n<div class=\"wp-block-file\"><a id=\"wp-block-file--media-cdf2d285-3f28-4b96-91ff-1ceb735aac22\" href=\"https:\/\/jundiai.sp.gov.br\/casa-civil\/wp-content\/uploads\/sites\/6\/2025\/05\/sei_2315088_decreto_orcamentario_35-068.pdf\">35.068 &#8211; Decreto Or\u00e7ament\u00e1rio<\/a><\/div>\n\n\n\n<div class=\"wp-block-file\"><a id=\"wp-block-file--media-cd07ae11-8dda-4fd4-96ec-fb3539595df2\" href=\"https:\/\/jundiai.sp.gov.br\/casa-civil\/wp-content\/uploads\/sites\/6\/2025\/05\/sei_2315707_decreto_orcamentario_35-069.pdf\">35.069 &#8211; Decreto Or\u00e7ament\u00e1rio<\/a><\/div>\n\n\n\n<div class=\"wp-block-file\"><a id=\"wp-block-file--media-0603a706-f0fb-41a7-9ecd-bec051d20be8\" href=\"https:\/\/jundiai.sp.gov.br\/casa-civil\/wp-content\/uploads\/sites\/6\/2025\/05\/sei_2316697_decreto_orcamentario_35-070.pdf\">35.070 &#8211; Decreto Or\u00e7ament\u00e1rio<\/a><\/div>\n\n\n\n<p>35.071 &#8211; N\u00famero n\u00e3o Utilizado<\/p>\n\n\n\n<div class=\"wp-block-file\"><a id=\"wp-block-file--media-ecddcefb-a10e-4f1b-ad90-690c7ad38ae1\" href=\"https:\/\/jundiai.sp.gov.br\/casa-civil\/wp-content\/uploads\/sites\/6\/2025\/05\/sei_2316936_decreto_orcamentario_35-072___fmj.pdf\">35.072 &#8211; Decreto Or\u00e7ament\u00e1rio<\/a><\/div>\n\n\n\n<div class=\"wp-block-file\"><a id=\"wp-block-file--media-43de5a60-8c9c-45af-9563-0767d85e9fe1\" href=\"https:\/\/jundiai.sp.gov.br\/casa-civil\/wp-content\/uploads\/sites\/6\/2025\/05\/sei_2319062_decreto_orcamentario_35-073.pdf\">35.073 &#8211; Decreto Or\u00e7ament\u00e1rio<\/a><\/div>\n\n\n\n<div class=\"wp-block-file\"><a id=\"wp-block-file--media-6eb05f91-3705-4ba2-bfd6-8b212f53bbf6\" href=\"https:\/\/jundiai.sp.gov.br\/casa-civil\/wp-content\/uploads\/sites\/6\/2025\/05\/sei_2318806_decreto_orcamentario_35-074.pdf\">35.074 &#8211; Decreto Or\u00e7ament\u00e1rio<\/a><\/div>\n\n\n\n<div class=\"wp-block-file\"><a id=\"wp-block-file--media-3f021504-f5e5-4164-9269-1aa46cb3b5e9\" href=\"https:\/\/jundiai.sp.gov.br\/casa-civil\/wp-content\/uploads\/sites\/6\/2025\/05\/sei_2318811_decreto_orcamentario_35-075.pdf\">35.075 &#8211; Decreto Or\u00e7ament\u00e1rio<\/a><\/div>\n\n\n\n<div class=\"wp-block-file\"><a id=\"wp-block-file--media-3d0b2e32-c9ad-4623-b5fa-7719675369cd\" href=\"https:\/\/jundiai.sp.gov.br\/casa-civil\/wp-content\/uploads\/sites\/6\/2025\/05\/sei_2319315_decreto_orcamentario_35-076.pdf\">35.076 &#8211; Decreto Or\u00e7ament\u00e1rio<\/a><\/div>\n\n\n\n<div class=\"wp-block-file\"><a id=\"wp-block-file--media-fae079f6-499f-4bc3-8858-bc83f583a9b7\" href=\"https:\/\/jundiai.sp.gov.br\/casa-civil\/wp-content\/uploads\/sites\/6\/2025\/05\/35-077.pdf\">35.077 &#8211; Confer\u00eancia Igualdade Racial<\/a><\/div>\n\n\n\n<div class=\"wp-block-file\"><a id=\"wp-block-file--media-92a6f5ab-d2b3-4d54-a0a5-6397a64db85b\" href=\"https:\/\/jundiai.sp.gov.br\/casa-civil\/wp-content\/uploads\/sites\/6\/2025\/05\/sei_2321747_decreto_orcamentario_35-078.pdf\">35.078 &#8211; Decreto Or\u00e7ament\u00e1rio<\/a><\/div>\n\n\n\n<div class=\"wp-block-file\"><a id=\"wp-block-file--media-288ad502-cdf9-4501-9259-81babbf533e6\" href=\"https:\/\/jundiai.sp.gov.br\/casa-civil\/wp-content\/uploads\/sites\/6\/2025\/05\/sei_2326159_decreto_orcamentario_35-079.pdf\">35.079 &#8211; Decreto Or\u00e7ament\u00e1rio<\/a><\/div>\n\n\n\n<div class=\"wp-block-file\"><a id=\"wp-block-file--media-eca3f6e1-8743-4fbb-b2eb-596fb808cbc5\" href=\"https:\/\/jundiai.sp.gov.br\/casa-civil\/wp-content\/uploads\/sites\/6\/2025\/05\/sei_2326308_decreto_orcamentario_35-080.pdf\">35.080 &#8211; Decreto Or\u00e7ament\u00e1rio<\/a><\/div>\n\n\n\n<div class=\"wp-block-file\"><a id=\"wp-block-file--media-d6b43f13-3eab-4b47-9b5d-28ab30b99478\" href=\"https:\/\/jundiai.sp.gov.br\/casa-civil\/wp-content\/uploads\/sites\/6\/2025\/05\/sei_2326776_decreto_orcamentario_35-081.pdf\">35.081 &#8211; Decreto Or\u00e7ament\u00e1rio<\/a><\/div>\n\n\n\n<div class=\"wp-block-file\"><a id=\"wp-block-file--media-28f5c392-3d65-4854-a71a-e1cb7569934c\" href=\"https:\/\/jundiai.sp.gov.br\/casa-civil\/wp-content\/uploads\/sites\/6\/2025\/05\/sei_2327674_decreto_orcamentario_35-082.pdf\">35.082 &#8211; Decreto Or\u00e7ament\u00e1rio<\/a><\/div>\n\n\n\n<div class=\"wp-block-file\"><a id=\"wp-block-file--media-caa04802-cfd4-47f0-866c-248a7aa67d5a\" href=\"https:\/\/jundiai.sp.gov.br\/casa-civil\/wp-content\/uploads\/sites\/6\/2025\/05\/sei_2327916_decreto_orcamentario_35-083.pdf\">35.083 &#8211; Decreto Or\u00e7ament\u00e1rio<\/a><\/div>\n\n\n\n<div class=\"wp-block-file\"><a id=\"wp-block-file--media-f296e860-df9a-4461-9a57-c2dd0d39a384\" href=\"https:\/\/jundiai.sp.gov.br\/casa-civil\/wp-content\/uploads\/sites\/6\/2025\/05\/sei_2330282_decreto_orcamentario_35-084.pdf\">35.084 &#8211; Decreto Or\u00e7ament\u00e1rio<\/a><\/div>\n<\/div>\n\n\n\n<div class=\"wp-block-column is-layout-flow wp-block-column-is-layout-flow\">\n<div class=\"wp-block-file\"><a id=\"wp-block-file--media-f794fb1f-bebe-48b9-8501-419300a48bf6\" href=\"https:\/\/jundiai.sp.gov.br\/casa-civil\/wp-content\/uploads\/sites\/6\/2025\/06\/35-085.pdf\">35.085 &#8211; Permiss\u00e3o de Uso<\/a><\/div>\n\n\n\n<div class=\"wp-block-file\"><a id=\"wp-block-file--media-8b488f28-2eb2-4f5e-9f8e-38217d385840\" href=\"https:\/\/jundiai.sp.gov.br\/casa-civil\/wp-content\/uploads\/sites\/6\/2025\/06\/sei_2347488_decreto_orcamentario_35-086___fmj.pdf\">35.086 &#8211; Decreto Or\u00e7ament\u00e1rio<\/a><\/div>\n\n\n\n<div class=\"wp-block-file\"><a id=\"wp-block-file--media-a40d614b-7012-4e02-a4e7-f7e819442424\" href=\"https:\/\/jundiai.sp.gov.br\/casa-civil\/wp-content\/uploads\/sites\/6\/2025\/06\/35-087.pdf\">35.087 &#8211; 13\u00aa Confer\u00eancia Municipal de Sa\u00fade<\/a><\/div>\n\n\n\n<div class=\"wp-block-file\"><a id=\"wp-block-file--media-af3a31f5-5385-48bc-8cff-027f2b16d885\" href=\"https:\/\/jundiai.sp.gov.br\/casa-civil\/wp-content\/uploads\/sites\/6\/2025\/06\/sei_2347477_decreto_orcamentario_35-088.pdf\">35.088 &#8211; Decreto Or\u00e7ament\u00e1rio<\/a><\/div>\n\n\n\n<div class=\"wp-block-file\"><a id=\"wp-block-file--media-09651737-a06d-4a7c-80bc-998cb013a50f\" href=\"https:\/\/jundiai.sp.gov.br\/casa-civil\/wp-content\/uploads\/sites\/6\/2025\/06\/sei_2347490_decreto_orcamentario_35-089.pdf\">35.089 &#8211; Decreto Or\u00e7ament\u00e1rio<\/a><\/div>\n\n\n\n<div class=\"wp-block-file\"><a id=\"wp-block-file--media-6cd5bd8f-3851-4926-8f96-d5b081e5232f\" href=\"https:\/\/jundiai.sp.gov.br\/casa-civil\/wp-content\/uploads\/sites\/6\/2025\/06\/sei_2347493_decreto_orcamentario_35-090.pdf\">35.090 &#8211; Decreto Or\u00e7ament\u00e1rio<\/a><\/div>\n\n\n\n<div class=\"wp-block-file\"><a id=\"wp-block-file--media-162c3cee-84b6-4a28-a02f-c1fd80f19083\" href=\"https:\/\/jundiai.sp.gov.br\/casa-civil\/wp-content\/uploads\/sites\/6\/2025\/06\/sei_2347478_decreto_orcamentario_35-091.pdf\">35.091 &#8211; Decreto Or\u00e7ament\u00e1rio<\/a><\/div>\n\n\n\n<div class=\"wp-block-file\"><a id=\"wp-block-file--media-e2ec1a56-67fd-4e78-8c64-3192083ac747\" href=\"https:\/\/jundiai.sp.gov.br\/casa-civil\/wp-content\/uploads\/sites\/6\/2025\/06\/sei_2347482_decreto_orcamentario_35-092.pdf\">35.092 &#8211; Decreto Or\u00e7ament\u00e1rio<\/a><\/div>\n\n\n\n<div class=\"wp-block-file\"><a id=\"wp-block-file--media-889de2fa-29e8-4aaa-8758-0f49500e24b8\" href=\"https:\/\/jundiai.sp.gov.br\/casa-civil\/wp-content\/uploads\/sites\/6\/2025\/06\/sei_2340248_decreto_orcamentario_35-093_fmj.pdf\">35.093 &#8211; Decreto Or\u00e7ament\u00e1rio<\/a><\/div>\n\n\n\n<div class=\"wp-block-file\"><a id=\"wp-block-file--media-047d170c-77e7-4363-892e-c8c00ca82e73\" href=\"https:\/\/jundiai.sp.gov.br\/casa-civil\/wp-content\/uploads\/sites\/6\/2025\/06\/sei_2341919_decreto_orcamentario_35-094.pdf\">35.094 &#8211; Decreto Or\u00e7ament\u00e1rio<\/a><\/div>\n\n\n\n<div class=\"wp-block-file\"><a id=\"wp-block-file--media-61ef5a37-5624-499b-98ce-ca00028fbf6c\" href=\"https:\/\/jundiai.sp.gov.br\/casa-civil\/wp-content\/uploads\/sites\/6\/2025\/06\/sei_2342119_decreto_orcamentario_35-095.pdf\">35.095 &#8211; Decreto Or\u00e7ament\u00e1rio<\/a><\/div>\n\n\n\n<div class=\"wp-block-file\"><a id=\"wp-block-file--media-cf83ae7f-69f0-4edc-aec2-88754c8165bd\" href=\"https:\/\/jundiai.sp.gov.br\/casa-civil\/wp-content\/uploads\/sites\/6\/2025\/06\/sei_2342121_decreto_orcamentario_35-096.pdf\">35.096 &#8211; Decreto Or\u00e7ament\u00e1rio<\/a><\/div>\n\n\n\n<div class=\"wp-block-file\"><a id=\"wp-block-file--media-c21707f7-62ee-4c01-9b69-727026260bc7\" href=\"https:\/\/jundiai.sp.gov.br\/casa-civil\/wp-content\/uploads\/sites\/6\/2025\/06\/sei_2344198_decreto_orcamentario_35-097.pdf\">35.097 &#8211; Decreto Or\u00e7ament\u00e1rio<\/a><\/div>\n\n\n\n<div class=\"wp-block-file\"><a id=\"wp-block-file--media-dab2ac42-dc75-45cd-9d50-b2b861e43d32\" href=\"https:\/\/jundiai.sp.gov.br\/casa-civil\/wp-content\/uploads\/sites\/6\/2025\/06\/sei_2345389_decreto_orcamentario_35-098.pdf\">35.098 &#8211; Decreto Or\u00e7ament\u00e1rio<\/a><\/div>\n\n\n\n<div class=\"wp-block-file\"><a id=\"wp-block-file--media-5991e019-b371-410e-a34c-d71863edbd60\" href=\"https:\/\/jundiai.sp.gov.br\/casa-civil\/wp-content\/uploads\/sites\/6\/2025\/06\/sei_2345490_decreto_n-_35-099__de_19_de_maio_de_2025.pdf\">35.099 &#8211; Regulamenta o Programa Jundia\u00ed Feito a M\u00e3o<\/a><\/div>\n\n\n\n<div class=\"wp-block-file\"><a id=\"wp-block-file--media-697a5807-0366-4dd5-a93f-f6f9342d706e\" href=\"https:\/\/jundiai.sp.gov.br\/casa-civil\/wp-content\/uploads\/sites\/6\/2025\/06\/sei_2346308_decreto_orcamentario_35-100.pdf\">35.100 &#8211; Decreto Or\u00e7ament\u00e1rio<\/a><\/div>\n\n\n\n<div class=\"wp-block-file\"><a id=\"wp-block-file--media-2160f62b-0eb9-40b9-bee6-2ec29c2f0dfc\" href=\"https:\/\/jundiai.sp.gov.br\/casa-civil\/wp-content\/uploads\/sites\/6\/2025\/06\/sei_2347425_decreto_orcamentario_35-101.pdf\">35.101 &#8211; Decreto Or\u00e7ament\u00e1rio<\/a><\/div>\n\n\n\n<div class=\"wp-block-file\"><a id=\"wp-block-file--media-2468bb3f-d3fc-4d27-868f-15d887f441aa\" href=\"https:\/\/jundiai.sp.gov.br\/casa-civil\/wp-content\/uploads\/sites\/6\/2025\/06\/sei_2347723_decreto_orcamentario_35-102.pdf\">35.102 &#8211; Decreto Or\u00e7ament\u00e1rio<\/a><\/div>\n\n\n\n<div class=\"wp-block-file\"><a id=\"wp-block-file--media-75d6bda9-de83-4437-b925-5be62b77b23e\" href=\"https:\/\/jundiai.sp.gov.br\/casa-civil\/wp-content\/uploads\/sites\/6\/2025\/06\/sei_2347727_decreto_orcamentario_35-103.pdf\">35.103 &#8211; Decreto Or\u00e7ament\u00e1rio<\/a><\/div>\n\n\n\n<div class=\"wp-block-file\"><a id=\"wp-block-file--media-352afa08-bd01-4e1e-b57f-14a38c4a8209\" href=\"https:\/\/jundiai.sp.gov.br\/casa-civil\/wp-content\/uploads\/sites\/6\/2025\/06\/sei_2347736_decreto_orcamentario_35-104.pdf\">35.104 &#8211; Decreto Or\u00e7ament\u00e1rio<\/a><\/div>\n\n\n\n<div class=\"wp-block-file\"><a id=\"wp-block-file--media-8a576e59-02eb-4799-ba52-c807f730dda1\" href=\"https:\/\/jundiai.sp.gov.br\/casa-civil\/wp-content\/uploads\/sites\/6\/2025\/06\/sei_2348386_decreto_orcamentario_35-105___fmj.pdf\">35.105 &#8211; Decreto Or\u00e7ament\u00e1rio<\/a><\/div>\n\n\n\n<div class=\"wp-block-file\"><a id=\"wp-block-file--media-41a277ce-006e-4cfb-b777-6622705705c9\" href=\"https:\/\/jundiai.sp.gov.br\/casa-civil\/wp-content\/uploads\/sites\/6\/2025\/06\/sei_2348389_decreto_orcamentario_35-106___esef.pdf\">35.106 &#8211; Decreto Or\u00e7ament\u00e1rio<\/a><\/div>\n<\/div>\n\n\n\n<div class=\"wp-block-column is-layout-flow wp-block-column-is-layout-flow\">\n<div class=\"wp-block-file\"><a id=\"wp-block-file--media-d1b39b37-8ef1-45a7-b9dd-b57bad0ba884\" href=\"https:\/\/jundiai.sp.gov.br\/casa-civil\/wp-content\/uploads\/sites\/6\/2025\/06\/sei_2348396_decreto_orcamentario_35-107___fumas.pdf\">35.107 &#8211; Decreto Or\u00e7ament\u00e1rio<\/a><\/div>\n\n\n\n<div class=\"wp-block-file\"><a id=\"wp-block-file--media-e0b9cca6-5970-405a-9fa8-52676bb87dd7\" href=\"https:\/\/jundiai.sp.gov.br\/casa-civil\/wp-content\/uploads\/sites\/6\/2025\/06\/sei_2351335_decreto_orcamentario_35-108.pdf\">35.108 &#8211; Decreto Or\u00e7ament\u00e1rio<\/a><\/div>\n\n\n\n<div class=\"wp-block-file\"><a id=\"wp-block-file--media-2699c615-dd89-4d12-9289-49c17b2500cd\" href=\"https:\/\/jundiai.sp.gov.br\/casa-civil\/wp-content\/uploads\/sites\/6\/2025\/06\/sei_2351336_decreto_orcamentario_35-109.pdf\">35.109 &#8211; Decreto Or\u00e7ament\u00e1rio<\/a><\/div>\n\n\n\n<div class=\"wp-block-file\"><a id=\"wp-block-file--media-3dd315eb-45bf-4afd-b1da-bd19d8c893de\" href=\"https:\/\/jundiai.sp.gov.br\/casa-civil\/wp-content\/uploads\/sites\/6\/2025\/06\/sei_2351715_decreto_orcamentario_35-110.pdf\">35.110 &#8211; Decreto Or\u00e7ament\u00e1rio<\/a><\/div>\n\n\n\n<div class=\"wp-block-file\"><a id=\"wp-block-file--media-9ffa6d12-af69-4b42-98d8-d1a9709111af\" href=\"https:\/\/jundiai.sp.gov.br\/casa-civil\/wp-content\/uploads\/sites\/6\/2025\/06\/sei_2353790_decreto_orcamentario_35-111.pdf\">35.111 &#8211; Decreto Or\u00e7ament\u00e1rio<\/a><\/div>\n\n\n\n<div class=\"wp-block-file\"><a id=\"wp-block-file--media-ccb1c4a6-2427-4b2a-8759-b669810c9c5c\" href=\"https:\/\/jundiai.sp.gov.br\/casa-civil\/wp-content\/uploads\/sites\/6\/2025\/06\/sei_2355377_decreto_orcamentario_35-112.pdf\">35.112 &#8211; Decreto Or\u00e7ament\u00e1rio<\/a><\/div>\n\n\n\n<div class=\"wp-block-file\"><a id=\"wp-block-file--media-76d6d20b-c985-4e14-a24b-2a702ca33630\" href=\"https:\/\/jundiai.sp.gov.br\/casa-civil\/wp-content\/uploads\/sites\/6\/2025\/06\/sei_2355687_decreto_orcamentario_35-113.pdf\">35.113 &#8211; Decreto Or\u00e7ament\u00e1rio<\/a><\/div>\n\n\n\n<div class=\"wp-block-file\"><a id=\"wp-block-file--media-2d0e4ef8-a402-48dc-84d7-15efddff3964\" href=\"https:\/\/jundiai.sp.gov.br\/casa-civil\/wp-content\/uploads\/sites\/6\/2025\/06\/sei_2355692_decreto_orcamentario_35-114.pdf\">35.114 &#8211; Decreto Or\u00e7ament\u00e1rio<\/a><\/div>\n\n\n\n<div class=\"wp-block-file\"><a id=\"wp-block-file--media-a410bdba-7050-4c9d-bbce-f4201f69f97d\" href=\"https:\/\/jundiai.sp.gov.br\/casa-civil\/wp-content\/uploads\/sites\/6\/2025\/06\/sei_2356479_decreto_orcamentario_35-115.pdf\">35.115 &#8211; Decreto Or\u00e7ament\u00e1rio<\/a><\/div>\n\n\n\n<div class=\"wp-block-file\"><a id=\"wp-block-file--media-76736786-7e2a-4189-9914-264563ac9791\" href=\"https:\/\/jundiai.sp.gov.br\/casa-civil\/wp-content\/uploads\/sites\/6\/2025\/06\/sei_2356481_decreto_orcamentario_35-116.pdf\">35.116 &#8211; Decreto Or\u00e7ament\u00e1rio<\/a><\/div>\n\n\n\n<div class=\"wp-block-file\"><a id=\"wp-block-file--media-ef463924-385e-4e4e-b248-5c25dcb577b8\" href=\"https:\/\/jundiai.sp.gov.br\/casa-civil\/wp-content\/uploads\/sites\/6\/2025\/06\/sei_2356483_decreto_orcamentario_35-117.pdf\">35.117 &#8211; Decreto Or\u00e7ament\u00e1rio<\/a><\/div>\n\n\n\n<div class=\"wp-block-file\"><a id=\"wp-block-file--media-2fc6bc50-f6c9-4923-a3a7-e66c47fb03a4\" href=\"https:\/\/jundiai.sp.gov.br\/casa-civil\/wp-content\/uploads\/sites\/6\/2025\/06\/35-118.pdf\">35.118 &#8211; Declara\u00e7\u00e3o de Utilidade P\u00fablica<\/a><\/div>\n\n\n\n<div class=\"wp-block-file\"><a id=\"wp-block-file--media-05328b24-3353-43fb-a83a-eec474437572\" href=\"https:\/\/jundiai.sp.gov.br\/casa-civil\/wp-content\/uploads\/sites\/6\/2025\/06\/sei_2361957_decreto_orcamentario_35-119.pdf\">35.119 &#8211; Decreto Or\u00e7ament\u00e1rio<\/a><\/div>\n\n\n\n<div class=\"wp-block-file\"><a id=\"wp-block-file--media-b1579ee7-c511-4833-a893-e3ee65bb52cf\" href=\"https:\/\/jundiai.sp.gov.br\/casa-civil\/wp-content\/uploads\/sites\/6\/2025\/06\/sei_2363144_decreto_orcamentario_35-120.pdf\">35.120 &#8211; Decreto Or\u00e7ament\u00e1rio<\/a><\/div>\n\n\n\n<div class=\"wp-block-file\"><a id=\"wp-block-file--media-4ec9d7e4-8e0e-494b-a172-0e5941c78c42\" href=\"https:\/\/jundiai.sp.gov.br\/casa-civil\/wp-content\/uploads\/sites\/6\/2025\/06\/sei_2363285_decreto_orcamentario_35-121___fumas.pdf\">35.121 &#8211; Decreto Or\u00e7ament\u00e1rio<\/a><\/div>\n\n\n\n<div class=\"wp-block-file\"><a id=\"wp-block-file--media-aaf8050f-ca74-403b-a4bd-f6a3233d9a92\" href=\"https:\/\/jundiai.sp.gov.br\/casa-civil\/wp-content\/uploads\/sites\/6\/2025\/06\/sei_2363289_decreto_orcamentario_35-122___fumas.pdf\">35.122 &#8211; Decreto Or\u00e7ament\u00e1rio<\/a><\/div>\n\n\n\n<div class=\"wp-block-file\"><a id=\"wp-block-file--media-2572976f-c197-4a2e-bf04-50d1c71c1b0b\" href=\"https:\/\/jundiai.sp.gov.br\/casa-civil\/wp-content\/uploads\/sites\/6\/2025\/06\/sei_2363292_decreto_orcamentario_35-123___egp.pdf\">35.123 &#8211; Decreto Or\u00e7ament\u00e1rio<\/a><\/div>\n\n\n\n<div class=\"wp-block-file\"><a id=\"wp-block-file--media-a14b8c43-004a-439b-8ca8-37f056a32b87\" href=\"https:\/\/jundiai.sp.gov.br\/casa-civil\/wp-content\/uploads\/sites\/6\/2025\/06\/sei_2365105_decreto_orcamentario_35-124.pdf\">35.124 &#8211; Decreto Or\u00e7ament\u00e1rio<\/a><\/div>\n\n\n\n<div class=\"wp-block-file\"><a id=\"wp-block-file--media-65455529-76c2-4d5c-b256-5bcde6d9b3f7\" href=\"https:\/\/jundiai.sp.gov.br\/casa-civil\/wp-content\/uploads\/sites\/6\/2025\/06\/sei_2365473_decreto_orcamentario_35-125.pdf\">35.125 &#8211; Decreto Or\u00e7ament\u00e1rio<\/a><\/div>\n\n\n\n<div class=\"wp-block-file\"><a id=\"wp-block-file--media-91335ac7-38ab-4f1d-ad52-032db662a3d5\" href=\"https:\/\/jundiai.sp.gov.br\/casa-civil\/wp-content\/uploads\/sites\/6\/2025\/06\/sei_2366234_decreto_orcamentario_35-126.pdf\">35.126 &#8211; Decreto Or\u00e7ament\u00e1rio<\/a><\/div>\n\n\n\n<div class=\"wp-block-file\"><a id=\"wp-block-file--media-d3cae334-69d7-4171-b2ba-65d841a26c4d\" href=\"https:\/\/jundiai.sp.gov.br\/casa-civil\/wp-content\/uploads\/sites\/6\/2025\/06\/sei_2372419_decreto_orcamentario_35-127.pdf\">35.127 &#8211; Decreto Or\u00e7ament\u00e1rio<\/a><\/div>\n\n\n\n<div class=\"wp-block-file\"><a id=\"wp-block-file--media-583a3582-277b-4a52-9548-f7195b2519ef\" href=\"https:\/\/jundiai.sp.gov.br\/casa-civil\/wp-content\/uploads\/sites\/6\/2025\/06\/sei_2372422_decreto_orcamentario_35-128.pdf\">35.128 &#8211; Decreto Or\u00e7ament\u00e1rio<\/a><\/div>\n\n\n\n<div class=\"wp-block-file\"><a id=\"wp-block-file--media-3097292b-6304-4e99-ad24-dfa7c6a5fec2\" href=\"https:\/\/jundiai.sp.gov.br\/casa-civil\/wp-content\/uploads\/sites\/6\/2025\/06\/sei_2373550_decreto_orcamentario_35-129.pdf\">35.129 &#8211; Decreto Or\u00e7ament\u00e1rio<\/a><\/div>\n\n\n\n<div class=\"wp-block-file\"><a id=\"wp-block-file--media-0ba89f2e-d5df-4624-8ccc-dad2b4ea0a4e\" href=\"https:\/\/jundiai.sp.gov.br\/casa-civil\/wp-content\/uploads\/sites\/6\/2025\/06\/sei_2373553_decreto_orcamentario_35-130.pdf\">35.130 &#8211; Decreto Or\u00e7ament\u00e1rio<\/a><\/div>\n\n\n\n<div class=\"wp-block-file\"><a id=\"wp-block-file--media-a85022f8-5c9b-494f-be94-4156b0d0c84f\" href=\"https:\/\/jundiai.sp.gov.br\/casa-civil\/wp-content\/uploads\/sites\/6\/2025\/06\/sei_2373554_decreto_orcamentario_35-131.pdf\">35.131 &#8211; Decreto Or\u00e7ament\u00e1rio<\/a><\/div>\n\n\n\n<div class=\"wp-block-file\"><a id=\"wp-block-file--media-e1fb4109-83cc-492a-830a-19cd602fd1d2\" href=\"https:\/\/jundiai.sp.gov.br\/casa-civil\/wp-content\/uploads\/sites\/6\/2025\/06\/sei_2373558_decreto_orcamentario_35-132.pdf\">35.132 &#8211; Decreto Or\u00e7ament\u00e1rio<\/a><\/div>\n<\/div>\n<\/div>\n","protected":false},"excerpt":{"rendered":"<p>35.071 &#8211; N\u00famero n\u00e3o Utilizado<\/p>\n","protected":false},"author":75,"featured_media":0,"parent":10656,"menu_order":5,"comment_status":"closed","ping_status":"closed","template":"page-subpaginas.php","meta":{"footnotes":""},"class_list":["post-11410","page","type-page","status-publish","hentry"],"_links":{"self":[{"href":"https:\/\/jundiai.sp.gov.br\/casa-civil\/wp-json\/wp\/v2\/pages\/11410","targetHints":{"allow":["GET"]}}],"collection":[{"href":"https:\/\/jundiai.sp.gov.br\/casa-civil\/wp-json\/wp\/v2\/pages"}],"about":[{"href":"https:\/\/jundiai.sp.gov.br\/casa-civil\/wp-json\/wp\/v2\/types\/page"}],"author":[{"embeddable":true,"href":"https:\/\/jundiai.sp.gov.br\/casa-civil\/wp-json\/wp\/v2\/users\/75"}],"replies":[{"embeddable":true,"href":"https:\/\/jundiai.sp.gov.br\/casa-civil\/wp-json\/wp\/v2\/comments?post=11410"}],"version-history":[{"count":3,"href":"https:\/\/jundiai.sp.gov.br\/casa-civil\/wp-json\/wp\/v2\/pages\/11410\/revisions"}],"predecessor-version":[{"id":11528,"href":"https:\/\/jundiai.sp.gov.br\/casa-civil\/wp-json\/wp\/v2\/pages\/11410\/revisions\/11528"}],"up":[{"embeddable":true,"href":"https:\/\/jundiai.sp.gov.br\/casa-civil\/wp-json\/wp\/v2\/pages\/10656"}],"wp:attachment":[{"href":"https:\/\/jundiai.sp.gov.br\/casa-civil\/wp-json\/wp\/v2\/media?parent=11410"}],"curies":[{"name":"wp","href":"https:\/\/api.w.org\/{rel}","templated":true}]}}