{"id":13,"date":"2014-08-18T16:28:43","date_gmt":"2014-08-18T19:28:43","guid":{"rendered":"https:\/\/jundiai.sp.gov.br\/casa-civil\/?page_id=13"},"modified":"2025-08-29T16:17:58","modified_gmt":"2025-08-29T19:17:58","slug":"gestor","status":"publish","type":"page","link":"https:\/\/jundiai.sp.gov.br\/casa-civil\/gestor\/","title":{"rendered":"Secret\u00e1rio"},"content":{"rendered":"\n<div class=\"wp-block-columns is-layout-flex wp-container-core-columns-is-layout-9d6595d7 wp-block-columns-is-layout-flex\">\n<div class=\"wp-block-column is-layout-flow wp-block-column-is-layout-flow\">\n<figure class=\"wp-block-image size-large\"><a href=\"https:\/\/jundiai.sp.gov.br\/casa-civil\/wp-content\/uploads\/sites\/6\/2025\/01\/is_1381.jpg\"><img loading=\"lazy\" decoding=\"async\" width=\"1280\" height=\"854\" src=\"https:\/\/jundiai.sp.gov.br\/casa-civil\/wp-content\/uploads\/sites\/6\/2025\/01\/is_1381-1280x854.jpg\" alt=\"\" class=\"wp-image-10624\" srcset=\"https:\/\/jundiai.sp.gov.br\/casa-civil\/wp-content\/uploads\/sites\/6\/2025\/01\/is_1381-1280x854.jpg 1280w, https:\/\/jundiai.sp.gov.br\/casa-civil\/wp-content\/uploads\/sites\/6\/2025\/01\/is_1381-300x200.jpg 300w, https:\/\/jundiai.sp.gov.br\/casa-civil\/wp-content\/uploads\/sites\/6\/2025\/01\/is_1381-768x512.jpg 768w, https:\/\/jundiai.sp.gov.br\/casa-civil\/wp-content\/uploads\/sites\/6\/2025\/01\/is_1381-1536x1024.jpg 1536w, https:\/\/jundiai.sp.gov.br\/casa-civil\/wp-content\/uploads\/sites\/6\/2025\/01\/is_1381.jpg 1900w\" sizes=\"auto, (max-width: 1280px) 100vw, 1280px\" \/><\/a><\/figure>\n<\/div>\n\n\n\n<div class=\"wp-block-column is-layout-flow wp-block-column-is-layout-flow\">\n<h2 class=\"wp-block-heading\"><strong>Fabio Nadal Pedro<\/strong><\/h2>\n\n\n\n<p>Fabio Nadal Pedro \u00e9 advogado especializado em Direito P\u00fablico, com uma carreira s\u00f3lida e destacada no campo jur\u00eddico. Com mais de 26 anos de experi\u00eancia, ocupa o cargo de Procurador Jur\u00eddico na C\u00e2mara Municipal de Jundia\u00ed, onde tem desempenhado um papel fundamental na assessoria e na defesa dos interesses legais da institui\u00e7\u00e3o.<\/p>\n<\/div>\n<\/div>\n\n\n\n<p>Al\u00e9m de sua atua\u00e7\u00e3o como procurador, Fabio tamb\u00e9m \u00e9 professor universit\u00e1rio na FADIPA, onde leciona h\u00e1 20 anos. Sua dedica\u00e7\u00e3o ao ensino superior reflete sua paix\u00e3o pela forma\u00e7\u00e3o de novos profissionais do Direito, transmitindo seus conhecimentos e experi\u00eancia acumulada ao longo de sua carreira.<\/p>\n\n\n\n<p>Ao longo de sua trajet\u00f3ria, Fabio Nadal Pedro teve diversas responsabilidades em cargos de lideran\u00e7a e assessoria jur\u00eddica. Foi Diretor Administrativo e Assessor Jur\u00eddico na DAE de Jundia\u00ed, onde contribuiu para a gest\u00e3o legal e administrativa da autarquia. Tamb\u00e9m ocupou o cargo de Diretor Jur\u00eddico na Procuradoria Jur\u00eddica da Prefeitura de Jundia\u00ed, e exerceu a fun\u00e7\u00e3o de Procurador Jur\u00eddico em V\u00e1rzea Paulista, demonstrando sua ampla experi\u00eancia no setor p\u00fablico e na gest\u00e3o de quest\u00f5es jur\u00eddicas municipais.<\/p>\n\n\n\n<p>Com sua expertise em Direito P\u00fablico, Fabio Nadal Pedro tem sido uma figura essencial na formula\u00e7\u00e3o e implementa\u00e7\u00e3o de pol\u00edticas jur\u00eddicas e administrativas, sempre comprometido com a \u00e9tica e a efici\u00eancia no exerc\u00edcio de suas fun\u00e7\u00f5es.<\/p>\n","protected":false},"excerpt":{"rendered":"<p>Fabio Nadal Pedro Fabio Nadal Pedro \u00e9 advogado especializado em Direito P\u00fablico, com uma carreira s\u00f3lida e destacada no campo jur\u00eddico. Com mais de 26 anos de experi\u00eancia, ocupa o cargo de Procurador Jur\u00eddico na C\u00e2mara Municipal de Jundia\u00ed, onde tem desempenhado um papel fundamental na assessoria e na defesa dos interesses legais da institui\u00e7\u00e3o. [&hellip;]<\/p>\n","protected":false},"author":5,"featured_media":0,"parent":0,"menu_order":0,"comment_status":"closed","ping_status":"closed","template":"","meta":{"footnotes":""},"class_list":["post-13","page","type-page","status-publish","hentry"],"_links":{"self":[{"href":"https:\/\/jundiai.sp.gov.br\/casa-civil\/wp-json\/wp\/v2\/pages\/13","targetHints":{"allow":["GET"]}}],"collection":[{"href":"https:\/\/jundiai.sp.gov.br\/casa-civil\/wp-json\/wp\/v2\/pages"}],"about":[{"href":"https:\/\/jundiai.sp.gov.br\/casa-civil\/wp-json\/wp\/v2\/types\/page"}],"author":[{"embeddable":true,"href":"https:\/\/jundiai.sp.gov.br\/casa-civil\/wp-json\/wp\/v2\/users\/5"}],"replies":[{"embeddable":true,"href":"https:\/\/jundiai.sp.gov.br\/casa-civil\/wp-json\/wp\/v2\/comments?post=13"}],"version-history":[{"count":34,"href":"https:\/\/jundiai.sp.gov.br\/casa-civil\/wp-json\/wp\/v2\/pages\/13\/revisions"}],"predecessor-version":[{"id":11800,"href":"https:\/\/jundiai.sp.gov.br\/casa-civil\/wp-json\/wp\/v2\/pages\/13\/revisions\/11800"}],"wp:attachment":[{"href":"https:\/\/jundiai.sp.gov.br\/casa-civil\/wp-json\/wp\/v2\/media?parent=13"}],"curies":[{"name":"wp","href":"https:\/\/api.w.org\/{rel}","templated":true}]}}