{"id":1675,"date":"2021-06-23T14:32:13","date_gmt":"2021-06-23T17:32:13","guid":{"rendered":"https:\/\/jundiai.sp.gov.br\/casa-civil\/?page_id=1675"},"modified":"2021-06-23T14:32:13","modified_gmt":"2021-06-23T17:32:13","slug":"decretos-e-leis","status":"publish","type":"page","link":"https:\/\/jundiai.sp.gov.br\/casa-civil\/decretos-e-leis\/","title":{"rendered":"Decretos e Leis"},"content":{"rendered":"\n<p><a href=\"https:\/\/jundiai.sp.gov.br\/casa-civil\/wp-content\/uploads\/sites\/6\/2021\/06\/decreto-plano-estiagem-21-01-2021-paginas-5-36.pdf\">Decreto N\u00ba 29.635  que aprova o Plano de Conting\u00eancia de Estiagem <\/a><\/p>\n\n\n\n<p><a href=\"https:\/\/jundiai.sp.gov.br\/casa-civil\/wp-content\/uploads\/sites\/6\/2021\/06\/lei-8-858-2017-queimadas-1.pdf\">Lei N.\u00ba 8.858 que pro\u00edbe a realiza\u00e7\u00e3o de queimadas no munic\u00edpio<\/a><\/p>\n\n\n\n<p><\/p>\n","protected":false},"excerpt":{"rendered":"<p>Decreto N\u00ba 29.635 que aprova o Plano de Conting\u00eancia de Estiagem Lei N.\u00ba 8.858 que pro\u00edbe a realiza\u00e7\u00e3o de queimadas no munic\u00edpio<\/p>\n","protected":false},"author":69,"featured_media":0,"parent":0,"menu_order":0,"comment_status":"closed","ping_status":"closed","template":"","meta":{"footnotes":""},"class_list":["post-1675","page","type-page","status-publish","hentry"],"_links":{"self":[{"href":"https:\/\/jundiai.sp.gov.br\/casa-civil\/wp-json\/wp\/v2\/pages\/1675","targetHints":{"allow":["GET"]}}],"collection":[{"href":"https:\/\/jundiai.sp.gov.br\/casa-civil\/wp-json\/wp\/v2\/pages"}],"about":[{"href":"https:\/\/jundiai.sp.gov.br\/casa-civil\/wp-json\/wp\/v2\/types\/page"}],"author":[{"embeddable":true,"href":"https:\/\/jundiai.sp.gov.br\/casa-civil\/wp-json\/wp\/v2\/users\/69"}],"replies":[{"embeddable":true,"href":"https:\/\/jundiai.sp.gov.br\/casa-civil\/wp-json\/wp\/v2\/comments?post=1675"}],"version-history":[{"count":1,"href":"https:\/\/jundiai.sp.gov.br\/casa-civil\/wp-json\/wp\/v2\/pages\/1675\/revisions"}],"predecessor-version":[{"id":1676,"href":"https:\/\/jundiai.sp.gov.br\/casa-civil\/wp-json\/wp\/v2\/pages\/1675\/revisions\/1676"}],"wp:attachment":[{"href":"https:\/\/jundiai.sp.gov.br\/casa-civil\/wp-json\/wp\/v2\/media?parent=1675"}],"curies":[{"name":"wp","href":"https:\/\/api.w.org\/{rel}","templated":true}]}}