{"id":1677,"date":"2021-06-23T14:58:05","date_gmt":"2021-06-23T17:58:05","guid":{"rendered":"https:\/\/jundiai.sp.gov.br\/casa-civil\/?page_id=1677"},"modified":"2022-09-14T10:04:25","modified_gmt":"2022-09-14T13:04:25","slug":"capacitacao-operacao-estiagem","status":"publish","type":"page","link":"https:\/\/jundiai.sp.gov.br\/casa-civil\/capacitacao-operacao-estiagem\/","title":{"rendered":"Capacita\u00e7\u00e3o Opera\u00e7\u00e3o Estiagem"},"content":{"rendered":"\n<p>O Plano Opera\u00e7\u00e3o Estiagem sempre abrange o per\u00edodo de 01 de maio ate 30 de setembro, e se as condi\u00e7\u00f5es meteorol\u00f3gicas exigirem, pode ser prorrogado para 30 de outubro, mediante an\u00e1lise da Defesa Civil.<\/p>\n\n\n\n<p>A Defesa Civil de Jundia\u00ed a exemplo dos \u00faltimos anos, com a realiza\u00e7\u00e3o das Opera\u00e7\u00f5es Estiagem, e ap\u00f3s reuni\u00f5es preparat\u00f3rias, ocorrida no dia 04 junho de 2022 iniciou a s\u00e9rie de capacita\u00e7\u00f5es para forma\u00e7\u00e3o de brigadistas em virtude da <strong><em><u>Opera\u00e7\u00e3o Estiagem de 2022<\/u><\/em><\/strong> e seu respectivo <a href=\"https:\/\/jundiai.sp.gov.br\/casa-civil\/wp-content\/uploads\/sites\/6\/2021\/06\/decreto-plano-estiagem-21-01-2021-paginas-5-36.pdf\"><strong>Plano de Conting\u00eancia Municipal<\/strong><\/a>. Os treinamentos, organizados pela Defesa Civil, Corpo de Bombeiros, Guarda Municipal\/ Divis\u00e3o Florestal e Unidade de Gest\u00e3o de Planejamento Urbano e Meio Ambiente (UGPUMA), com o apoio da Funda\u00e7\u00e3o Ant\u00f4nio Antonieta Cintra Gordinho (FAACG), visa a forma\u00e7\u00e3o te\u00f3rica e pr\u00e1tica de brigadistas para a colabora\u00e7\u00e3o durante as ocorr\u00eancias de inc\u00eandios em vegeta\u00e7\u00e3o.<\/p>\n\n\n\n<p>Dentre os conte\u00fados te\u00f3ricos do curso, a Defesa Civil detalha os principais aspectos do \u201cPlano de Conting\u00eancia de Estiagem no Munic\u00edpio de Jundia\u00ed\u201d, aprovado pelo&nbsp;<a href=\"https:\/\/jundiai.sp.gov.br\/casa-civil\/wp-content\/uploads\/sites\/6\/2021\/06\/decreto-plano-estiagem-21-01-2021-paginas-5-36.pdf\"><strong>Decreto n\u00ba 29.635 de 14\/01\/2021<\/strong><\/a>, abordando tamb\u00e9m como \u00e9 realizado o monitoramento clim\u00e1tico (umidade relativa do ar, temperatura, velocidade do vento e \u00edndice de chuvas) utilizado para a elabora\u00e7\u00e3o do Boletim Meteorol\u00f3gico expedido semanalmente, as segundas e quintas-feiras.<\/p>\n\n\n\n<p>Ainda na parte te\u00f3rica das capacita\u00e7\u00f5es, a UGPUMA aborda sobre a&nbsp;<a href=\"https:\/\/jundiai.sp.gov.br\/casa-civil\/wp-content\/uploads\/sites\/6\/2021\/06\/lei-8-858-2017-queimadas-1.pdf\" target=\"_blank\" rel=\"noreferrer noopener\"><strong>Lei Municipal n\u00ba 8.858, de 07\/11\/2017<\/strong><\/a>, que disp\u00f5e sobre a proibi\u00e7\u00e3o de queimadas, regula a repara\u00e7\u00e3o do dano ambiental e cria a Comiss\u00e3o T\u00e9cnica Permanente. Em sequ\u00eancia \u00e9 apresentado pela Divis\u00e3o Florestal da Guarda Municipal a atua\u00e7\u00e3o do \u00f3rg\u00e3o na preven\u00e7\u00e3o e combate dos inc\u00eandios em vegeta\u00e7\u00e3o, especialmente na \u00e1rea da Serra do Japi, um patrim\u00f4nio natural considerado \u201cReserva da Biosfera da Mata Atl\u00e2ntica\u201d pela Unesco. Finalizando a etapa de apresenta\u00e7\u00f5es do curso, o Corpo de Bombeiros Militar aprofunda na tem\u00e1tica da caracteriza\u00e7\u00e3o e metodologia de combate \u00e0s queimadas, demonstrando conceitos te\u00f3ricos e operacionais a serem adotados durante as ocorr\u00eancias.<\/p>\n\n\n\n<p>Finalizada a parte te\u00f3rica, inicia-se o treinamento pr\u00e1tico, ministrado pelo Corpo de Bombeiros. A atividade consiste em simular a ocorr\u00eancia de uma queimada em vegeta\u00e7\u00e3o, na qual os brigadistas, devidamente equipados, utilizam-se de materiais apropriados (abafador, bomba costal, dentre outros) para promover a extin\u00e7\u00e3o do fogo, conforme absorvido durante o conte\u00fado te\u00f3rico.<\/p>\n\n\n\n<p>Ao final da sequ\u00eancia de capacita\u00e7\u00f5es, os participantes receber\u00e3o os certificados de conclus\u00e3o do treinamento, bem como a respectiva foto do grupo.<\/p>\n\n\n\n<p>Como tamb\u00e9m nos \u00faltimos anos, estamos ainda ate o fim da Opera\u00e7\u00e3o Estiagem com o <a href=\"https:\/\/escola.defesacivil.sp.gov.br\/course\/view.php?id=6\">Curso de EAD<\/a>, em funcionamento, tamb\u00e9m com emiss\u00e3o de certificado para os que conclu\u00edrem com aproveitamento.<\/p>\n\n\n\n<p><strong>Imagens das Capacita\u00e7\u00f5es:<\/strong><\/p>\n\n\n\n<p><strong><a href=\"https:\/\/jundiai.sp.gov.br\/casa-civil\/capacitacao-operacao-estiagem-2021\/\">Ano 2021<\/a><\/strong><\/p>\n\n\n\n<p><strong><a href=\"https:\/\/jundiai.sp.gov.br\/casa-civil\/capacitacao-operacao-estiagem-2022\/\">Ano 2022<\/a><\/strong><\/p>\n\n\n\n<p><\/p>\n\n\n\n<p><\/p>\n\n\n\n<p><\/p>\n\n\n\n<p><\/p>\n","protected":false},"excerpt":{"rendered":"<p>O Plano Opera\u00e7\u00e3o Estiagem sempre abrange o per\u00edodo de 01 de maio ate 30 de setembro, e se as condi\u00e7\u00f5es meteorol\u00f3gicas exigirem, pode ser prorrogado para 30 de outubro, mediante an\u00e1lise da Defesa Civil. A Defesa Civil de Jundia\u00ed a exemplo dos \u00faltimos anos, com a realiza\u00e7\u00e3o das Opera\u00e7\u00f5es Estiagem, e ap\u00f3s reuni\u00f5es preparat\u00f3rias, ocorrida [&hellip;]<\/p>\n","protected":false},"author":69,"featured_media":0,"parent":0,"menu_order":0,"comment_status":"closed","ping_status":"closed","template":"","meta":{"footnotes":""},"class_list":["post-1677","page","type-page","status-publish","hentry"],"_links":{"self":[{"href":"https:\/\/jundiai.sp.gov.br\/casa-civil\/wp-json\/wp\/v2\/pages\/1677","targetHints":{"allow":["GET"]}}],"collection":[{"href":"https:\/\/jundiai.sp.gov.br\/casa-civil\/wp-json\/wp\/v2\/pages"}],"about":[{"href":"https:\/\/jundiai.sp.gov.br\/casa-civil\/wp-json\/wp\/v2\/types\/page"}],"author":[{"embeddable":true,"href":"https:\/\/jundiai.sp.gov.br\/casa-civil\/wp-json\/wp\/v2\/users\/69"}],"replies":[{"embeddable":true,"href":"https:\/\/jundiai.sp.gov.br\/casa-civil\/wp-json\/wp\/v2\/comments?post=1677"}],"version-history":[{"count":5,"href":"https:\/\/jundiai.sp.gov.br\/casa-civil\/wp-json\/wp\/v2\/pages\/1677\/revisions"}],"predecessor-version":[{"id":5530,"href":"https:\/\/jundiai.sp.gov.br\/casa-civil\/wp-json\/wp\/v2\/pages\/1677\/revisions\/5530"}],"wp:attachment":[{"href":"https:\/\/jundiai.sp.gov.br\/casa-civil\/wp-json\/wp\/v2\/media?parent=1677"}],"curies":[{"name":"wp","href":"https:\/\/api.w.org\/{rel}","templated":true}]}}