{"id":247,"date":"2017-03-20T10:22:05","date_gmt":"2017-03-20T13:22:05","guid":{"rendered":"https:\/\/jundiai.sp.gov.br\/casa-civil\/?page_id=247"},"modified":"2026-04-23T08:58:35","modified_gmt":"2026-04-23T11:58:35","slug":"departamento-de-apoio-a-conselhos-e-entidades","status":"publish","type":"page","link":"https:\/\/jundiai.sp.gov.br\/casa-civil\/departamento-de-apoio-a-conselhos-e-entidades\/","title":{"rendered":"Departamento de Apoio a Conselhos e Entidades"},"content":{"rendered":"<p><strong>O Departamento de Apoio a Conselhos e Entidades orienta os \u00f3rg\u00e3os vinculados<\/strong><br \/>\n<strong> (Conselhos Municipais) nas quest\u00f5es da Administra\u00e7\u00e3o Municipal relativas \u00e0 sua \u00e1rea de<\/strong><br \/>\n<strong> atua\u00e7\u00e3o, propondo solu\u00e7\u00f5es que visem ao atendimento das diretrizes da pol\u00edtica de governo e<\/strong><br \/>\n<strong> o bom andamento dos conselhos.<\/strong><\/p>\n<p>O Departamento auxilia e supervisiona a atua\u00e7\u00e3o dos Conselhos Municipais e<br \/>\nentidades da sociedade civil ; Distribui os servi\u00e7os aos \u00f3rg\u00e3os e servidores sob sua<br \/>\nsubordina\u00e7\u00e3o e estuda a tomada de medidas para racionalizar m\u00e9todos de trabalho e agilizar o<br \/>\natendimento aos conselhos e seus conselheiros; Exerce a dire\u00e7\u00e3o geral e supervis\u00e3o dos<br \/>\nprogramas e a\u00e7\u00f5es dos \u00f3rg\u00e3os vinculados ao Departamento, de acordo com a pol\u00edtica de<br \/>\ngoverno; Elabora estudos e pareceres sobre assuntos relacionais aos conselhos e entidades<br \/>\nmunicipais, al\u00e9m de executar outras atribui\u00e7\u00f5es afins, legais ou delegadas.<\/p>\n<p><strong>Diretor: <\/strong>Flavia Gon\u00e7alves Pessoa de Macedo<strong><br \/>\n<\/strong><strong>E-mail:<\/strong> fgmacedo@jundiai.sp.gov.br<br \/>\n<strong>Telefone:<\/strong> 11 4521-8094 \/ 11 4589-8751<\/p>\n","protected":false},"excerpt":{"rendered":"<p>O Departamento de Apoio a Conselhos e Entidades orienta os \u00f3rg\u00e3os vinculados (Conselhos Municipais) nas quest\u00f5es da Administra\u00e7\u00e3o Municipal relativas \u00e0 sua \u00e1rea de atua\u00e7\u00e3o, propondo solu\u00e7\u00f5es que visem ao atendimento das diretrizes da pol\u00edtica de governo e o bom andamento dos conselhos. O Departamento auxilia e supervisiona a atua\u00e7\u00e3o dos Conselhos Municipais e entidades [&hellip;]<\/p>\n","protected":false},"author":14,"featured_media":0,"parent":0,"menu_order":0,"comment_status":"closed","ping_status":"closed","template":"","meta":{"footnotes":""},"class_list":["post-247","page","type-page","status-publish","hentry"],"_links":{"self":[{"href":"https:\/\/jundiai.sp.gov.br\/casa-civil\/wp-json\/wp\/v2\/pages\/247","targetHints":{"allow":["GET"]}}],"collection":[{"href":"https:\/\/jundiai.sp.gov.br\/casa-civil\/wp-json\/wp\/v2\/pages"}],"about":[{"href":"https:\/\/jundiai.sp.gov.br\/casa-civil\/wp-json\/wp\/v2\/types\/page"}],"author":[{"embeddable":true,"href":"https:\/\/jundiai.sp.gov.br\/casa-civil\/wp-json\/wp\/v2\/users\/14"}],"replies":[{"embeddable":true,"href":"https:\/\/jundiai.sp.gov.br\/casa-civil\/wp-json\/wp\/v2\/comments?post=247"}],"version-history":[{"count":8,"href":"https:\/\/jundiai.sp.gov.br\/casa-civil\/wp-json\/wp\/v2\/pages\/247\/revisions"}],"predecessor-version":[{"id":12342,"href":"https:\/\/jundiai.sp.gov.br\/casa-civil\/wp-json\/wp\/v2\/pages\/247\/revisions\/12342"}],"wp:attachment":[{"href":"https:\/\/jundiai.sp.gov.br\/casa-civil\/wp-json\/wp\/v2\/media?parent=247"}],"curies":[{"name":"wp","href":"https:\/\/api.w.org\/{rel}","templated":true}]}}