{"id":259,"date":"2017-03-20T11:12:37","date_gmt":"2017-03-20T14:12:37","guid":{"rendered":"https:\/\/jundiai.sp.gov.br\/casa-civil\/?page_id=259"},"modified":"2019-11-07T12:36:49","modified_gmt":"2019-11-07T14:36:49","slug":"https-direitoshumanos-jundiai-sp-gov-br","status":"publish","type":"page","link":"https:\/\/jundiai.sp.gov.br\/casa-civil\/https-direitoshumanos-jundiai-sp-gov-br\/","title":{"rendered":"N\u00facleo de Articula\u00e7\u00e3o das Pol\u00edticas de Direitos Humanos"},"content":{"rendered":"","protected":false},"excerpt":{"rendered":"","protected":false},"author":14,"featured_media":0,"parent":0,"menu_order":0,"comment_status":"closed","ping_status":"closed","template":"page-subpaginas.php","meta":{"footnotes":""},"class_list":["post-259","page","type-page","status-publish","hentry"],"_links":{"self":[{"href":"https:\/\/jundiai.sp.gov.br\/casa-civil\/wp-json\/wp\/v2\/pages\/259","targetHints":{"allow":["GET"]}}],"collection":[{"href":"https:\/\/jundiai.sp.gov.br\/casa-civil\/wp-json\/wp\/v2\/pages"}],"about":[{"href":"https:\/\/jundiai.sp.gov.br\/casa-civil\/wp-json\/wp\/v2\/types\/page"}],"author":[{"embeddable":true,"href":"https:\/\/jundiai.sp.gov.br\/casa-civil\/wp-json\/wp\/v2\/users\/14"}],"replies":[{"embeddable":true,"href":"https:\/\/jundiai.sp.gov.br\/casa-civil\/wp-json\/wp\/v2\/comments?post=259"}],"version-history":[{"count":1,"href":"https:\/\/jundiai.sp.gov.br\/casa-civil\/wp-json\/wp\/v2\/pages\/259\/revisions"}],"predecessor-version":[{"id":260,"href":"https:\/\/jundiai.sp.gov.br\/casa-civil\/wp-json\/wp\/v2\/pages\/259\/revisions\/260"}],"wp:attachment":[{"href":"https:\/\/jundiai.sp.gov.br\/casa-civil\/wp-json\/wp\/v2\/media?parent=259"}],"curies":[{"name":"wp","href":"https:\/\/api.w.org\/{rel}","templated":true}]}}