{"id":29,"date":"2014-08-18T16:39:34","date_gmt":"2014-08-18T19:39:34","guid":{"rendered":"https:\/\/jundiai.sp.gov.br\/casa-civil\/?page_id=29"},"modified":"2020-01-09T11:48:51","modified_gmt":"2020-01-09T13:48:51","slug":"lei-organica","status":"publish","type":"page","link":"https:\/\/jundiai.sp.gov.br\/casa-civil\/lei-organica\/","title":{"rendered":"Lei Org\u00e2nica"},"content":{"rendered":"<p><a href=\"https:\/\/jundiai.sp.gov.br\/casa-civil\/wp-content\/uploads\/sites\/6\/2020\/01\/lei-organica-do-municipio-de-jundiai.pdf\" target=\"_blank\" rel=\"noopener noreferrer\">Lei Org\u00e2nica do Munic\u00edpio de Jundia\u00ed<\/a><\/p>\n","protected":false},"excerpt":{"rendered":"<p>Lei Org\u00e2nica do Munic\u00edpio de Jundia\u00ed<\/p>\n","protected":false},"author":5,"featured_media":0,"parent":0,"menu_order":0,"comment_status":"closed","ping_status":"closed","template":"","meta":{"footnotes":""},"class_list":["post-29","page","type-page","status-publish","hentry"],"_links":{"self":[{"href":"https:\/\/jundiai.sp.gov.br\/casa-civil\/wp-json\/wp\/v2\/pages\/29","targetHints":{"allow":["GET"]}}],"collection":[{"href":"https:\/\/jundiai.sp.gov.br\/casa-civil\/wp-json\/wp\/v2\/pages"}],"about":[{"href":"https:\/\/jundiai.sp.gov.br\/casa-civil\/wp-json\/wp\/v2\/types\/page"}],"author":[{"embeddable":true,"href":"https:\/\/jundiai.sp.gov.br\/casa-civil\/wp-json\/wp\/v2\/users\/5"}],"replies":[{"embeddable":true,"href":"https:\/\/jundiai.sp.gov.br\/casa-civil\/wp-json\/wp\/v2\/comments?post=29"}],"version-history":[{"count":7,"href":"https:\/\/jundiai.sp.gov.br\/casa-civil\/wp-json\/wp\/v2\/pages\/29\/revisions"}],"predecessor-version":[{"id":611,"href":"https:\/\/jundiai.sp.gov.br\/casa-civil\/wp-json\/wp\/v2\/pages\/29\/revisions\/611"}],"wp:attachment":[{"href":"https:\/\/jundiai.sp.gov.br\/casa-civil\/wp-json\/wp\/v2\/media?parent=29"}],"curies":[{"name":"wp","href":"https:\/\/api.w.org\/{rel}","templated":true}]}}