{"id":3214,"date":"2021-10-15T10:26:31","date_gmt":"2021-10-15T13:26:31","guid":{"rendered":"https:\/\/jundiai.sp.gov.br\/casa-civil\/?page_id=3214"},"modified":"2025-10-08T11:33:23","modified_gmt":"2025-10-08T14:33:23","slug":"nucleo-de-articulacao-de-politicas-publicas","status":"publish","type":"page","link":"https:\/\/jundiai.sp.gov.br\/casa-civil\/nucleo-de-articulacao-de-politicas-publicas\/","title":{"rendered":"N\u00facleo de Articula\u00e7\u00e3o em Direitos Humanos"},"content":{"rendered":"\n<p>Conforme Decreto Municipal n.\u00ba 27.937 de 03 de janeiro de 2019, o&nbsp;N\u00facleo de Articula\u00e7\u00e3o em Direitos Humanos, vinculado \u00e0 SMCC \u2013&nbsp;<a href=\"https:\/\/jundiai.sp.gov.br\/casa-civil\/\" target=\"_blank\" rel=\"noreferrer noopener\">Secretaria Municipal da Casa Civil<\/a>&nbsp;\u2013 comp\u00f5e a estrutura org\u00e2nica da SMCC conforme Assessorias abaixo descritas:<\/p>\n\n\n\n<ul class=\"wp-block-list\">\n<li><a href=\"https:\/\/inclusao.jundiai.sp.gov.br\/\" target=\"_blank\" rel=\"noreferrer noopener\">Pessoa com Defici\u00eancia<\/a><\/li>\n\n\n\n<li><a href=\"https:\/\/idoso.jundiai.sp.gov.br\/\" target=\"_blank\" rel=\"noreferrer noopener\">Pessoa Idosa<\/a><\/li>\n\n\n\n<li><a href=\"https:\/\/igualdaderacial.jundiai.sp.gov.br\/\" target=\"_blank\" rel=\"noreferrer noopener\">Igualdade Racial<\/a><\/li>\n\n\n\n<li><a href=\"https:\/\/mulher.jundiai.sp.gov.br\/\" target=\"_blank\" rel=\"noreferrer noopener\">Mulheres<\/a><\/li>\n\n\n\n<li><a href=\"https:\/\/juventude.jundiai.sp.gov.br\/\" target=\"_blank\" rel=\"noreferrer noopener\">Juventude<\/a><\/li>\n\n\n\n<li><a href=\"https:\/\/diversidade.jundiai.sp.gov.br\/\" target=\"_blank\" rel=\"noreferrer noopener\">LGBT<\/a><\/li>\n<\/ul>\n\n\n\n<p>O N\u00facleo de Articula\u00e7\u00e3o em Direitos Humanos (NADH) tem por atribui\u00e7\u00e3o o assessoramento ao Secret\u00e1rio Municipal na dire\u00e7\u00e3o geral, orienta\u00e7\u00e3o e coordena\u00e7\u00e3o das a\u00e7\u00f5es, programas e pol\u00edticas p\u00fablicas relacionadas \u00e0 sua \u00e1rea de atua\u00e7\u00e3o, propondo solu\u00e7\u00f5es que visem ao atendimento das diretrizes do governo.<\/p>\n","protected":false},"excerpt":{"rendered":"<p>Conforme Decreto Municipal n.\u00ba 27.937 de 03 de janeiro de 2019, o&nbsp;N\u00facleo de Articula\u00e7\u00e3o em Direitos Humanos, vinculado \u00e0 SMCC \u2013&nbsp;Secretaria Municipal da Casa Civil&nbsp;\u2013 comp\u00f5e a estrutura org\u00e2nica da SMCC conforme Assessorias abaixo descritas: O N\u00facleo de Articula\u00e7\u00e3o em Direitos Humanos (NADH) tem por atribui\u00e7\u00e3o o assessoramento ao Secret\u00e1rio Municipal na dire\u00e7\u00e3o geral, orienta\u00e7\u00e3o [&hellip;]<\/p>\n","protected":false},"author":8,"featured_media":0,"parent":0,"menu_order":0,"comment_status":"closed","ping_status":"closed","template":"","meta":{"footnotes":""},"class_list":["post-3214","page","type-page","status-publish","hentry"],"_links":{"self":[{"href":"https:\/\/jundiai.sp.gov.br\/casa-civil\/wp-json\/wp\/v2\/pages\/3214","targetHints":{"allow":["GET"]}}],"collection":[{"href":"https:\/\/jundiai.sp.gov.br\/casa-civil\/wp-json\/wp\/v2\/pages"}],"about":[{"href":"https:\/\/jundiai.sp.gov.br\/casa-civil\/wp-json\/wp\/v2\/types\/page"}],"author":[{"embeddable":true,"href":"https:\/\/jundiai.sp.gov.br\/casa-civil\/wp-json\/wp\/v2\/users\/8"}],"replies":[{"embeddable":true,"href":"https:\/\/jundiai.sp.gov.br\/casa-civil\/wp-json\/wp\/v2\/comments?post=3214"}],"version-history":[{"count":10,"href":"https:\/\/jundiai.sp.gov.br\/casa-civil\/wp-json\/wp\/v2\/pages\/3214\/revisions"}],"predecessor-version":[{"id":11939,"href":"https:\/\/jundiai.sp.gov.br\/casa-civil\/wp-json\/wp\/v2\/pages\/3214\/revisions\/11939"}],"wp:attachment":[{"href":"https:\/\/jundiai.sp.gov.br\/casa-civil\/wp-json\/wp\/v2\/media?parent=3214"}],"curies":[{"name":"wp","href":"https:\/\/api.w.org\/{rel}","templated":true}]}}