{"id":3966,"date":"2022-01-05T17:02:43","date_gmt":"2022-01-05T20:02:43","guid":{"rendered":"https:\/\/jundiai.sp.gov.br\/casa-civil\/?page_id=3966"},"modified":"2022-08-30T15:41:38","modified_gmt":"2022-08-30T18:41:38","slug":"indices-pluviometricos-2022","status":"publish","type":"page","link":"https:\/\/jundiai.sp.gov.br\/casa-civil\/indices-pluviometricos-2022\/","title":{"rendered":"\u00cdndices Pluviom\u00e9tricos Opera\u00e7\u00e3o Ver\u00e3o"},"content":{"rendered":"\n<figure class=\"wp-block-image size-large\"><a href=\"https:\/\/jundiai.sp.gov.br\/casa-civil\/wp-content\/uploads\/sites\/6\/2022\/08\/indice-historico-de-chuva-29-08-2022.png\"><img loading=\"lazy\" decoding=\"async\" width=\"1280\" height=\"877\" src=\"https:\/\/jundiai.sp.gov.br\/casa-civil\/wp-content\/uploads\/sites\/6\/2022\/08\/indice-historico-de-chuva-29-08-2022-1280x877.png\" alt=\"\" class=\"wp-image-5337\" srcset=\"https:\/\/jundiai.sp.gov.br\/casa-civil\/wp-content\/uploads\/sites\/6\/2022\/08\/indice-historico-de-chuva-29-08-2022-1280x877.png 1280w, https:\/\/jundiai.sp.gov.br\/casa-civil\/wp-content\/uploads\/sites\/6\/2022\/08\/indice-historico-de-chuva-29-08-2022-300x206.png 300w, https:\/\/jundiai.sp.gov.br\/casa-civil\/wp-content\/uploads\/sites\/6\/2022\/08\/indice-historico-de-chuva-29-08-2022-768x526.png 768w, https:\/\/jundiai.sp.gov.br\/casa-civil\/wp-content\/uploads\/sites\/6\/2022\/08\/indice-historico-de-chuva-29-08-2022.png 1531w\" sizes=\"auto, (max-width: 1280px) 100vw, 1280px\" \/><\/a><\/figure>\n","protected":false},"excerpt":{"rendered":"","protected":false},"author":69,"featured_media":0,"parent":0,"menu_order":0,"comment_status":"closed","ping_status":"closed","template":"","meta":{"footnotes":""},"class_list":["post-3966","page","type-page","status-publish","hentry"],"_links":{"self":[{"href":"https:\/\/jundiai.sp.gov.br\/casa-civil\/wp-json\/wp\/v2\/pages\/3966","targetHints":{"allow":["GET"]}}],"collection":[{"href":"https:\/\/jundiai.sp.gov.br\/casa-civil\/wp-json\/wp\/v2\/pages"}],"about":[{"href":"https:\/\/jundiai.sp.gov.br\/casa-civil\/wp-json\/wp\/v2\/types\/page"}],"author":[{"embeddable":true,"href":"https:\/\/jundiai.sp.gov.br\/casa-civil\/wp-json\/wp\/v2\/users\/69"}],"replies":[{"embeddable":true,"href":"https:\/\/jundiai.sp.gov.br\/casa-civil\/wp-json\/wp\/v2\/comments?post=3966"}],"version-history":[{"count":22,"href":"https:\/\/jundiai.sp.gov.br\/casa-civil\/wp-json\/wp\/v2\/pages\/3966\/revisions"}],"predecessor-version":[{"id":5338,"href":"https:\/\/jundiai.sp.gov.br\/casa-civil\/wp-json\/wp\/v2\/pages\/3966\/revisions\/5338"}],"wp:attachment":[{"href":"https:\/\/jundiai.sp.gov.br\/casa-civil\/wp-json\/wp\/v2\/media?parent=3966"}],"curies":[{"name":"wp","href":"https:\/\/api.w.org\/{rel}","templated":true}]}}