{"id":420,"date":"2017-04-26T11:12:39","date_gmt":"2017-04-26T14:12:39","guid":{"rendered":"https:\/\/jundiai.sp.gov.br\/casa-civil\/?page_id=420"},"modified":"2025-09-17T14:04:27","modified_gmt":"2025-09-17T17:04:27","slug":"organograma","status":"publish","type":"page","link":"https:\/\/jundiai.sp.gov.br\/casa-civil\/organograma\/","title":{"rendered":"Organograma"},"content":{"rendered":"\n<h2 class=\"wp-block-heading\">Estrutura da Secretaria<\/h2>\n\n\n\n<p><strong>Secret\u00e1rio:<\/strong> <strong>F\u00e1bio Nadal Pedro <\/strong><\/p>\n\n\n\n<hr class=\"wp-block-separator has-alpha-channel-opacity\"\/>\n\n\n\n<p><strong>Fundo Social de Solidariedade (FUNSS)<\/strong><br>Presidente: Ellen Camila Martinelli<br><br><strong>Secretaria\u00a0Adjunta da Casa Civil<\/strong><br>Secret\u00e1ria Adjunta: Simone Zanotello de Oliveira<br><br><strong>Departamento de Planejamento, Gest\u00e3o e Finan\u00e7as<\/strong><br>Diretor: Samuel Ferraz Duarte<\/p>\n\n\n\n<p><strong>Controladoria Geral do Munic\u00edpio<\/strong><br>Controladora Geral do Munic\u00edpio: Ana Rita Zerbinatto<br><br><strong>Departamento de Apoio aos Conselhos e Entidades<\/strong><br>Diretora: Flavia Gon\u00e7alves Pessoa de Macedo<br><br><strong>Departamento de Apoio Parlamentar<\/strong><br>Diretor: Lu\u00eds Gustavo Losqui<br><br><strong>Departamento de Conv\u00eanios, Parcerias e Capta\u00e7\u00e3o de Recursos<\/strong><br>Diretor: Rodolfo Piovezan<\/p>\n\n\n\n<p><strong>Departamento de Cerimonial<\/strong><br>Diretora: Kathia Anzelotti<\/p>\n\n\n\n<p><strong>Coordenadoria Municipal de Prote\u00e7\u00e3o e Defesa Civil<\/strong><br>Coordenador: Jo\u00e3o Os\u00f3rio Gimenez Germano\u00a0\u00a0<\/p>\n\n\n\n<p><strong>N\u00facleo de Articula\u00e7\u00e3o em Direitos Humanos<\/strong><br>Diretora: Kelsilene Fran\u00e7a Ribeiro<\/p>\n\n\n\n<h2 class=\"wp-block-heading\">N\u00facleo de Assessoria Especial<\/h2>\n\n\n\n<p><strong>Assessoria Especial da Regi\u00e3o Metropolitana de Jundia\u00ed (RMJ)<\/strong><br>Assessor Especial: Thales Gustavo Boaventura Delgado<br><br><strong>Assessoria Especial de Coopera\u00e7\u00e3o Internacional<\/strong><br>Assessora Especial: Laura Comparato Cardoso<\/p>\n\n\n\n<p><strong>Assessoria Especial para Assuntos Legislativos<\/strong><br><br><strong>Assessoria Especial para Assuntos de Seguran\u00e7a P\u00fablica (GGIM)<\/strong><br>Assessor Especial: Adalberto Ceolin<br><br><\/p>\n","protected":false},"excerpt":{"rendered":"<p>Estrutura da Secretaria Secret\u00e1rio: F\u00e1bio Nadal Pedro Fundo Social de Solidariedade (FUNSS)Presidente: Ellen Camila Martinelli Secretaria\u00a0Adjunta da Casa CivilSecret\u00e1ria Adjunta: Simone Zanotello de Oliveira Departamento de Planejamento, Gest\u00e3o e Finan\u00e7asDiretor: Samuel Ferraz Duarte Controladoria Geral do Munic\u00edpioControladora Geral do Munic\u00edpio: Ana Rita Zerbinatto Departamento de Apoio aos Conselhos e EntidadesDiretora: Flavia Gon\u00e7alves Pessoa de Macedo [&hellip;]<\/p>\n","protected":false},"author":14,"featured_media":0,"parent":0,"menu_order":0,"comment_status":"closed","ping_status":"closed","template":"","meta":{"footnotes":""},"class_list":["post-420","page","type-page","status-publish","hentry"],"_links":{"self":[{"href":"https:\/\/jundiai.sp.gov.br\/casa-civil\/wp-json\/wp\/v2\/pages\/420","targetHints":{"allow":["GET"]}}],"collection":[{"href":"https:\/\/jundiai.sp.gov.br\/casa-civil\/wp-json\/wp\/v2\/pages"}],"about":[{"href":"https:\/\/jundiai.sp.gov.br\/casa-civil\/wp-json\/wp\/v2\/types\/page"}],"author":[{"embeddable":true,"href":"https:\/\/jundiai.sp.gov.br\/casa-civil\/wp-json\/wp\/v2\/users\/14"}],"replies":[{"embeddable":true,"href":"https:\/\/jundiai.sp.gov.br\/casa-civil\/wp-json\/wp\/v2\/comments?post=420"}],"version-history":[{"count":34,"href":"https:\/\/jundiai.sp.gov.br\/casa-civil\/wp-json\/wp\/v2\/pages\/420\/revisions"}],"predecessor-version":[{"id":11872,"href":"https:\/\/jundiai.sp.gov.br\/casa-civil\/wp-json\/wp\/v2\/pages\/420\/revisions\/11872"}],"wp:attachment":[{"href":"https:\/\/jundiai.sp.gov.br\/casa-civil\/wp-json\/wp\/v2\/media?parent=420"}],"curies":[{"name":"wp","href":"https:\/\/api.w.org\/{rel}","templated":true}]}}