{"id":4732,"date":"2022-05-05T12:07:49","date_gmt":"2022-05-05T15:07:49","guid":{"rendered":"https:\/\/jundiai.sp.gov.br\/casa-civil\/?page_id=4732"},"modified":"2023-07-26T10:07:01","modified_gmt":"2023-07-26T13:07:01","slug":"operacao-chuvas-de-verao","status":"publish","type":"page","link":"https:\/\/jundiai.sp.gov.br\/casa-civil\/operacao-chuvas-de-verao\/","title":{"rendered":"Opera\u00e7\u00e3o Chuvas de Ver\u00e3o"},"content":{"rendered":"\n<ul class=\"wp-block-list\">\n<li><a href=\"https:\/\/jundiai.sp.gov.br\/casa-civil\/wp-content\/uploads\/sites\/6\/2023\/07\/relatorio-operacao-chuvas-de-verao-22-23-1-3.pdf\" target=\"_blank\" rel=\"noreferrer noopener\">Ano 2022\/2023<\/a><\/li>\n<\/ul>\n\n\n\n<ul class=\"wp-block-list\">\n<li><a href=\"https:\/\/jundiai.sp.gov.br\/casa-civil\/wp-content\/uploads\/sites\/6\/2022\/05\/ano-2021-2022.pdf\">Ano 2021\/2022<\/a><\/li>\n<\/ul>\n\n\n\n<ul class=\"wp-block-list\">\n<li><a href=\"https:\/\/jundiai.sp.gov.br\/casa-civil\/wp-content\/uploads\/sites\/6\/2022\/05\/ano-2018-2019.pdf\">Ano 2018\/2019<\/a>  <\/li>\n<\/ul>\n","protected":false},"excerpt":{"rendered":"","protected":false},"author":69,"featured_media":0,"parent":0,"menu_order":0,"comment_status":"closed","ping_status":"closed","template":"","meta":{"footnotes":""},"class_list":["post-4732","page","type-page","status-publish","hentry"],"_links":{"self":[{"href":"https:\/\/jundiai.sp.gov.br\/casa-civil\/wp-json\/wp\/v2\/pages\/4732","targetHints":{"allow":["GET"]}}],"collection":[{"href":"https:\/\/jundiai.sp.gov.br\/casa-civil\/wp-json\/wp\/v2\/pages"}],"about":[{"href":"https:\/\/jundiai.sp.gov.br\/casa-civil\/wp-json\/wp\/v2\/types\/page"}],"author":[{"embeddable":true,"href":"https:\/\/jundiai.sp.gov.br\/casa-civil\/wp-json\/wp\/v2\/users\/69"}],"replies":[{"embeddable":true,"href":"https:\/\/jundiai.sp.gov.br\/casa-civil\/wp-json\/wp\/v2\/comments?post=4732"}],"version-history":[{"count":10,"href":"https:\/\/jundiai.sp.gov.br\/casa-civil\/wp-json\/wp\/v2\/pages\/4732\/revisions"}],"predecessor-version":[{"id":6971,"href":"https:\/\/jundiai.sp.gov.br\/casa-civil\/wp-json\/wp\/v2\/pages\/4732\/revisions\/6971"}],"wp:attachment":[{"href":"https:\/\/jundiai.sp.gov.br\/casa-civil\/wp-json\/wp\/v2\/media?parent=4732"}],"curies":[{"name":"wp","href":"https:\/\/api.w.org\/{rel}","templated":true}]}}