{"id":4736,"date":"2022-05-05T13:53:51","date_gmt":"2022-05-05T16:53:51","guid":{"rendered":"https:\/\/jundiai.sp.gov.br\/casa-civil\/?page_id=4736"},"modified":"2026-03-31T10:03:40","modified_gmt":"2026-03-31T13:03:40","slug":"indices-pluviometricos-da-operacao-verao","status":"publish","type":"page","link":"https:\/\/jundiai.sp.gov.br\/casa-civil\/indices-pluviometricos-da-operacao-verao\/","title":{"rendered":"Tabela Hist\u00f3rica de \u00cdndices Pluviom\u00e9tricos"},"content":{"rendered":"<div class=\"wp-block-image\">\n<figure class=\"aligncenter size-full\"><a href=\"https:\/\/jundiai.sp.gov.br\/casa-civil\/wp-content\/uploads\/sites\/6\/2026\/03\/tabela-chuvas-30-03-2026.png\"><img loading=\"lazy\" decoding=\"async\" width=\"1164\" height=\"706\" src=\"https:\/\/jundiai.sp.gov.br\/casa-civil\/wp-content\/uploads\/sites\/6\/2026\/03\/tabela-chuvas-30-03-2026.png\" alt=\"\" class=\"wp-image-12337\" srcset=\"https:\/\/jundiai.sp.gov.br\/casa-civil\/wp-content\/uploads\/sites\/6\/2026\/03\/tabela-chuvas-30-03-2026.png 1164w, https:\/\/jundiai.sp.gov.br\/casa-civil\/wp-content\/uploads\/sites\/6\/2026\/03\/tabela-chuvas-30-03-2026-300x182.png 300w, https:\/\/jundiai.sp.gov.br\/casa-civil\/wp-content\/uploads\/sites\/6\/2026\/03\/tabela-chuvas-30-03-2026-768x466.png 768w\" sizes=\"auto, (max-width: 1164px) 100vw, 1164px\" \/><\/a><\/figure>\n<\/div>","protected":false},"excerpt":{"rendered":"","protected":false},"author":69,"featured_media":0,"parent":0,"menu_order":0,"comment_status":"closed","ping_status":"closed","template":"","meta":{"footnotes":""},"class_list":["post-4736","page","type-page","status-publish","hentry"],"_links":{"self":[{"href":"https:\/\/jundiai.sp.gov.br\/casa-civil\/wp-json\/wp\/v2\/pages\/4736","targetHints":{"allow":["GET"]}}],"collection":[{"href":"https:\/\/jundiai.sp.gov.br\/casa-civil\/wp-json\/wp\/v2\/pages"}],"about":[{"href":"https:\/\/jundiai.sp.gov.br\/casa-civil\/wp-json\/wp\/v2\/types\/page"}],"author":[{"embeddable":true,"href":"https:\/\/jundiai.sp.gov.br\/casa-civil\/wp-json\/wp\/v2\/users\/69"}],"replies":[{"embeddable":true,"href":"https:\/\/jundiai.sp.gov.br\/casa-civil\/wp-json\/wp\/v2\/comments?post=4736"}],"version-history":[{"count":220,"href":"https:\/\/jundiai.sp.gov.br\/casa-civil\/wp-json\/wp\/v2\/pages\/4736\/revisions"}],"predecessor-version":[{"id":12338,"href":"https:\/\/jundiai.sp.gov.br\/casa-civil\/wp-json\/wp\/v2\/pages\/4736\/revisions\/12338"}],"wp:attachment":[{"href":"https:\/\/jundiai.sp.gov.br\/casa-civil\/wp-json\/wp\/v2\/media?parent=4736"}],"curies":[{"name":"wp","href":"https:\/\/api.w.org\/{rel}","templated":true}]}}