{"id":4740,"date":"2022-05-05T13:56:53","date_gmt":"2022-05-05T16:56:53","guid":{"rendered":"https:\/\/jundiai.sp.gov.br\/casa-civil\/?page_id=4740"},"modified":"2026-03-24T13:36:07","modified_gmt":"2026-03-24T16:36:07","slug":"tabela-historica-de-indices-de-vegetacao-e-queimada","status":"publish","type":"page","link":"https:\/\/jundiai.sp.gov.br\/casa-civil\/tabela-historica-de-indices-de-vegetacao-e-queimada\/","title":{"rendered":"Tabela Hist\u00f3rica de \u00cdndices de Vegeta\u00e7\u00e3o e Queimada"},"content":{"rendered":"\n<figure class=\"wp-block-image size-full is-style-default\"><a href=\"https:\/\/jundiai.sp.gov.br\/casa-civil\/wp-content\/uploads\/sites\/6\/2026\/03\/4-tabela-indice-de-queimadas-19-cb-e-gm-florestal-2026-24mar_page-0001.jpg\"><img loading=\"lazy\" decoding=\"async\" width=\"1900\" height=\"884\" src=\"https:\/\/jundiai.sp.gov.br\/casa-civil\/wp-content\/uploads\/sites\/6\/2026\/03\/4-tabela-indice-de-queimadas-19-cb-e-gm-florestal-2026-24mar_page-0001.jpg\" alt=\"\" class=\"wp-image-12335\" srcset=\"https:\/\/jundiai.sp.gov.br\/casa-civil\/wp-content\/uploads\/sites\/6\/2026\/03\/4-tabela-indice-de-queimadas-19-cb-e-gm-florestal-2026-24mar_page-0001.jpg 1900w, https:\/\/jundiai.sp.gov.br\/casa-civil\/wp-content\/uploads\/sites\/6\/2026\/03\/4-tabela-indice-de-queimadas-19-cb-e-gm-florestal-2026-24mar_page-0001-300x140.jpg 300w, https:\/\/jundiai.sp.gov.br\/casa-civil\/wp-content\/uploads\/sites\/6\/2026\/03\/4-tabela-indice-de-queimadas-19-cb-e-gm-florestal-2026-24mar_page-0001-1280x596.jpg 1280w, https:\/\/jundiai.sp.gov.br\/casa-civil\/wp-content\/uploads\/sites\/6\/2026\/03\/4-tabela-indice-de-queimadas-19-cb-e-gm-florestal-2026-24mar_page-0001-768x357.jpg 768w, https:\/\/jundiai.sp.gov.br\/casa-civil\/wp-content\/uploads\/sites\/6\/2026\/03\/4-tabela-indice-de-queimadas-19-cb-e-gm-florestal-2026-24mar_page-0001-1536x715.jpg 1536w\" sizes=\"auto, (max-width: 1900px) 100vw, 1900px\" \/><\/a><\/figure>\n","protected":false},"excerpt":{"rendered":"","protected":false},"author":69,"featured_media":0,"parent":0,"menu_order":0,"comment_status":"closed","ping_status":"closed","template":"","meta":{"footnotes":""},"class_list":["post-4740","page","type-page","status-publish","hentry"],"_links":{"self":[{"href":"https:\/\/jundiai.sp.gov.br\/casa-civil\/wp-json\/wp\/v2\/pages\/4740","targetHints":{"allow":["GET"]}}],"collection":[{"href":"https:\/\/jundiai.sp.gov.br\/casa-civil\/wp-json\/wp\/v2\/pages"}],"about":[{"href":"https:\/\/jundiai.sp.gov.br\/casa-civil\/wp-json\/wp\/v2\/types\/page"}],"author":[{"embeddable":true,"href":"https:\/\/jundiai.sp.gov.br\/casa-civil\/wp-json\/wp\/v2\/users\/69"}],"replies":[{"embeddable":true,"href":"https:\/\/jundiai.sp.gov.br\/casa-civil\/wp-json\/wp\/v2\/comments?post=4740"}],"version-history":[{"count":173,"href":"https:\/\/jundiai.sp.gov.br\/casa-civil\/wp-json\/wp\/v2\/pages\/4740\/revisions"}],"predecessor-version":[{"id":12336,"href":"https:\/\/jundiai.sp.gov.br\/casa-civil\/wp-json\/wp\/v2\/pages\/4740\/revisions\/12336"}],"wp:attachment":[{"href":"https:\/\/jundiai.sp.gov.br\/casa-civil\/wp-json\/wp\/v2\/media?parent=4740"}],"curies":[{"name":"wp","href":"https:\/\/api.w.org\/{rel}","templated":true}]}}