{"id":4742,"date":"2022-05-05T13:58:22","date_gmt":"2022-05-05T16:58:22","guid":{"rendered":"https:\/\/jundiai.sp.gov.br\/casa-civil\/?page_id=4742"},"modified":"2026-01-05T10:00:07","modified_gmt":"2026-01-05T13:00:07","slug":"boletins-da-operacao-chuvas-de-verao","status":"publish","type":"page","link":"https:\/\/jundiai.sp.gov.br\/casa-civil\/boletins-da-operacao-chuvas-de-verao\/","title":{"rendered":"Boletins da Opera\u00e7\u00e3o Chuvas de Ver\u00e3o"},"content":{"rendered":"\n<p><strong><a href=\"https:\/\/jundiai.sp.gov.br\/casa-civil\/wp-content\/uploads\/sites\/6\/2024\/12\/whatsapp-image-2024-12-02-at-11-54-40-am.jpeg\" data-type=\"link\" data-id=\"https:\/\/jundiai.sp.gov.br\/casa-civil\/wp-content\/uploads\/sites\/6\/2024\/12\/whatsapp-image-2024-12-02-at-11-54-40-am.jpeg\">Nota Explicativa<\/a> <\/strong><\/p>\n\n\n\n<p><strong><a href=\"https:\/\/jundiai.sp.gov.br\/casa-civil\/boletins-operacao-chuvas-de-verao-2026\/\">Boletim Opera\u00e7\u00e3o Chuvas de Ver\u00e3o 2026<br><\/a><\/strong><br><strong><a href=\"https:\/\/jundiai.sp.gov.br\/casa-civil\/boletins-operacao-chuvas-de-verao-2024-2025\/\" data-type=\"link\" data-id=\"https:\/\/jundiai.sp.gov.br\/casa-civil\/boletins-operacao-chuvas-de-verao-2024-2025\/\">Boletim Opera\u00e7\u00e3o Chuvas de Ver\u00e3o 2024\/2025<\/a><br><\/strong><br><a href=\"https:\/\/jundiai.sp.gov.br\/casa-civil\/boletins-da-operacao-chuvas-de-verao\/boletins-operacao-chuvas-de-verao-2024\/\"><strong>Boletim Opera\u00e7\u00e3o Chuvas de Ver\u00e3o 2024<\/strong><\/a><\/p>\n\n\n\n<p><a href=\"https:\/\/jundiai.sp.gov.br\/casa-civil\/boletins-operacao-chuvas-de-verao-2022-2023\/\"><strong>Boletim Opera\u00e7\u00e3o Chuvas Ver\u00e3o 2022\/2023<\/strong><\/a><\/p>\n\n\n\n<p><a href=\"https:\/\/jundiai.sp.gov.br\/casa-civil\/operacao-verao-2022\/\"><strong>Boletim Opera\u00e7\u00e3o Chuvas Ver\u00e3o 2021\/2022<\/strong><\/a><\/p>\n\n\n\n<p><\/p>\n","protected":false},"excerpt":{"rendered":"<p>Nota Explicativa Boletim Opera\u00e7\u00e3o Chuvas de Ver\u00e3o 2026Boletim Opera\u00e7\u00e3o Chuvas de Ver\u00e3o 2024\/2025Boletim Opera\u00e7\u00e3o Chuvas de Ver\u00e3o 2024 Boletim Opera\u00e7\u00e3o Chuvas Ver\u00e3o 2022\/2023 Boletim Opera\u00e7\u00e3o Chuvas Ver\u00e3o 2021\/2022<\/p>\n","protected":false},"author":69,"featured_media":0,"parent":0,"menu_order":0,"comment_status":"closed","ping_status":"closed","template":"","meta":{"footnotes":""},"class_list":["post-4742","page","type-page","status-publish","hentry"],"_links":{"self":[{"href":"https:\/\/jundiai.sp.gov.br\/casa-civil\/wp-json\/wp\/v2\/pages\/4742","targetHints":{"allow":["GET"]}}],"collection":[{"href":"https:\/\/jundiai.sp.gov.br\/casa-civil\/wp-json\/wp\/v2\/pages"}],"about":[{"href":"https:\/\/jundiai.sp.gov.br\/casa-civil\/wp-json\/wp\/v2\/types\/page"}],"author":[{"embeddable":true,"href":"https:\/\/jundiai.sp.gov.br\/casa-civil\/wp-json\/wp\/v2\/users\/69"}],"replies":[{"embeddable":true,"href":"https:\/\/jundiai.sp.gov.br\/casa-civil\/wp-json\/wp\/v2\/comments?post=4742"}],"version-history":[{"count":18,"href":"https:\/\/jundiai.sp.gov.br\/casa-civil\/wp-json\/wp\/v2\/pages\/4742\/revisions"}],"predecessor-version":[{"id":12146,"href":"https:\/\/jundiai.sp.gov.br\/casa-civil\/wp-json\/wp\/v2\/pages\/4742\/revisions\/12146"}],"wp:attachment":[{"href":"https:\/\/jundiai.sp.gov.br\/casa-civil\/wp-json\/wp\/v2\/media?parent=4742"}],"curies":[{"name":"wp","href":"https:\/\/api.w.org\/{rel}","templated":true}]}}