{"id":4761,"date":"2022-05-05T14:14:54","date_gmt":"2022-05-05T17:14:54","guid":{"rendered":"https:\/\/jundiai.sp.gov.br\/casa-civil\/?page_id=4761"},"modified":"2024-03-11T10:31:54","modified_gmt":"2024-03-11T13:31:54","slug":"relatorios-tecnicos","status":"publish","type":"page","link":"https:\/\/jundiai.sp.gov.br\/casa-civil\/relatorios-tecnicos\/","title":{"rendered":"Relat\u00f3rios T\u00e9cnicos\u00a0"},"content":{"rendered":"\n<ul class=\"wp-block-list\">\n<li><a href=\"https:\/\/jundiai.sp.gov.br\/casa-civil\/operacao-chuvas-de-verao\/\">Opera\u00e7\u00e3o Chuvas de Ver\u00e3o<\/a><br><\/li>\n\n\n\n<li><a href=\"https:\/\/jundiai.sp.gov.br\/casa-civil\/operacao-estiagem\/\">Opera\u00e7\u00e3o Estiagem<\/a><br><\/li>\n\n\n\n<li><a href=\"https:\/\/jundiai.sp.gov.br\/casa-civil\/wp-content\/uploads\/sites\/6\/2024\/03\/mapeamento-de-risco-alagamentos-e-inundacoes.pdf\">Mapeamento de Risco de Alagamentos e Inunda\u00e7\u00f5es <br><\/a><\/li>\n\n\n\n<li><a href=\"https:\/\/jundiai.sp.gov.br\/casa-civil\/wp-content\/uploads\/sites\/6\/2024\/03\/mapeamento-de-risco-deslizamento.pdf\">Mapeamento de Risco de Deslizamento <\/a><\/li>\n<\/ul>\n","protected":false},"excerpt":{"rendered":"","protected":false},"author":69,"featured_media":0,"parent":0,"menu_order":0,"comment_status":"closed","ping_status":"closed","template":"","meta":{"footnotes":""},"class_list":["post-4761","page","type-page","status-publish","hentry"],"_links":{"self":[{"href":"https:\/\/jundiai.sp.gov.br\/casa-civil\/wp-json\/wp\/v2\/pages\/4761","targetHints":{"allow":["GET"]}}],"collection":[{"href":"https:\/\/jundiai.sp.gov.br\/casa-civil\/wp-json\/wp\/v2\/pages"}],"about":[{"href":"https:\/\/jundiai.sp.gov.br\/casa-civil\/wp-json\/wp\/v2\/types\/page"}],"author":[{"embeddable":true,"href":"https:\/\/jundiai.sp.gov.br\/casa-civil\/wp-json\/wp\/v2\/users\/69"}],"replies":[{"embeddable":true,"href":"https:\/\/jundiai.sp.gov.br\/casa-civil\/wp-json\/wp\/v2\/comments?post=4761"}],"version-history":[{"count":3,"href":"https:\/\/jundiai.sp.gov.br\/casa-civil\/wp-json\/wp\/v2\/pages\/4761\/revisions"}],"predecessor-version":[{"id":8261,"href":"https:\/\/jundiai.sp.gov.br\/casa-civil\/wp-json\/wp\/v2\/pages\/4761\/revisions\/8261"}],"wp:attachment":[{"href":"https:\/\/jundiai.sp.gov.br\/casa-civil\/wp-json\/wp\/v2\/media?parent=4761"}],"curies":[{"name":"wp","href":"https:\/\/api.w.org\/{rel}","templated":true}]}}