{"id":4770,"date":"2022-05-17T11:30:15","date_gmt":"2022-05-17T14:30:15","guid":{"rendered":"https:\/\/jundiai.sp.gov.br\/casa-civil\/?page_id=4770"},"modified":"2025-05-30T12:53:09","modified_gmt":"2025-05-30T15:53:09","slug":"plano-de-contingencia-de-estiagem-2","status":"publish","type":"page","link":"https:\/\/jundiai.sp.gov.br\/casa-civil\/plano-de-contingencia-de-estiagem-2\/","title":{"rendered":"Plano de Conting\u00eancia de Estiagem"},"content":{"rendered":"\n<p><a href=\"https:\/\/jundiai.sp.gov.br\/casa-civil\/wp-content\/uploads\/sites\/6\/2022\/05\/decreto-29-635-de-14-janeiro-de-2021-1.pdf\">Decreto N\u00b0 29.635 de 14 de janeiro 2021<\/a><\/p>\n\n\n\n<p><a href=\"https:\/\/jundiai.sp.gov.br\/casa-civil\/wp-content\/uploads\/sites\/6\/2022\/05\/decreto-n-31-188-de-18-de-abril-de-2022.pdf\">Decreto N\u00b0 31.188, de 18 de abril de 2022<\/a><\/p>\n\n\n\n<p><a href=\"https:\/\/jundiai.sp.gov.br\/casa-civil\/wp-content\/uploads\/sites\/6\/2022\/05\/anexo-integrante-do-ppdc-operacao-estiagem.pdf\">Anexo Integrante do PPDC Opera\u00e7\u00e3o Estiagem 2022<\/a><\/p>\n\n\n\n<p><a href=\"https:\/\/jundiai.sp.gov.br\/casa-civil\/wp-content\/uploads\/sites\/6\/2024\/02\/anexo-integrante-do-ppdc-operacao-estiagem-ano-2023-1.pdf\">Anexo Integrante do PPDC Opera\u00e7\u00e3o Estiagem 2023<\/a><\/p>\n\n\n\n<p><a href=\"https:\/\/jundiai.sp.gov.br\/casa-civil\/wp-content\/uploads\/sites\/6\/2025\/05\/plano-de-contingencia-estiagem-2025-versao-final.pdf\">Anexo Integrante do PPDC Opera\u00e7\u00e3o Estiagem 2025<\/a><\/p>\n","protected":false},"excerpt":{"rendered":"<p>Decreto N\u00b0 29.635 de 14 de janeiro 2021 Decreto N\u00b0 31.188, de 18 de abril de 2022 Anexo Integrante do PPDC Opera\u00e7\u00e3o Estiagem 2022 Anexo Integrante do PPDC Opera\u00e7\u00e3o Estiagem 2023 Anexo Integrante do PPDC Opera\u00e7\u00e3o Estiagem 2025<\/p>\n","protected":false},"author":69,"featured_media":0,"parent":0,"menu_order":0,"comment_status":"closed","ping_status":"closed","template":"","meta":{"footnotes":""},"class_list":["post-4770","page","type-page","status-publish","hentry"],"_links":{"self":[{"href":"https:\/\/jundiai.sp.gov.br\/casa-civil\/wp-json\/wp\/v2\/pages\/4770","targetHints":{"allow":["GET"]}}],"collection":[{"href":"https:\/\/jundiai.sp.gov.br\/casa-civil\/wp-json\/wp\/v2\/pages"}],"about":[{"href":"https:\/\/jundiai.sp.gov.br\/casa-civil\/wp-json\/wp\/v2\/types\/page"}],"author":[{"embeddable":true,"href":"https:\/\/jundiai.sp.gov.br\/casa-civil\/wp-json\/wp\/v2\/users\/69"}],"replies":[{"embeddable":true,"href":"https:\/\/jundiai.sp.gov.br\/casa-civil\/wp-json\/wp\/v2\/comments?post=4770"}],"version-history":[{"count":6,"href":"https:\/\/jundiai.sp.gov.br\/casa-civil\/wp-json\/wp\/v2\/pages\/4770\/revisions"}],"predecessor-version":[{"id":11458,"href":"https:\/\/jundiai.sp.gov.br\/casa-civil\/wp-json\/wp\/v2\/pages\/4770\/revisions\/11458"}],"wp:attachment":[{"href":"https:\/\/jundiai.sp.gov.br\/casa-civil\/wp-json\/wp\/v2\/media?parent=4770"}],"curies":[{"name":"wp","href":"https:\/\/api.w.org\/{rel}","templated":true}]}}