{"id":4820,"date":"2022-05-17T15:19:20","date_gmt":"2022-05-17T18:19:20","guid":{"rendered":"https:\/\/jundiai.sp.gov.br\/casa-civil\/?page_id=4820"},"modified":"2022-08-24T12:06:11","modified_gmt":"2022-08-24T15:06:11","slug":"indices-pluviometricos-do-plano-de-contingencia-2022","status":"publish","type":"page","link":"https:\/\/jundiai.sp.gov.br\/casa-civil\/indices-pluviometricos-do-plano-de-contingencia-2022\/","title":{"rendered":"\u00cdndices Pluviom\u00e9tricos do Plano de Conting\u00eancia 2022"},"content":{"rendered":"\n<div class=\"wp-block-columns is-layout-flex wp-container-core-columns-is-layout-9d6595d7 wp-block-columns-is-layout-flex\">\n<div class=\"wp-block-column is-layout-flow wp-block-column-is-layout-flow\">\n<figure class=\"wp-block-image size-large\"><a href=\"https:\/\/jundiai.sp.gov.br\/casa-civil\/wp-content\/uploads\/sites\/6\/2022\/08\/tabela-indice-pluviometrico-22-08-2022.png\"><img loading=\"lazy\" decoding=\"async\" width=\"1280\" height=\"874\" src=\"https:\/\/jundiai.sp.gov.br\/casa-civil\/wp-content\/uploads\/sites\/6\/2022\/08\/tabela-indice-pluviometrico-22-08-2022-1280x874.png\" alt=\"\" class=\"wp-image-5322\" srcset=\"https:\/\/jundiai.sp.gov.br\/casa-civil\/wp-content\/uploads\/sites\/6\/2022\/08\/tabela-indice-pluviometrico-22-08-2022-1280x874.png 1280w, https:\/\/jundiai.sp.gov.br\/casa-civil\/wp-content\/uploads\/sites\/6\/2022\/08\/tabela-indice-pluviometrico-22-08-2022-300x205.png 300w, https:\/\/jundiai.sp.gov.br\/casa-civil\/wp-content\/uploads\/sites\/6\/2022\/08\/tabela-indice-pluviometrico-22-08-2022-768x524.png 768w, https:\/\/jundiai.sp.gov.br\/casa-civil\/wp-content\/uploads\/sites\/6\/2022\/08\/tabela-indice-pluviometrico-22-08-2022.png 1531w\" sizes=\"auto, (max-width: 1280px) 100vw, 1280px\" \/><\/a><\/figure>\n<\/div>\n<\/div>\n\n\n\n<div class=\"wp-block-columns is-layout-flex wp-container-core-columns-is-layout-9d6595d7 wp-block-columns-is-layout-flex\">\n<div class=\"wp-block-column is-layout-flow wp-block-column-is-layout-flow\">\n<p><\/p>\n<\/div>\n\n\n\n<div class=\"wp-block-column is-layout-flow wp-block-column-is-layout-flow\">\n<p> <\/p>\n<\/div>\n<\/div>\n","protected":false},"excerpt":{"rendered":"","protected":false},"author":69,"featured_media":0,"parent":0,"menu_order":0,"comment_status":"closed","ping_status":"closed","template":"","meta":{"footnotes":""},"class_list":["post-4820","page","type-page","status-publish","hentry"],"_links":{"self":[{"href":"https:\/\/jundiai.sp.gov.br\/casa-civil\/wp-json\/wp\/v2\/pages\/4820","targetHints":{"allow":["GET"]}}],"collection":[{"href":"https:\/\/jundiai.sp.gov.br\/casa-civil\/wp-json\/wp\/v2\/pages"}],"about":[{"href":"https:\/\/jundiai.sp.gov.br\/casa-civil\/wp-json\/wp\/v2\/types\/page"}],"author":[{"embeddable":true,"href":"https:\/\/jundiai.sp.gov.br\/casa-civil\/wp-json\/wp\/v2\/users\/69"}],"replies":[{"embeddable":true,"href":"https:\/\/jundiai.sp.gov.br\/casa-civil\/wp-json\/wp\/v2\/comments?post=4820"}],"version-history":[{"count":10,"href":"https:\/\/jundiai.sp.gov.br\/casa-civil\/wp-json\/wp\/v2\/pages\/4820\/revisions"}],"predecessor-version":[{"id":5323,"href":"https:\/\/jundiai.sp.gov.br\/casa-civil\/wp-json\/wp\/v2\/pages\/4820\/revisions\/5323"}],"wp:attachment":[{"href":"https:\/\/jundiai.sp.gov.br\/casa-civil\/wp-json\/wp\/v2\/media?parent=4820"}],"curies":[{"name":"wp","href":"https:\/\/api.w.org\/{rel}","templated":true}]}}