{"id":6,"date":"2014-08-13T19:35:21","date_gmt":"2014-08-13T22:35:21","guid":{"rendered":"https:\/\/jundiai.sp.gov.br\/casa-civil\/?page_id=6"},"modified":"2025-11-03T17:01:04","modified_gmt":"2025-11-03T20:01:04","slug":"relacoes-institucionais","status":"publish","type":"page","link":"https:\/\/jundiai.sp.gov.br\/casa-civil\/","title":{"rendered":"Casa Civil"},"content":{"rendered":"\n<p><strong>A&nbsp;Secretaria Municipal&nbsp;da Casa Civil tem por finalidade coordenar as a\u00e7\u00f5es e pol\u00edticas de rela\u00e7\u00f5es institucionais do Poder Executivo com o Poder Legislativo e Conselhos Municipais, movimentos sociais e demais entes e poderes da Federa\u00e7\u00e3o, suportada pela seguinte estrutura org\u00e2nica b\u00e1sica:<\/strong><\/p>\n\n\n\n<ul class=\"wp-block-list\">\n<li>Gabinete do Secret\u00e1rio da Casa Civil;<\/li>\n\n\n\n<li>Secretaria Adjunta da Casa Civil;<\/li>\n\n\n\n<li>Fundo Social de Solidariedade \u2013 FUNSS;<\/li>\n\n\n\n<li>Departamento de Planejamento, Gest\u00e3o e Finan\u00e7as;<\/li>\n\n\n\n<li>N\u00facleo de Articula\u00e7\u00e3o em Direitos Humanos;<\/li>\n\n\n\n<li>N\u00facleo de Assessoria Especial;<\/li>\n\n\n\n<li>Gabinete de Gest\u00e3o Integrada Municipal \u2013 GGIM;<\/li>\n\n\n\n<li>Coordenadoria Municipal de Prote\u00e7\u00e3o e Defesa&nbsp;Civil;<\/li>\n\n\n\n<li>Controladoria Geral do Munic\u00edpio;<\/li>\n\n\n\n<li>Departamento de Conv\u00eanios, Parcerias e Capta\u00e7\u00e3o de Recursos;<\/li>\n\n\n\n<li>Departamento de Apoio Parlamentar;<\/li>\n\n\n\n<li>Departamento de Apoio a Conselhos e Entidades;<\/li>\n\n\n\n<li>Departamento de Cerimonial;<\/li>\n\n\n\n<li>Unidade de Entidades Setorial.<\/li>\n<\/ul>\n\n\n\n<h2 class=\"wp-block-heading\">Contatos<\/h2>\n\n\n\n<p><strong>Gabinete do Prefeito<br><\/strong>Pa\u00e7o Municipal \u2013 8\u00ba andar \u2013 Ala Sul<br><a href=\"mailto:smcc-expediente@jundiai.sp.gov.br\" target=\"_blank\" rel=\"noreferrer noopener\">smcc-expediente@jundiai.sp.gov.br<\/a><\/p>\n\n\n\n<p><strong>Gabinete do Secret\u00e1rio da Casa Civil<br><\/strong>Pa\u00e7o Municipal \u2013 8\u00ba andar \u2013 Ala Sul<br>Telefone: (11) 4589-8443<br><a href=\"mailto:smcc-expediente@jundiai.sp.gov.br\" target=\"_blank\" rel=\"noreferrer noopener\">smcc-expediente@jundiai.sp.gov.br<\/a><\/p>\n\n\n\n<p><strong>Fundo Social de Solidariedade \u2013 FUNSS<\/strong><br>Avenida Dona Manoela Lacerda de Vergueiro, s\/n\u00ba, port\u00e3o 3, anexo ao Parque da Uva, Anhangaba\u00fa<br>Telefone: (11) 4589-6322<br><a href=\"mailto:fundosocial@jundiai.sp.gov.br\" target=\"_blank\" rel=\"noreferrer noopener\">fundosocial@jundiai.sp.gov.br<\/a><\/p>\n\n\n\n<p><strong>Secretaria Adjunta da Casa Civil<\/strong><br>Pa\u00e7o Municipal \u2013 7\u00ba andar \u2013 Ala Sul<br>Telefone: (11) 4589-8443<br><a href=\"mailto:casacivil@jundiai.sp.gov.br\" target=\"_blank\" rel=\"noreferrer noopener\">casacivil@jundiai.sp.gov.br<\/a><\/p>\n\n\n\n<p><strong>Departamento de Planejamento, Gest\u00e3o e Finan\u00e7as<\/strong><br>Pa\u00e7o Municipal \u2013 7\u00ba andar \u2013 Ala Sul<br>Telefone: (11) 4589-8606<br><a href=\"mailto:casacivil.dpgf@jundiai.sp.gov.br\" target=\"_blank\" rel=\"noreferrer noopener\">casacivil.dpgf@jundiai.sp.gov.br<\/a><\/p>\n\n\n\n<p><strong>N\u00facleo de Articula\u00e7\u00e3o em Direitos Humanos<\/strong><br>Pa\u00e7o Municipal \u2013 8\u00ba andar \u2013 Ala Norte<br>Diretoria do N\u00facleo de Articula\u00e7\u00e3o em Direitos Humanos \u2013 (11) 4589-8870<br>Assessoria de Pol\u00edticas para a Igualdade Racial \u2013 (11) 4589-8549<br>Assessoria de Pol\u00edticas para a Juventude \u2013 (11) 4589-8978<br>Assessoria de Pol\u00edticas para a Pessoa com Defici\u00eancia \u2013 (11) 4589-8494<br>Assessoria de Pol\u00edticas para as Mulheres \u2013 (11) 4589-8985<br>Assessoria de Pol\u00edticas para LGBT \u2013 (11) 4589-8450<br>Assessoria de Pol\u00edticas para o Idoso \u2013 (11) 4589-8628<br><a href=\"mailto:direitoshumanos@jundiai.sp.gov.br\" target=\"_blank\" rel=\"noreferrer noopener\">direitoshumanos@jundiai.sp.gov.br<\/a><\/p>\n\n\n\n<p><strong>Expediente da Casa Civil<\/strong><br>Pa\u00e7o Municipal \u2013 7\u00ba andar \u2013 Ala Sul<br>Telefone: (11) 4589-8429 \/ 8411 \/ 8599 \/ 8995 \/ 8351 \/ 8423<br><a href=\"mailto:smcc-expediente@jundiai.sp.gov.br\" target=\"_blank\" rel=\"noreferrer noopener\">smcc-expediente@jundiai.sp.gov.br<\/a><\/p>\n\n\n\n<p><strong>N\u00facleo de Assessoria Especial<\/strong><br>Pa\u00e7o Municipal<br>Assessoria Especial de Coopera\u00e7\u00e3o Internacional \u2013 (11) 4589-8898<br>Assessoria Especial da Regi\u00e3o Metropolitana de Jundia\u00ed \u2013 (11) 4589-8414&nbsp;<br>Assessoria Especial para Assuntos Legislativos (11) 4589-8434<\/p>\n\n\n\n<p><strong>Gabinete de Gest\u00e3o Integrada Municipal (GGIM)<\/strong><br>Pa\u00e7o Municipal \u2013 8\u00ba andar \u2013 Ala Norte \u2013 (11) 4589-8880<\/p>\n\n\n\n<p><strong>Coordenadoria Municipal de Prote\u00e7\u00e3o e Defesa Civil<\/strong><br>Av. Quatorze de Dezembro, n.\u00ba 1800, Vila Mafalda<br>Telefone: (11) 4586-0666<br><a href=\"mailto:defesacivil@jundiai.sp.gov.br\" target=\"_blank\" rel=\"noreferrer noopener\">defesacivil@jundiai.sp.gov.br<\/a><\/p>\n\n\n\n<p><strong>Controladoria Geral do Munic\u00edpio<\/strong><br>Pa\u00e7o Municipal \u2013 8\u00ba andar \u2013 Ala Norte<br>Telefone: (11) 4589-8431 \/ 8646<br><a href=\"mailto:controladoriapmj@jundiai.sp.gov.br\" target=\"_blank\" rel=\"noreferrer noopener\">controladoriapmj@jundiai.sp.gov.br<\/a><\/p>\n\n\n\n<p><strong>Departamento de Conv\u00eanios, Parcerias e Capta\u00e7\u00e3o de Recursos<\/strong><br>Pa\u00e7o Municipal \u2013 7\u00ba andar \u2013 Ala Sul<br>Telefone: (11) 4589-8430 \/ 8584 \/ 8422 \/ 8426<br><a href=\"mailto:dcpcasacivil@jundiai.sp.gov.br\" target=\"_blank\" rel=\"noreferrer noopener\">dcpcasacivil@jundiai.sp.gov.br<\/a><\/p>\n\n\n\n<p><strong>Departamento de Cerimonial<br><\/strong>Pa\u00e7o Municipal \u2013 8\u00ba andar \u2013 Ala Norte<br>Telefone: (11) 4589-8424<br><a href=\"mailto:cerimonialeventos@jundiai.sp.gov.br\" target=\"_blank\" rel=\"noreferrer noopener\">cerimonialeventos@jundiai.sp.gov.br<\/a><\/p>\n\n\n\n<p><strong>Departamento de Apoio Parlamentar<br><\/strong>Pa\u00e7o Municipal \u2013 8\u00ba andar \u2013 Ala Norte<br>Telefones: (11) 4589-8421 \/ 8626 \/ 8846<br><a href=\"mailto:ugcc-dap@jundiai.sp.gov.br\" target=\"_blank\" rel=\"noreferrer noopener\">ugcc-dap@jundiai.sp.gov.br<\/a><\/p>\n\n\n\n<p><strong>Departamento de Apoio aos Conselhos e Entidades<br><\/strong>Pa\u00e7o Municipal \u2013 8\u00ba andar \u2013 Ala Norte<br>Telefone: (11) 4589-8562 \/ 8902<br><a href=\"mailto:diretoriadeconselhos@jundiai.sp.gov.br\" target=\"_blank\" rel=\"noreferrer noopener\">diretoriadeconselhos@jundiai.sp.gov.br<\/a><\/p>\n\n\n\n<p><\/p>\n\n\n\n<p><\/p>\n","protected":false},"excerpt":{"rendered":"<p>A&nbsp;Secretaria Municipal&nbsp;da Casa Civil tem por finalidade coordenar as a\u00e7\u00f5es e pol\u00edticas de rela\u00e7\u00f5es institucionais do Poder Executivo com o Poder Legislativo e Conselhos Municipais, movimentos sociais e demais entes e poderes da Federa\u00e7\u00e3o, suportada pela seguinte estrutura org\u00e2nica b\u00e1sica: Contatos Gabinete do PrefeitoPa\u00e7o Municipal \u2013 8\u00ba andar \u2013 Ala Sulsmcc-expediente@jundiai.sp.gov.br Gabinete do Secret\u00e1rio da [&hellip;]<\/p>\n","protected":false},"author":8,"featured_media":0,"parent":0,"menu_order":0,"comment_status":"open","ping_status":"closed","template":"","meta":{"footnotes":""},"class_list":["post-6","page","type-page","status-publish","hentry"],"_links":{"self":[{"href":"https:\/\/jundiai.sp.gov.br\/casa-civil\/wp-json\/wp\/v2\/pages\/6","targetHints":{"allow":["GET"]}}],"collection":[{"href":"https:\/\/jundiai.sp.gov.br\/casa-civil\/wp-json\/wp\/v2\/pages"}],"about":[{"href":"https:\/\/jundiai.sp.gov.br\/casa-civil\/wp-json\/wp\/v2\/types\/page"}],"author":[{"embeddable":true,"href":"https:\/\/jundiai.sp.gov.br\/casa-civil\/wp-json\/wp\/v2\/users\/8"}],"replies":[{"embeddable":true,"href":"https:\/\/jundiai.sp.gov.br\/casa-civil\/wp-json\/wp\/v2\/comments?post=6"}],"version-history":[{"count":36,"href":"https:\/\/jundiai.sp.gov.br\/casa-civil\/wp-json\/wp\/v2\/pages\/6\/revisions"}],"predecessor-version":[{"id":12005,"href":"https:\/\/jundiai.sp.gov.br\/casa-civil\/wp-json\/wp\/v2\/pages\/6\/revisions\/12005"}],"wp:attachment":[{"href":"https:\/\/jundiai.sp.gov.br\/casa-civil\/wp-json\/wp\/v2\/media?parent=6"}],"curies":[{"name":"wp","href":"https:\/\/api.w.org\/{rel}","templated":true}]}}