{"id":65,"date":"2014-08-18T16:50:42","date_gmt":"2014-08-18T19:50:42","guid":{"rendered":"https:\/\/jundiai.sp.gov.br\/casa-civil\/?page_id=65"},"modified":"2017-03-20T11:43:45","modified_gmt":"2017-03-20T14:43:45","slug":"orgaos-vinculados","status":"publish","type":"page","link":"https:\/\/jundiai.sp.gov.br\/casa-civil\/orgaos-vinculados\/","title":{"rendered":"\u00d3rg\u00e3os Vinculados"},"content":{"rendered":"<ul>\n<ul>\n<li><a href=\"https:\/\/jundiai.sp.gov.br\/casa-civil\/departamento-de-apoio-a-conselhos-e-entidades\/\">Departamento de Apoio a Conselhos e Entidades<\/a>;<\/li>\n<li><a href=\"https:\/\/jundiai.sp.gov.br\/casa-civil\/departamento-de-apoio-parlamentar\/\">Departamento de Apoio Parlamentar<\/a>;<\/li>\n<li><a href=\"https:\/\/jundiai.sp.gov.br\/casa-civil\/orgaos-vinculados\/departamento-de-convenios-e-parcerias\/\">Departamento de Conv\u00eanios e Parcerias<\/a>;<\/li>\n<li><a href=\"https:\/\/jundiai.sp.gov.br\/casa-civil\/orgaos-vinculados\/departamento-de-expediente\/\">Departamento de Expediente<\/a>;<\/li>\n<li><a href=\"https:\/\/jundiai.sp.gov.br\/casa-civil\/orgaos-vinculados\/fundo-social-de-solidariedade\/\">Fundo Social de Solidariedade<\/a>;<\/li>\n<li><a href=\"https:\/\/jundiai.sp.gov.br\/casa-civil\/nucleo-de-planejamento-gestao-e-financas\/\">N\u00facleo de Planejamento, Gest\u00e3o e Finan\u00e7as<\/a>;<\/li>\n<li><a href=\"https:\/\/jundiai.sp.gov.br\/casa-civil\/nucleo-de-articulacao-das-politicas-de-direitos-humanos\/\">N\u00facleo de Articula\u00e7\u00e3o das Pol\u00edticas de Direitos Humanos<\/a>.<\/li>\n<\/ul>\n<\/ul>\n","protected":false},"excerpt":{"rendered":"<p>Departamento de Apoio a Conselhos e Entidades; Departamento de Apoio Parlamentar; Departamento de Conv\u00eanios e Parcerias; Departamento de Expediente; Fundo Social de Solidariedade; N\u00facleo de Planejamento, Gest\u00e3o e Finan\u00e7as; N\u00facleo de Articula\u00e7\u00e3o das Pol\u00edticas de Direitos Humanos.<\/p>\n","protected":false},"author":5,"featured_media":0,"parent":0,"menu_order":0,"comment_status":"closed","ping_status":"closed","template":"","meta":{"footnotes":""},"class_list":["post-65","page","type-page","status-publish","hentry"],"_links":{"self":[{"href":"https:\/\/jundiai.sp.gov.br\/casa-civil\/wp-json\/wp\/v2\/pages\/65","targetHints":{"allow":["GET"]}}],"collection":[{"href":"https:\/\/jundiai.sp.gov.br\/casa-civil\/wp-json\/wp\/v2\/pages"}],"about":[{"href":"https:\/\/jundiai.sp.gov.br\/casa-civil\/wp-json\/wp\/v2\/types\/page"}],"author":[{"embeddable":true,"href":"https:\/\/jundiai.sp.gov.br\/casa-civil\/wp-json\/wp\/v2\/users\/5"}],"replies":[{"embeddable":true,"href":"https:\/\/jundiai.sp.gov.br\/casa-civil\/wp-json\/wp\/v2\/comments?post=65"}],"version-history":[{"count":12,"href":"https:\/\/jundiai.sp.gov.br\/casa-civil\/wp-json\/wp\/v2\/pages\/65\/revisions"}],"predecessor-version":[{"id":280,"href":"https:\/\/jundiai.sp.gov.br\/casa-civil\/wp-json\/wp\/v2\/pages\/65\/revisions\/280"}],"wp:attachment":[{"href":"https:\/\/jundiai.sp.gov.br\/casa-civil\/wp-json\/wp\/v2\/media?parent=65"}],"curies":[{"name":"wp","href":"https:\/\/api.w.org\/{rel}","templated":true}]}}