{"id":67,"date":"2014-08-18T17:12:16","date_gmt":"2014-08-18T20:12:16","guid":{"rendered":"https:\/\/jundiai.sp.gov.br\/casa-civil\/?page_id=67"},"modified":"2017-04-05T10:05:59","modified_gmt":"2017-04-05T13:05:59","slug":"departamento-de-convenios-e-parcerias","status":"publish","type":"page","link":"https:\/\/jundiai.sp.gov.br\/casa-civil\/orgaos-vinculados\/departamento-de-convenios-e-parcerias\/","title":{"rendered":"Departamento de Conv\u00eanios e Parcerias"},"content":{"rendered":"<p>O Departamento de Conv\u00eanios e Parcerias exerce a dire\u00e7\u00e3o geral e supervis\u00e3o dos programas e a\u00e7\u00f5es dos \u00f3rg\u00e3os vinculados ao Departamento, de acordo com a pol\u00edtica de governo. Exerce tamb\u00e9m a supervis\u00e3o t\u00e9cnica e normativa na celebra\u00e7\u00e3o, execu\u00e7\u00e3o e finaliza\u00e7\u00e3o de todos os Conv\u00eanios e Parcerias estabelecendo um procedimento padr\u00e3o para documentos, prazos altera\u00e7\u00f5es e prorroga\u00e7\u00f5es. Acompanha os programas abertos pelo Governo Federal, atrav\u00e9s dos Minist\u00e9rios, no Sistema de Conv\u00eanios (SICONV). Gerencia as Emendas Parlamentares e sua aplicabilidade no Munic\u00edpio. Coordena a elabora\u00e7\u00e3o de cartas consulta para propostas na \u00e1rea de atua\u00e7\u00e3o. Contribui com informa\u00e7\u00f5es que auxiliar\u00e3o na melhoria dos processos administrativos, propondo solu\u00e7\u00f5es que visem o atendimento das diretrizes da pol\u00edtica de governo.<\/p>\n<h2>Contato<\/h2>\n<p>O Departamento de Conv\u00eanios e Parcerias fica no Pa\u00e7o Municipal \u2013 7\u00ba andar \u2013 ala\u00a0sul<br \/>\nDiretor: Tales Victor Calegari<br \/>\nTelefone: (11) 4589-8430 \/ 4589-8422 \/ 4589-8602<br \/>\nE-mail: dcpcasacivil@jundiai.sp.gov.br<\/p>\n","protected":false},"excerpt":{"rendered":"<p>O Departamento de Conv\u00eanios e Parcerias exerce a dire\u00e7\u00e3o geral e supervis\u00e3o dos programas e a\u00e7\u00f5es dos \u00f3rg\u00e3os vinculados ao Departamento, de acordo com a pol\u00edtica de governo. Exerce tamb\u00e9m a supervis\u00e3o t\u00e9cnica e normativa na celebra\u00e7\u00e3o, execu\u00e7\u00e3o e finaliza\u00e7\u00e3o de todos os Conv\u00eanios e Parcerias estabelecendo um procedimento padr\u00e3o para documentos, prazos altera\u00e7\u00f5es e [&hellip;]<\/p>\n","protected":false},"author":5,"featured_media":0,"parent":65,"menu_order":0,"comment_status":"closed","ping_status":"closed","template":"","meta":{"footnotes":""},"class_list":["post-67","page","type-page","status-publish","hentry"],"_links":{"self":[{"href":"https:\/\/jundiai.sp.gov.br\/casa-civil\/wp-json\/wp\/v2\/pages\/67","targetHints":{"allow":["GET"]}}],"collection":[{"href":"https:\/\/jundiai.sp.gov.br\/casa-civil\/wp-json\/wp\/v2\/pages"}],"about":[{"href":"https:\/\/jundiai.sp.gov.br\/casa-civil\/wp-json\/wp\/v2\/types\/page"}],"author":[{"embeddable":true,"href":"https:\/\/jundiai.sp.gov.br\/casa-civil\/wp-json\/wp\/v2\/users\/5"}],"replies":[{"embeddable":true,"href":"https:\/\/jundiai.sp.gov.br\/casa-civil\/wp-json\/wp\/v2\/comments?post=67"}],"version-history":[{"count":9,"href":"https:\/\/jundiai.sp.gov.br\/casa-civil\/wp-json\/wp\/v2\/pages\/67\/revisions"}],"predecessor-version":[{"id":370,"href":"https:\/\/jundiai.sp.gov.br\/casa-civil\/wp-json\/wp\/v2\/pages\/67\/revisions\/370"}],"up":[{"embeddable":true,"href":"https:\/\/jundiai.sp.gov.br\/casa-civil\/wp-json\/wp\/v2\/pages\/65"}],"wp:attachment":[{"href":"https:\/\/jundiai.sp.gov.br\/casa-civil\/wp-json\/wp\/v2\/media?parent=67"}],"curies":[{"name":"wp","href":"https:\/\/api.w.org\/{rel}","templated":true}]}}