{"id":69,"date":"2014-08-18T17:13:11","date_gmt":"2014-08-18T20:13:11","guid":{"rendered":"https:\/\/jundiai.sp.gov.br\/casa-civil\/?page_id=69"},"modified":"2025-10-15T10:48:21","modified_gmt":"2025-10-15T13:48:21","slug":"defesa-civil","status":"publish","type":"page","link":"https:\/\/jundiai.sp.gov.br\/casa-civil\/defesa-civil\/","title":{"rendered":"Defesa Civil"},"content":{"rendered":"\n<div class=\"wp-block-columns is-layout-flex wp-container-core-columns-is-layout-9d6595d7 wp-block-columns-is-layout-flex\">\n<div class=\"wp-block-column is-layout-flow wp-block-column-is-layout-flow\">\n<figure class=\"wp-block-image size-full\"><a href=\"https:\/\/jundiai.sp.gov.br\/casa-civil\/wp-content\/uploads\/sites\/6\/2022\/06\/defesa-civil-6.png\"><img loading=\"lazy\" decoding=\"async\" width=\"500\" height=\"500\" src=\"https:\/\/jundiai.sp.gov.br\/casa-civil\/wp-content\/uploads\/sites\/6\/2022\/06\/defesa-civil-6.png\" alt=\"\" class=\"wp-image-4997\" srcset=\"https:\/\/jundiai.sp.gov.br\/casa-civil\/wp-content\/uploads\/sites\/6\/2022\/06\/defesa-civil-6.png 500w, https:\/\/jundiai.sp.gov.br\/casa-civil\/wp-content\/uploads\/sites\/6\/2022\/06\/defesa-civil-6-300x300.png 300w, https:\/\/jundiai.sp.gov.br\/casa-civil\/wp-content\/uploads\/sites\/6\/2022\/06\/defesa-civil-6-100x100.png 100w\" sizes=\"auto, (max-width: 500px) 100vw, 500px\" \/><\/a><\/figure>\n<\/div>\n\n\n\n<div class=\"wp-block-column is-layout-flow wp-block-column-is-layout-flow\"><\/div>\n\n\n\n<div class=\"wp-block-column is-layout-flow wp-block-column-is-layout-flow\"><\/div>\n\n\n\n<div class=\"wp-block-column is-layout-flow wp-block-column-is-layout-flow\"><\/div>\n<\/div>\n\n\n\n<p><strong>Hist\u00f3ria<br><\/strong>A Coordenadoria Municipal de Prote\u00e7\u00e3o e Defesa Civil \u00e9 o \u00f3rg\u00e3o respons\u00e1vel pela tomada de medidas, sejam elas permanentes e preventivas, sejam de minimiza\u00e7\u00e3o dos efeitos de desastres naturais e de assist\u00eancia \u00e0 popula\u00e7\u00e3o atingida para proteg\u00ea-la dos riscos, minimizar as perdas e garantir a seguran\u00e7a f\u00edsica e moral.<\/p>\n\n\n\n<p><strong>Comiss\u00e3o Municipal de Defesa Civil<br><\/strong>A Comiss\u00e3o Municipal de Defesa Civil se constitui por um representante titular e um suplente de v\u00e1rias unidades de gest\u00e3o da Prefeitura de Jundia\u00ed, denominada For\u00e7a Tarefa Intersecretarial, institu\u00edda pelo\u00a0<a href=\"https:\/\/imprensaoficial.jundiai.sp.gov.br\/wp-content\/uploads\/2017\/03\/4252-03-03-2017-1.pdf\" target=\"_blank\" rel=\"noreferrer noopener\">Decreto 26.824, de 02 de mar\u00e7o de 2017 (ver p\u00e1ginas 19-27)<\/a>.<\/p>\n\n\n\n<p>Seu objetivo se d\u00e1 exclusivamente para atua\u00e7\u00e3o preventiva em casos de riscos decorrentes das chuvas t\u00edpicas do ver\u00e3o de cada ano, bem como para a execu\u00e7\u00e3o dos planos de a\u00e7\u00e3o em casos de urg\u00eancias e emerg\u00eancias em \u00e1reas de risco, em raz\u00e3o de desastres naturais, enchentes, alagamentos, entre outros eventos prejudiciais \u00e0 popula\u00e7\u00e3o.<\/p>\n\n\n\n<p>Comp\u00f5em a For\u00e7a Tarefa Intersecretarial, as seguintes Unidades de Gest\u00e3o: Casa Civil\/Defesa Civil; Esporte e Lazer; Planejamento Urbano e Meio Ambiente; Infraestrutura e Servi\u00e7os P\u00fablicos; Promo\u00e7\u00e3o da Sa\u00fade; Assist\u00eancia e Desenvolvimento Social; Inova\u00e7\u00e3o e Rela\u00e7\u00e3o com o Cidad\u00e3o; Seguran\u00e7a Municipal e&nbsp;<a href=\"https:\/\/gm.jundiai.sp.gov.br\/\" rel=\"noreferrer noopener\" target=\"_blank\">Guarda Municipal<\/a>; al\u00e9m de representantes da&nbsp;<a href=\"http:\/\/fumas.jundiai.sp.gov.br\/\" rel=\"noreferrer noopener\" target=\"_blank\">Funda\u00e7\u00e3o Municipal de A\u00e7\u00e3o Social (Fumas)<\/a>&nbsp;e da&nbsp;<a href=\"https:\/\/www.daejundiai.com.br\/\" rel=\"noreferrer noopener\" target=\"_blank\">DAE S\/A \u00c1gua e Esgoto<\/a>.&nbsp;<\/p>\n\n\n\n<h2 class=\"wp-block-heading\">Legisla\u00e7\u00e3o&nbsp;<\/h2>\n\n\n\n<ul class=\"wp-block-list\">\n<li><strong>Decretos e Leis Federais\u00a0<\/strong><br>Pol\u00edtica Nacional de Prote\u00e7\u00e3o e Defesa Civil \u2013\u00a0<a href=\"http:\/\/www.planalto.gov.br\/ccivil_03\/_Ato2011-2014\/2012\/Lei\/L12608.htm\" target=\"_blank\" rel=\"noreferrer noopener\">Lei n\u00ba 12.608 de 10\/04\/2012<\/a><\/li>\n\n\n\n<li><strong>Decretos e Leis Estaduais\u00a0<\/strong><br>Sistema Estadual de Prote\u00e7\u00e3o e Defesa Civil \u2013\u00a0<a href=\"https:\/\/www.al.sp.gov.br\/repositorio\/legislacao\/decreto\/2019\/decreto-64592-14.11.2019.html\" target=\"_blank\" rel=\"noreferrer noopener\">Decreto n\u00ba 64.592 de 14\/11\/2019<\/a><\/li>\n\n\n\n<li><a href=\"https:\/\/jundiai.sp.gov.br\/casa-civil\/legislacao-municipal\/\" target=\"_blank\" rel=\"noreferrer noopener\">Legisla\u00e7\u00e3o Municipal<\/a><\/li>\n\n\n\n<li>Decreto de cria\u00e7\u00e3o da Defesa Civil de Jundia\u00ed\u00a0 \u2013\u00a0<a href=\"https:\/\/jundiai.sp.gov.br\/casa-civil\/wp-content\/uploads\/sites\/6\/2022\/08\/decreto-criacao-defesa-civil-jundiai-n4388-77.pdf\" target=\"_blank\" rel=\"noreferrer noopener\">Decreto n\u00b04388 de 06\/06\/1977<\/a><\/li>\n\n\n\n<li>Decreto do Plano de Conting\u00eancia Chuvas de Ver\u00e3o 2023\/2024 \u2013\u00a0<a href=\"https:\/\/jundiai.sp.gov.br\/casa-civil\/wp-content\/uploads\/sites\/6\/2024\/03\/decreto-n-33-829-de-26-de-fevereiro-de-2024.pdf\" target=\"_blank\" rel=\"noreferrer noopener\">Decreto n\u00ba 33.829 de 26 de fevereiro de 2024<\/a><\/li>\n<\/ul>\n\n\n\n<h2 class=\"wp-block-heading\">Servi\u00e7os&nbsp;<\/h2>\n\n\n\n<ul class=\"wp-block-list\">\n<li><a href=\"https:\/\/jundiai.sp.gov.br\/casa-civil\/relatorios-tecnicos\/\"><a href=\"https:\/\/jundiai.sp.gov.br\/casa-civil\/relatorios-tecnicos\/\" target=\"_blank\" rel=\"noreferrer noopener\">Relat\u00f3rios T\u00e9cnicos<\/a><\/a><\/li>\n<\/ul>\n\n\n\n<h2 class=\"wp-block-heading\">Tabelas&nbsp;<\/h2>\n\n\n\n<ul class=\"wp-block-list\">\n<li><a href=\"https:\/\/jundiai.sp.gov.br\/casa-civil\/indices-pluviometricos-da-operacao-verao\/\">Tabela Hist\u00f3rica de \u00cdndices Pluviom\u00e9tricos<\/a><\/li>\n\n\n\n<li><a href=\"https:\/\/jundiai.sp.gov.br\/casa-civil\/tabela-historica-de-indices-de-vegetacao-e-queimada\/\">Tabela Hist\u00f3rica de \u00cdndices de Vegeta\u00e7\u00e3o e Queimada<\/a><\/li>\n<\/ul>\n\n\n\n<h2 class=\"wp-block-heading\">Boletins&nbsp;<\/h2>\n\n\n\n<ul class=\"wp-block-list\">\n<li><a href=\"https:\/\/jundiai.sp.gov.br\/casa-civil\/boletins-da-operacao-chuvas-de-verao\/\">Boletins da Opera\u00e7\u00e3o Chuvas Ver\u00e3o<\/a><\/li>\n\n\n\n<li><a href=\"https:\/\/jundiai.sp.gov.br\/casa-civil\/boletins-da-operacao-estiagem-2021\/\">Boletins da Opera\u00e7\u00e3o Estiagem<\/a><\/li>\n\n\n\n<li><a href=\"https:\/\/jundiai.sp.gov.br\/casa-civil\/boletim-operacao-noites-frias\/\">Boletins da Opera\u00e7\u00e3o Noites Frias<\/a><\/li>\n<\/ul>\n\n\n\n<h2 class=\"wp-block-heading\">Publica\u00e7\u00f5es<\/h2>\n\n\n\n<ul class=\"wp-block-list\">\n<li><strong><a href=\"https:\/\/jundiai.sp.gov.br\/noticias\/tag\/defesa-civil\/\">Leia as Not\u00edcias da Defesa Civil<\/a><\/strong><\/li>\n\n\n\n<li><strong style=\"font-size: revert; color: initial;\"><a href=\"https:\/\/jundiai.sp.gov.br\/casa-civil\/capacitacao-operacao-estiagem\/\">Capacita\u00e7\u00f5es<\/a><\/strong><\/li>\n<\/ul>\n\n\n\n<h2 class=\"wp-block-heading\">Links&nbsp;<\/h2>\n\n\n\n<p>Secretaria Nacional de Defesa Civil&nbsp;<\/p>\n\n\n\n<p>Defesa Civil do Estado do Estado de S\u00e3o Paulo&nbsp;<\/p>\n\n\n\n<h2 class=\"wp-block-heading\">Contato<\/h2>\n\n\n\n<p>Coordenadoria Municipal de Prote\u00e7\u00e3o e Defesa Civil<br>Coordenador:&nbsp;Jo\u00e3o Os\u00f3rio Gimenez Germano<\/p>\n\n\n\n<p>CIES \u2013 Centro Integrado de Emerg\u00eancia e Seguran\u00e7a<br>Endere\u00e7o: Av. Quatorze de Dezembro, 1800 \u2013 Vila Mafalda, Jundia\u00ed \u2013 SP, 13206-105<br>Hor\u00e1rio de Atendimento: de segunda a sexta-feira, das 8 horas \u00e0s 17 horas<br>Telefone: (11) 4589-0199<br>Emerg\u00eancia (plant\u00e3o 24 horas): 199<br>E-mail:&nbsp;<a href=\"mailto:defesacivil@jundiai.sp.gov.br\" target=\"_blank\" rel=\"noreferrer noopener\">defesacivil@jundiai.sp.gov.br<\/a><\/p>\n\n\n\n<p><\/p>\n","protected":false},"excerpt":{"rendered":"<p>Hist\u00f3riaA Coordenadoria Municipal de Prote\u00e7\u00e3o e Defesa Civil \u00e9 o \u00f3rg\u00e3o respons\u00e1vel pela tomada de medidas, sejam elas permanentes e preventivas, sejam de minimiza\u00e7\u00e3o dos efeitos de desastres naturais e de assist\u00eancia \u00e0 popula\u00e7\u00e3o atingida para proteg\u00ea-la dos riscos, minimizar as perdas e garantir a seguran\u00e7a f\u00edsica e moral. Comiss\u00e3o Municipal de Defesa CivilA Comiss\u00e3o [&hellip;]<\/p>\n","protected":false},"author":5,"featured_media":0,"parent":0,"menu_order":0,"comment_status":"closed","ping_status":"closed","template":"page-subpaginas.php","meta":{"footnotes":""},"class_list":["post-69","page","type-page","status-publish","hentry"],"_links":{"self":[{"href":"https:\/\/jundiai.sp.gov.br\/casa-civil\/wp-json\/wp\/v2\/pages\/69","targetHints":{"allow":["GET"]}}],"collection":[{"href":"https:\/\/jundiai.sp.gov.br\/casa-civil\/wp-json\/wp\/v2\/pages"}],"about":[{"href":"https:\/\/jundiai.sp.gov.br\/casa-civil\/wp-json\/wp\/v2\/types\/page"}],"author":[{"embeddable":true,"href":"https:\/\/jundiai.sp.gov.br\/casa-civil\/wp-json\/wp\/v2\/users\/5"}],"replies":[{"embeddable":true,"href":"https:\/\/jundiai.sp.gov.br\/casa-civil\/wp-json\/wp\/v2\/comments?post=69"}],"version-history":[{"count":67,"href":"https:\/\/jundiai.sp.gov.br\/casa-civil\/wp-json\/wp\/v2\/pages\/69\/revisions"}],"predecessor-version":[{"id":11954,"href":"https:\/\/jundiai.sp.gov.br\/casa-civil\/wp-json\/wp\/v2\/pages\/69\/revisions\/11954"}],"wp:attachment":[{"href":"https:\/\/jundiai.sp.gov.br\/casa-civil\/wp-json\/wp\/v2\/media?parent=69"}],"curies":[{"name":"wp","href":"https:\/\/api.w.org\/{rel}","templated":true}]}}