{"id":71,"date":"2014-08-18T17:14:13","date_gmt":"2014-08-18T20:14:13","guid":{"rendered":"https:\/\/jundiai.sp.gov.br\/casa-civil\/?page_id=71"},"modified":"2025-05-21T11:54:44","modified_gmt":"2025-05-21T14:54:44","slug":"departamento-de-expediente","status":"publish","type":"page","link":"https:\/\/jundiai.sp.gov.br\/casa-civil\/orgaos-vinculados\/departamento-de-expediente\/","title":{"rendered":"Departamento de Expediente"},"content":{"rendered":"<p>O Departamento de Expediente tem por atribui\u00e7\u00e3o o preparo dos atos oficiais (Decretos, Portarias) e demais documentos afetos \u00e0 Unidade de Gest\u00e3o da Casa Civil (UGCC) e ao Gabinete do Prefeito, sendo respons\u00e1vel pelo expediente administrativo, bem como pelo planejamento e execu\u00e7\u00e3o or\u00e7ament\u00e1ria destes \u00f3rg\u00e3os da Administra\u00e7\u00e3o Municipal.<\/p>\n<p>Coordenadora Executiva: Simone Zanotello de Oliveira \u2013 Telefone: 4589-8443<br \/>\nEndere\u00e7o: Av. da Liberdade, s\/n\u00ba &#8211; Pa\u00e7o Municipal \u2013 7\u00ba andar \u2013 ala sul<br \/>\nHor\u00e1rio de Atendimento: das 8h \u00e0s 18h<br \/>\nTelefone: (11) 4589-8429 \/ 8426 \/ 8411 \/ 8599 \/ 8995 \/ 8351<br \/>\nE-mail: <a href=\"mailto:ugcc-expediente@jundiai.sp.gov.br\">ugcc-expediente@jundiai.sp.gov.br<\/a> \u00a0<a href=\"mailto:casacivil@jundiai.sp.gov.br\">casacivil@jundiai.sp.gov.br<\/a><\/p>\n","protected":false},"excerpt":{"rendered":"<p>O Departamento de Expediente tem por atribui\u00e7\u00e3o o preparo dos atos oficiais (Decretos, Portarias) e demais documentos afetos \u00e0 Unidade de Gest\u00e3o da Casa Civil (UGCC) e ao Gabinete do Prefeito, sendo respons\u00e1vel pelo expediente administrativo, bem como pelo planejamento e execu\u00e7\u00e3o or\u00e7ament\u00e1ria destes \u00f3rg\u00e3os da Administra\u00e7\u00e3o Municipal. Coordenadora Executiva: Simone Zanotello de Oliveira \u2013 [&hellip;]<\/p>\n","protected":false},"author":5,"featured_media":0,"parent":65,"menu_order":0,"comment_status":"closed","ping_status":"closed","template":"","meta":{"footnotes":""},"class_list":["post-71","page","type-page","status-publish","hentry"],"_links":{"self":[{"href":"https:\/\/jundiai.sp.gov.br\/casa-civil\/wp-json\/wp\/v2\/pages\/71","targetHints":{"allow":["GET"]}}],"collection":[{"href":"https:\/\/jundiai.sp.gov.br\/casa-civil\/wp-json\/wp\/v2\/pages"}],"about":[{"href":"https:\/\/jundiai.sp.gov.br\/casa-civil\/wp-json\/wp\/v2\/types\/page"}],"author":[{"embeddable":true,"href":"https:\/\/jundiai.sp.gov.br\/casa-civil\/wp-json\/wp\/v2\/users\/5"}],"replies":[{"embeddable":true,"href":"https:\/\/jundiai.sp.gov.br\/casa-civil\/wp-json\/wp\/v2\/comments?post=71"}],"version-history":[{"count":5,"href":"https:\/\/jundiai.sp.gov.br\/casa-civil\/wp-json\/wp\/v2\/pages\/71\/revisions"}],"predecessor-version":[{"id":11390,"href":"https:\/\/jundiai.sp.gov.br\/casa-civil\/wp-json\/wp\/v2\/pages\/71\/revisions\/11390"}],"up":[{"embeddable":true,"href":"https:\/\/jundiai.sp.gov.br\/casa-civil\/wp-json\/wp\/v2\/pages\/65"}],"wp:attachment":[{"href":"https:\/\/jundiai.sp.gov.br\/casa-civil\/wp-json\/wp\/v2\/media?parent=71"}],"curies":[{"name":"wp","href":"https:\/\/api.w.org\/{rel}","templated":true}]}}